{"id":10002,"date":"2017-11-21T12:07:19","date_gmt":"2017-11-21T12:07:19","guid":{"rendered":"http:\/\/www.hegykozisuli.hu\/?page_id=10002"},"modified":"2019-10-15T07:40:19","modified_gmt":"2019-10-15T07:40:19","slug":"fuzer","status":"publish","type":"page","link":"https:\/\/www.hegykozisuli.hu\/?page_id=10002","title":{"rendered":"F\u00dcZ\u00c9R E-NAPL\u00d3"},"content":{"rendered":"<p><a href=\"https:\/\/klik201244003.e-kreta.hu\/Adminisztracio\/Login\">E-napl\u00f3<\/a><\/p>\n<p>&nbsp;<\/p>\n","protected":false},"excerpt":{"rendered":"<p>E-napl\u00f3 &nbsp;<\/p>\n","protected":false},"author":2,"featured_media":0,"parent":0,"menu_order":0,"comment_status":"closed","ping_status":"closed","template":"","meta":[],"_links":{"self":[{"href":"https:\/\/www.hegykozisuli.hu\/index.php?rest_route=\/wp\/v2\/pages\/10002"}],"collection":[{"href":"https:\/\/www.hegykozisuli.hu\/index.php?rest_route=\/wp\/v2\/pages"}],"about":[{"href":"https:\/\/www.hegykozisuli.hu\/index.php?rest_route=\/wp\/v2\/types\/page"}],"author":[{"embeddable":true,"href":"https:\/\/www.hegykozisuli.hu\/index.php?rest_route=\/wp\/v2\/users\/2"}],"replies":[{"embeddable":true,"href":"https:\/\/www.hegykozisuli.hu\/index.php?rest_route=%2Fwp%2Fv2%2Fcomments&post=10002"}],"version-history":[{"count":3,"href":"https:\/\/www.hegykozisuli.hu\/index.php?rest_route=\/wp\/v2\/pages\/10002\/revisions"}],"predecessor-version":[{"id":11656,"href":"https:\/\/www.hegykozisuli.hu\/index.php?rest_route=\/wp\/v2\/pages\/10002\/revisions\/11656"}],"wp:attachment":[{"href":"https:\/\/www.hegykozisuli.hu\/index.php?rest_route=%2Fwp%2Fv2%2Fmedia&parent=10002"}],"curies":[{"name":"wp","href":"https:\/\/api.w.org\/{rel}","templated":true}]}}