{"id":1106,"date":"2014-10-23T08:48:57","date_gmt":"2014-10-23T08:48:57","guid":{"rendered":"http:\/\/www.hegykozisuli.hu\/?page_id=1106"},"modified":"2014-10-27T12:50:50","modified_gmt":"2014-10-27T12:50:50","slug":"19801981-2","status":"publish","type":"page","link":"https:\/\/www.hegykozisuli.hu\/?page_id=1106","title":{"rendered":"1980\/1981"},"content":{"rendered":"<p style=\"text-align: center;\">8. a<\/p>\n<p style=\"text-align: center;\"><a href=\"https:\/\/www.hegykozisuli.hu\/wp-content\/uploads\/2014\/10\/1981_8a.jpg\"><img decoding=\"async\" loading=\"lazy\" class=\"aligncenter size-medium wp-image-1168\" src=\"https:\/\/www.hegykozisuli.hu\/wp-content\/uploads\/2014\/10\/1981_8a-300x202.jpg\" alt=\"1981_8a\" width=\"300\" height=\"202\" srcset=\"https:\/\/www.hegykozisuli.hu\/wp-content\/uploads\/2014\/10\/1981_8a-300x202.jpg 300w, https:\/\/www.hegykozisuli.hu\/wp-content\/uploads\/2014\/10\/1981_8a.jpg 1024w\" sizes=\"(max-width: 300px) 100vw, 300px\" \/><\/a><\/p>\n<p style=\"text-align: center;\">Igazgat\u00f3: Ig\u00f3 B\u00e9la<\/p>\n<p style=\"text-align: center;\">Oszt\u00e1lyf\u0151n\u00f6k: Orosz J\u00f3zsefn\u00e9<\/p>\n<p style=\"text-align: center;\">Behina Istv\u00e1n, Bodn\u00e1r Judit, Csendi Vilma, Dand\u00e1s Ibolya, Danyi Ildik\u00f3, Farkas Gy\u00f6rgyi,<br \/>\nHorny\u00e1k Istv\u00e1n, Ill\u00e9s Csilla, Kiss G\u00e9za, Kiss Lajos, Koncsol Zolt\u00e1n, Kov\u00e1cs Katalin,<br \/>\nLatka Tibor, Mak\u00f3 L\u00e1szl\u00f3, M\u00e1rku S\u00e1ndor, Mizs\u00e1k S\u00e1ndor, Moln\u00e1r Ern\u0151, Nagy Istv\u00e1n,<br \/>\nPal\u00e1sthy Enik\u0151, Pal\u00e1sthy Jen\u0151, R\u00e1cz S\u00e1ndor, Szab\u00f3 M\u00e1ria, Szab\u00f3 Piroska, Szegedi Bertalan,<br \/>\nSzegedi Katalin, Szuetta Katalin, Szuetta Gy\u00f6ngyi, T\u00f3th Ern\u0151, Zelencz Ir\u00e9n, Zsarnai J\u00f3zsef<\/p>\n<p style=\"text-align: center;\">8. b<\/p>\n<p style=\"text-align: center;\"><a href=\"https:\/\/www.hegykozisuli.hu\/wp-content\/uploads\/2014\/10\/1981_8b.jpg\"><img decoding=\"async\" loading=\"lazy\" class=\"aligncenter size-medium wp-image-1169\" src=\"https:\/\/www.hegykozisuli.hu\/wp-content\/uploads\/2014\/10\/1981_8b-300x196.jpg\" alt=\"1981_8b\" width=\"300\" height=\"196\" srcset=\"https:\/\/www.hegykozisuli.hu\/wp-content\/uploads\/2014\/10\/1981_8b-300x196.jpg 300w, https:\/\/www.hegykozisuli.hu\/wp-content\/uploads\/2014\/10\/1981_8b.jpg 1024w\" sizes=\"(max-width: 300px) 100vw, 300px\" \/><\/a><\/p>\n<p style=\"text-align: center;\">Igazgat\u00f3: Ig\u00f3 B\u00e9la<\/p>\n<p style=\"text-align: center;\">Oszt\u00e1lyf\u0151n\u00f6k: Balogh Zolt\u00e1n<\/p>\n<p style=\"text-align: center;\">Balla Val\u00e9ria, Bodn\u00e1r Magdolna, Drengub\u00e1k J\u00f3zsef, Esp\u00e1n Gyula, F\u00e1brik Istv\u00e1n, Gresk\u00f3 G\u00e1bor,<br \/>\nGuly\u00e1s G\u00e9za, Igler Krisztina, Ign\u00e1cz L\u00e1szl\u00f3, Ill\u00e9s Zsolt, Janovics Ildik\u00f3, Kajati Imre,<br \/>\nKeszthelyi M\u00e1ria, Kov\u00e1cs Ildik\u00f3, Kurtos B\u00e9la, Kurtos S\u00e1ndor, Kurtos Zsuzsanna,<br \/>\nMaczk\u00f3 Zsolt, Mahut J\u00f3zsef, Moln\u00e1r Judit, Olexa J\u00f3zsef, Petercs\u00e1k Petronella,<br \/>\nSolymosi Istv\u00e1n, Suhaj Andr\u00e1s, Suhaj M\u00e1ria, Sut\u00e1k Ibolya, Szem\u00e1n Dezs\u0151, Szem\u00e1n Jen\u0151<\/p>\n","protected":false},"excerpt":{"rendered":"<p>8. a Igazgat\u00f3: Ig\u00f3 B\u00e9la Oszt\u00e1lyf\u0151n\u00f6k: Orosz J\u00f3zsefn\u00e9 Behina Istv\u00e1n, Bodn\u00e1r Judit, Csendi Vilma, Dand\u00e1s Ibolya, Danyi Ildik\u00f3, Farkas Gy\u00f6rgyi,<span class=\"exprt-dot\">&#8230;<\/span><\/p>\n","protected":false},"author":2,"featured_media":0,"parent":0,"menu_order":0,"comment_status":"closed","ping_status":"closed","template":"","meta":[],"_links":{"self":[{"href":"https:\/\/www.hegykozisuli.hu\/index.php?rest_route=\/wp\/v2\/pages\/1106"}],"collection":[{"href":"https:\/\/www.hegykozisuli.hu\/index.php?rest_route=\/wp\/v2\/pages"}],"about":[{"href":"https:\/\/www.hegykozisuli.hu\/index.php?rest_route=\/wp\/v2\/types\/page"}],"author":[{"embeddable":true,"href":"https:\/\/www.hegykozisuli.hu\/index.php?rest_route=\/wp\/v2\/users\/2"}],"replies":[{"embeddable":true,"href":"https:\/\/www.hegykozisuli.hu\/index.php?rest_route=%2Fwp%2Fv2%2Fcomments&post=1106"}],"version-history":[{"count":9,"href":"https:\/\/www.hegykozisuli.hu\/index.php?rest_route=\/wp\/v2\/pages\/1106\/revisions"}],"predecessor-version":[{"id":1398,"href":"https:\/\/www.hegykozisuli.hu\/index.php?rest_route=\/wp\/v2\/pages\/1106\/revisions\/1398"}],"wp:attachment":[{"href":"https:\/\/www.hegykozisuli.hu\/index.php?rest_route=%2Fwp%2Fv2%2Fmedia&parent=1106"}],"curies":[{"name":"wp","href":"https:\/\/api.w.org\/{rel}","templated":true}]}}