{"id":1114,"date":"2014-10-23T08:49:50","date_gmt":"2014-10-23T08:49:50","guid":{"rendered":"http:\/\/www.hegykozisuli.hu\/?page_id=1114"},"modified":"2014-10-28T09:13:25","modified_gmt":"2014-10-28T09:13:25","slug":"19841985-2","status":"publish","type":"page","link":"https:\/\/www.hegykozisuli.hu\/?page_id=1114","title":{"rendered":"1984\/1985"},"content":{"rendered":"<p style=\"text-align: center;\">8. a<\/p>\n<p style=\"text-align: center;\"><a href=\"https:\/\/www.hegykozisuli.hu\/wp-content\/uploads\/2014\/10\/1985_8a.jpg\"><img decoding=\"async\" loading=\"lazy\" class=\"aligncenter size-medium wp-image-1186\" src=\"https:\/\/www.hegykozisuli.hu\/wp-content\/uploads\/2014\/10\/1985_8a-300x183.jpg\" alt=\"1985_8a\" width=\"300\" height=\"183\" srcset=\"https:\/\/www.hegykozisuli.hu\/wp-content\/uploads\/2014\/10\/1985_8a-300x183.jpg 300w, https:\/\/www.hegykozisuli.hu\/wp-content\/uploads\/2014\/10\/1985_8a.jpg 1024w\" sizes=\"(max-width: 300px) 100vw, 300px\" \/><\/a><\/p>\n<p style=\"text-align: center;\">Igazgat\u00f3: Ig\u00f3 B\u00e9la<\/p>\n<p style=\"text-align: center;\">Oszt\u00e1lyf\u0151n\u00f6k: Jord\u00e1n P\u00e1ln\u00e9<\/p>\n<p style=\"text-align: center;\">Bal\u00e1zs L\u00e1szl\u00f3, Bodn\u00e1r Edit, Csendi, J\u00f3zsef, Emri Attila, F\u00fader Ildik\u00f3, Juh\u00e1sz Attila,<br \/>\nKiss\u00a0Istv\u00e1n, Kurtos J\u00f3zsef, Maczk\u00f3 Gy\u00f6rgy, Mezei\u00a0Marianna, Nagy Andrea,<br \/>\nNov\u00e1k Ildik\u00f3, Nov\u00e1k J\u00f3zsef, Orehovszky P\u00e9ter, Palotai Ang\u00e9la, Petercs\u00e1k Szilvia,<br \/>\nSuszter Zsuzsanna, Szem\u00e1n Krisztina, Szombati J\u00e1nos, Terj\u00e9k Zsolt,<\/p>\n<p style=\"text-align: center;\">8. b<\/p>\n<p style=\"text-align: center;\"><a href=\"https:\/\/www.hegykozisuli.hu\/wp-content\/uploads\/2014\/10\/1985_8b.jpg\"><img decoding=\"async\" loading=\"lazy\" class=\"aligncenter size-medium wp-image-1187\" src=\"https:\/\/www.hegykozisuli.hu\/wp-content\/uploads\/2014\/10\/1985_8b-300x184.jpg\" alt=\"1985_8b\" width=\"300\" height=\"184\" srcset=\"https:\/\/www.hegykozisuli.hu\/wp-content\/uploads\/2014\/10\/1985_8b-300x184.jpg 300w, https:\/\/www.hegykozisuli.hu\/wp-content\/uploads\/2014\/10\/1985_8b.jpg 1024w\" sizes=\"(max-width: 300px) 100vw, 300px\" \/><\/a><\/p>\n<p style=\"text-align: center;\">\u00a0Igazgat\u00f3: Ig\u00f3 B\u00e9la<\/p>\n<p style=\"text-align: center;\">Oszt\u00e1lyf\u0151n\u00f6k: Balogh Zolt\u00e1nn\u00e9<\/p>\n<p style=\"text-align: center;\">Bodn\u00e1r Csaba, Bodn\u00e1r Gabriella, Csendi Bertaln, Doma S\u00e1ndor, Esp\u00e1n Istv\u00e1n,<br \/>\nHmelyovszki Zsuzsanna, Ign\u00e1cz Magdolna, Kassai Katalin, Poly\u00e1k Erzs\u00e9bet, R\u00e1cz Anna,<br \/>\nRepka P\u00e1l, Repka Zsolt, Szab\u00f3 Ern\u0151, Szem\u00e1n N\u00e1ndor, Tomk\u00f3 Gy\u00f6rgyi,<br \/>\nTurcs\u00e1k Jol\u00e1n, Ungi J\u00e1nos, Zsiga Szil\u00e1rd<\/p>\n","protected":false},"excerpt":{"rendered":"<p>8. a Igazgat\u00f3: Ig\u00f3 B\u00e9la Oszt\u00e1lyf\u0151n\u00f6k: Jord\u00e1n P\u00e1ln\u00e9 Bal\u00e1zs L\u00e1szl\u00f3, Bodn\u00e1r Edit, Csendi, J\u00f3zsef, Emri Attila, F\u00fader Ildik\u00f3, Juh\u00e1sz Attila,<span class=\"exprt-dot\">&#8230;<\/span><\/p>\n","protected":false},"author":2,"featured_media":0,"parent":0,"menu_order":0,"comment_status":"closed","ping_status":"closed","template":"","meta":[],"_links":{"self":[{"href":"https:\/\/www.hegykozisuli.hu\/index.php?rest_route=\/wp\/v2\/pages\/1114"}],"collection":[{"href":"https:\/\/www.hegykozisuli.hu\/index.php?rest_route=\/wp\/v2\/pages"}],"about":[{"href":"https:\/\/www.hegykozisuli.hu\/index.php?rest_route=\/wp\/v2\/types\/page"}],"author":[{"embeddable":true,"href":"https:\/\/www.hegykozisuli.hu\/index.php?rest_route=\/wp\/v2\/users\/2"}],"replies":[{"embeddable":true,"href":"https:\/\/www.hegykozisuli.hu\/index.php?rest_route=%2Fwp%2Fv2%2Fcomments&post=1114"}],"version-history":[{"count":8,"href":"https:\/\/www.hegykozisuli.hu\/index.php?rest_route=\/wp\/v2\/pages\/1114\/revisions"}],"predecessor-version":[{"id":1409,"href":"https:\/\/www.hegykozisuli.hu\/index.php?rest_route=\/wp\/v2\/pages\/1114\/revisions\/1409"}],"wp:attachment":[{"href":"https:\/\/www.hegykozisuli.hu\/index.php?rest_route=%2Fwp%2Fv2%2Fmedia&parent=1114"}],"curies":[{"name":"wp","href":"https:\/\/api.w.org\/{rel}","templated":true}]}}