{"id":1124,"date":"2014-10-23T08:50:56","date_gmt":"2014-10-23T08:50:56","guid":{"rendered":"http:\/\/www.hegykozisuli.hu\/?page_id=1124"},"modified":"2014-11-11T04:28:54","modified_gmt":"2014-11-11T04:28:54","slug":"19891990-2","status":"publish","type":"page","link":"https:\/\/www.hegykozisuli.hu\/?page_id=1124","title":{"rendered":"1989\/1990"},"content":{"rendered":"<p style=\"text-align: center;\">8. a<\/p>\n<p style=\"text-align: center;\"><a href=\"https:\/\/www.hegykozisuli.hu\/wp-content\/uploads\/2014\/10\/1990_8a_j\u00f3.jpg\"><img decoding=\"async\" loading=\"lazy\" class=\"aligncenter size-medium wp-image-1628\" src=\"https:\/\/www.hegykozisuli.hu\/wp-content\/uploads\/2014\/10\/1990_8a_j\u00f3-300x195.jpg\" alt=\"1990_8a_j\u00f3\" width=\"300\" height=\"195\" srcset=\"https:\/\/www.hegykozisuli.hu\/wp-content\/uploads\/2014\/10\/1990_8a_j\u00f3-300x195.jpg 300w, https:\/\/www.hegykozisuli.hu\/wp-content\/uploads\/2014\/10\/1990_8a_j\u00f3-1024x665.jpg 1024w, https:\/\/www.hegykozisuli.hu\/wp-content\/uploads\/2014\/10\/1990_8a_j\u00f3.jpg 1727w\" sizes=\"(max-width: 300px) 100vw, 300px\" \/><\/a><\/p>\n<p style=\"text-align: center;\">Igazgat\u00f3: Szalontai Mikl\u00f3s<\/p>\n<p style=\"text-align: center;\">Igazgat\u00f3 helyettes: Orosz J\u00f3zsef<\/p>\n<p style=\"text-align: center;\">Oszt\u00e1lyf\u0151n\u00f6k: Jord\u00e1n P\u00e1l\u00e9<\/p>\n<p style=\"text-align: center;\">Bereczki Anita, Dank\u00f3 Nikoletta, Jatkovics Be\u00e1ta, Kassai Csaba, Kelemen Edina, Kov\u00e1cs Ildik\u00f3,<br \/>\nKov\u00e1cs Marianna, Lontay Be\u00e1ta, Mizs\u00e1k Anita, Novratil Veronika, Papp Attila, P\u00e1link\u00e1s M\u00f3nika,<br \/>\nRepka Andrea, T\u00f3th Kriszti\u00e1n, T\u00f3thbegyi L\u00e1szl\u00f3, Zsiga Mikl\u00f3s, Zs\u00edros Attila<\/p>\n<p style=\"text-align: center;\">8. b<\/p>\n<p style=\"text-align: center;\"><a href=\"https:\/\/www.hegykozisuli.hu\/wp-content\/uploads\/2014\/10\/1990_8b_j\u00f3.jpg\"><img decoding=\"async\" loading=\"lazy\" class=\"aligncenter size-medium wp-image-1654\" src=\"https:\/\/www.hegykozisuli.hu\/wp-content\/uploads\/2014\/10\/1990_8b_j\u00f3-300x195.jpg\" alt=\"1990_8b_j\u00f3\" width=\"300\" height=\"195\" srcset=\"https:\/\/www.hegykozisuli.hu\/wp-content\/uploads\/2014\/10\/1990_8b_j\u00f3-300x195.jpg 300w, https:\/\/www.hegykozisuli.hu\/wp-content\/uploads\/2014\/10\/1990_8b_j\u00f3-1024x665.jpg 1024w, https:\/\/www.hegykozisuli.hu\/wp-content\/uploads\/2014\/10\/1990_8b_j\u00f3.jpg 1743w\" sizes=\"(max-width: 300px) 100vw, 300px\" \/><\/a><\/p>\n<p style=\"text-align: center;\">Igazgat\u00f3: Szalontai Mikl\u00f3s<\/p>\n<p style=\"text-align: center;\">Igazgat\u00f3 helyettes: Orosz J\u00f3zsef<\/p>\n<p style=\"text-align: center;\">Oszt\u00e1lyf\u0151n\u00f6k: T\u00f3th Andr\u00e1sn\u00e9<\/p>\n<p style=\"text-align: center;\">Berki Marianna, Burek Attila, Demk\u00f3 Rita, F\u00fader Zolt\u00e1n, G\u00e9czi D\u00f3ra, Hmelyovszki L\u00e1szl\u00f3,<br \/>\nHogya Ildik\u00f3, J\u00e1rdi S\u00e1ndor, J\u00e1rdi Zsuzsanna, Kov\u00e1cs Henriette, Kov\u00e1cs Zolt\u00e1n, Latka Andrea,<br \/>\nOlexa Erzs\u00e9bet, Pallai Judit, R\u00e1cz J\u00f3zsef, Sompataki Szilvia, Tak\u00e1cs Zsolt<\/p>\n","protected":false},"excerpt":{"rendered":"<p>8. a Igazgat\u00f3: Szalontai Mikl\u00f3s Igazgat\u00f3 helyettes: Orosz J\u00f3zsef Oszt\u00e1lyf\u0151n\u00f6k: Jord\u00e1n P\u00e1l\u00e9 Bereczki Anita, Dank\u00f3 Nikoletta, Jatkovics Be\u00e1ta, Kassai Csaba,<span class=\"exprt-dot\">&#8230;<\/span><\/p>\n","protected":false},"author":2,"featured_media":0,"parent":0,"menu_order":0,"comment_status":"closed","ping_status":"closed","template":"","meta":[],"_links":{"self":[{"href":"https:\/\/www.hegykozisuli.hu\/index.php?rest_route=\/wp\/v2\/pages\/1124"}],"collection":[{"href":"https:\/\/www.hegykozisuli.hu\/index.php?rest_route=\/wp\/v2\/pages"}],"about":[{"href":"https:\/\/www.hegykozisuli.hu\/index.php?rest_route=\/wp\/v2\/types\/page"}],"author":[{"embeddable":true,"href":"https:\/\/www.hegykozisuli.hu\/index.php?rest_route=\/wp\/v2\/users\/2"}],"replies":[{"embeddable":true,"href":"https:\/\/www.hegykozisuli.hu\/index.php?rest_route=%2Fwp%2Fv2%2Fcomments&post=1124"}],"version-history":[{"count":14,"href":"https:\/\/www.hegykozisuli.hu\/index.php?rest_route=\/wp\/v2\/pages\/1124\/revisions"}],"predecessor-version":[{"id":1714,"href":"https:\/\/www.hegykozisuli.hu\/index.php?rest_route=\/wp\/v2\/pages\/1124\/revisions\/1714"}],"wp:attachment":[{"href":"https:\/\/www.hegykozisuli.hu\/index.php?rest_route=%2Fwp%2Fv2%2Fmedia&parent=1124"}],"curies":[{"name":"wp","href":"https:\/\/api.w.org\/{rel}","templated":true}]}}