{"id":1152,"date":"2014-10-23T08:56:20","date_gmt":"2014-10-23T08:56:20","guid":{"rendered":"http:\/\/www.hegykozisuli.hu\/?page_id=1152"},"modified":"2014-11-06T12:05:37","modified_gmt":"2014-11-06T12:05:37","slug":"19981999-2","status":"publish","type":"page","link":"https:\/\/www.hegykozisuli.hu\/?page_id=1152","title":{"rendered":"1998\/1999"},"content":{"rendered":"<p style=\"text-align: center;\">8. a<\/p>\n<p style=\"text-align: center;\"><a href=\"https:\/\/www.hegykozisuli.hu\/wp-content\/uploads\/2014\/10\/1999_8.a_j\u00f3.jpg\"><img decoding=\"async\" loading=\"lazy\" class=\"aligncenter size-medium wp-image-1605\" src=\"https:\/\/www.hegykozisuli.hu\/wp-content\/uploads\/2014\/10\/1999_8.a_j\u00f3-300x191.jpg\" alt=\"1999_8.a_j\u00f3\" width=\"300\" height=\"191\" srcset=\"https:\/\/www.hegykozisuli.hu\/wp-content\/uploads\/2014\/10\/1999_8.a_j\u00f3-300x191.jpg 300w, https:\/\/www.hegykozisuli.hu\/wp-content\/uploads\/2014\/10\/1999_8.a_j\u00f3-1024x654.jpg 1024w, https:\/\/www.hegykozisuli.hu\/wp-content\/uploads\/2014\/10\/1999_8.a_j\u00f3.jpg 1489w\" sizes=\"(max-width: 300px) 100vw, 300px\" \/><\/a><\/p>\n<p style=\"text-align: center;\">\n<p style=\"text-align: center;\">Igazgat\u00f3: Szalontai Mikl\u00f3s<\/p>\n<p style=\"text-align: center;\">Igazgat\u00f3 helyettes: Orosz J\u00f3zsef<\/p>\n<p style=\"text-align: center;\">Oszt\u00e1lyf\u0151n\u00f6k: Szab\u00f3n\u00e9 Fisser \u00c1gnes<\/p>\n<p style=\"text-align: center;\">Angyal Tam\u00e1s, Begala Tam\u00e1s, Bilku P\u00e9ter, Bodn\u00e1r Enik\u0151, Brun\u00e1czki L\u00e1szl\u00f3, K\u00f3r\u00f3 Andr\u00e1s,<br \/>\nK\u00f6d\u00f6b\u00f6cz Nikoletta, Lak\u00f3 Roland, N\u00e9met Csaba, Nov\u00e1k Gergely, Nov\u00e1k Ren\u00e1ta, R\u00e1cz S\u00e1ndor,<br \/>\nRepka Katalin, Repka Norbert, S\u00e1ndor Erika, Szuetta Istv\u00e1n, T\u00f3th Vikt\u00f3ria<\/p>\n<p style=\"text-align: center;\">8. b<\/p>\n<p style=\"text-align: center;\"><a href=\"https:\/\/www.hegykozisuli.hu\/wp-content\/uploads\/2014\/10\/1999_8.b_j\u00f3.jpg\"><img decoding=\"async\" loading=\"lazy\" class=\"aligncenter size-medium wp-image-1606\" src=\"https:\/\/www.hegykozisuli.hu\/wp-content\/uploads\/2014\/10\/1999_8.b_j\u00f3-300x186.jpg\" alt=\"1999_8.b_j\u00f3\" width=\"300\" height=\"186\" srcset=\"https:\/\/www.hegykozisuli.hu\/wp-content\/uploads\/2014\/10\/1999_8.b_j\u00f3-300x186.jpg 300w, https:\/\/www.hegykozisuli.hu\/wp-content\/uploads\/2014\/10\/1999_8.b_j\u00f3-1024x635.jpg 1024w, https:\/\/www.hegykozisuli.hu\/wp-content\/uploads\/2014\/10\/1999_8.b_j\u00f3.jpg 1500w\" sizes=\"(max-width: 300px) 100vw, 300px\" \/><\/a><\/p>\n<p style=\"text-align: center;\">\n<p style=\"text-align: center;\">Igazgat\u00f3: Szalontai Mikl\u00f3s<\/p>\n<p style=\"text-align: center;\">Igazgat\u00f3 helyettes: Orosz J\u00f3zsef<\/p>\n<p style=\"text-align: center;\">Oszt\u00e1lyf\u0151n\u00f6k: Lupt\u00e1k L\u00e1szl\u00f3n\u00e9<\/p>\n<p style=\"text-align: center;\">Albert Tam\u00e1s, Bacs\u00f3 S\u00e1ndor, Bacs\u00f3 Veronika, Csendi J\u00e1nos, \u00c9les L\u00e1szl\u00f3, Fisser Erika,<br \/>\nGalyas Tam\u00e1s, Hanuder Judit, Keskeny Barbara, Makula Linda, Makula Zsolt,<br \/>\nM\u00e1t\u00e9 Kriszti\u00e1n, Schiszler M\u00f3nika, Suhaj Imre, T\u00f3th Ren\u00e1ta, Zsarnai Emese<\/p>\n","protected":false},"excerpt":{"rendered":"<p>8. a Igazgat\u00f3: Szalontai Mikl\u00f3s Igazgat\u00f3 helyettes: Orosz J\u00f3zsef Oszt\u00e1lyf\u0151n\u00f6k: Szab\u00f3n\u00e9 Fisser \u00c1gnes Angyal Tam\u00e1s, Begala Tam\u00e1s, Bilku P\u00e9ter, Bodn\u00e1r<span class=\"exprt-dot\">&#8230;<\/span><\/p>\n","protected":false},"author":2,"featured_media":0,"parent":0,"menu_order":0,"comment_status":"closed","ping_status":"closed","template":"","meta":[],"_links":{"self":[{"href":"https:\/\/www.hegykozisuli.hu\/index.php?rest_route=\/wp\/v2\/pages\/1152"}],"collection":[{"href":"https:\/\/www.hegykozisuli.hu\/index.php?rest_route=\/wp\/v2\/pages"}],"about":[{"href":"https:\/\/www.hegykozisuli.hu\/index.php?rest_route=\/wp\/v2\/types\/page"}],"author":[{"embeddable":true,"href":"https:\/\/www.hegykozisuli.hu\/index.php?rest_route=\/wp\/v2\/users\/2"}],"replies":[{"embeddable":true,"href":"https:\/\/www.hegykozisuli.hu\/index.php?rest_route=%2Fwp%2Fv2%2Fcomments&post=1152"}],"version-history":[{"count":8,"href":"https:\/\/www.hegykozisuli.hu\/index.php?rest_route=\/wp\/v2\/pages\/1152\/revisions"}],"predecessor-version":[{"id":1607,"href":"https:\/\/www.hegykozisuli.hu\/index.php?rest_route=\/wp\/v2\/pages\/1152\/revisions\/1607"}],"wp:attachment":[{"href":"https:\/\/www.hegykozisuli.hu\/index.php?rest_route=%2Fwp%2Fv2%2Fmedia&parent=1152"}],"curies":[{"name":"wp","href":"https:\/\/api.w.org\/{rel}","templated":true}]}}