{"id":12438,"date":"2021-09-17T08:07:38","date_gmt":"2021-09-17T08:07:38","guid":{"rendered":"http:\/\/www.hegykozisuli.hu\/?page_id=12438"},"modified":"2021-09-21T06:36:40","modified_gmt":"2021-09-21T06:36:40","slug":"2020-2021","status":"publish","type":"page","link":"https:\/\/www.hegykozisuli.hu\/?page_id=12438","title":{"rendered":"2020-2021"},"content":{"rendered":"<p>Elballagtak a nyolcadikosok.<\/p>\n<p>8. a<\/p>\n<p><a href=\"https:\/\/www.hegykozisuli.hu\/wp-content\/uploads\/2021\/09\/8A-2.jpg\"><img decoding=\"async\" loading=\"lazy\" class=\"aligncenter size-medium wp-image-12445\" src=\"https:\/\/www.hegykozisuli.hu\/wp-content\/uploads\/2021\/09\/8A-2-300x200.jpg\" alt=\"8A 2\" width=\"300\" height=\"200\" srcset=\"https:\/\/www.hegykozisuli.hu\/wp-content\/uploads\/2021\/09\/8A-2-300x200.jpg 300w, https:\/\/www.hegykozisuli.hu\/wp-content\/uploads\/2021\/09\/8A-2-1024x682.jpg 1024w\" sizes=\"(max-width: 300px) 100vw, 300px\" \/><\/a><\/p>\n<p>&nbsp;<\/p>\n<p style=\"text-align: center;\">Szab\u00f3 Mirella, Kalocsai Erik, Zsiga Mirjam, Galyas Veronika, Csendi Magdolna, Siv\u00e1k Csaba, Tihi Zsuzsanna, Zsiga Stef\u00e1nia, Tirp\u00e1k Bogl\u00e1rka, Bert\u00f3k Meliton, L\u00e1z\u00f3k Zs\u00f3fia, Kov\u00e1cs Aura<\/p>\n<p style=\"text-align: center;\">Bal\u00e1zs \u00c1bel, Gyarmati Bianka, Kov\u00e1cs Barnab\u00e1s tag. int. vez,, Horv\u00e1th Zolt\u00e1n int. vez., S\u00e1pin\u00e9 Trembuly\u00e1k T\u00fcnde int. vez. h., Horv\u00e1th Zolt\u00e1n ofi, Hadari B\u00e1lint, Besztercei Dorina, Csuk\u00e1rdi Gerg\u0151<\/p>\n<p>&nbsp;<\/p>\n<p>&nbsp;<\/p>\n<p>8. b<\/p>\n<p><a href=\"https:\/\/www.hegykozisuli.hu\/wp-content\/uploads\/2021\/09\/8b-2.jpg\"><img decoding=\"async\" loading=\"lazy\" class=\"aligncenter size-medium wp-image-12446\" src=\"https:\/\/www.hegykozisuli.hu\/wp-content\/uploads\/2021\/09\/8b-2-300x200.jpg\" alt=\"8b 2\" width=\"300\" height=\"200\" srcset=\"https:\/\/www.hegykozisuli.hu\/wp-content\/uploads\/2021\/09\/8b-2-300x200.jpg 300w, https:\/\/www.hegykozisuli.hu\/wp-content\/uploads\/2021\/09\/8b-2-1024x682.jpg 1024w\" sizes=\"(max-width: 300px) 100vw, 300px\" \/><\/a><\/p>\n<p>Csizm\u00e1r Bal\u00e1zs, Kubik Roland, Lakatos Brendon Levente, Kov\u00e1cs D\u00e1niel, Kol L\u00e1szl\u00f3, Szab\u00f3 D\u00e1niel, B\u00faza \u00c1d\u00e1m, Barany\u00e1k G\u00e1bor,<\/p>\n<p style=\"text-align: center;\">K\u00f3r\u00f3 Zsolt, P\u00e1rtai L\u00edvia, Kov\u00e1cs Barnab\u00e1s tag. int. vez., Lupt\u00e1k L\u00e1szl\u00f3n\u00e9 ofi, S\u00e1pin\u00e9 Trembuly\u00e1k T\u00fcnde intvez. h.,<\/p>\n<p style=\"text-align: center;\">Horv\u00e1th Zolt\u00e1n int. vez., Bencze Leila, Guly\u00e1s M\u00e1t\u00e9<\/p>\n","protected":false},"excerpt":{"rendered":"<p>Elballagtak a nyolcadikosok. 8. a &nbsp; Szab\u00f3 Mirella, Kalocsai Erik, Zsiga Mirjam, Galyas Veronika, Csendi Magdolna, Siv\u00e1k Csaba, Tihi Zsuzsanna,<span class=\"exprt-dot\">&#8230;<\/span><\/p>\n","protected":false},"author":2,"featured_media":0,"parent":0,"menu_order":0,"comment_status":"closed","ping_status":"closed","template":"","meta":[],"_links":{"self":[{"href":"https:\/\/www.hegykozisuli.hu\/index.php?rest_route=\/wp\/v2\/pages\/12438"}],"collection":[{"href":"https:\/\/www.hegykozisuli.hu\/index.php?rest_route=\/wp\/v2\/pages"}],"about":[{"href":"https:\/\/www.hegykozisuli.hu\/index.php?rest_route=\/wp\/v2\/types\/page"}],"author":[{"embeddable":true,"href":"https:\/\/www.hegykozisuli.hu\/index.php?rest_route=\/wp\/v2\/users\/2"}],"replies":[{"embeddable":true,"href":"https:\/\/www.hegykozisuli.hu\/index.php?rest_route=%2Fwp%2Fv2%2Fcomments&post=12438"}],"version-history":[{"count":5,"href":"https:\/\/www.hegykozisuli.hu\/index.php?rest_route=\/wp\/v2\/pages\/12438\/revisions"}],"predecessor-version":[{"id":12554,"href":"https:\/\/www.hegykozisuli.hu\/index.php?rest_route=\/wp\/v2\/pages\/12438\/revisions\/12554"}],"wp:attachment":[{"href":"https:\/\/www.hegykozisuli.hu\/index.php?rest_route=%2Fwp%2Fv2%2Fmedia&parent=12438"}],"curies":[{"name":"wp","href":"https:\/\/api.w.org\/{rel}","templated":true}]}}