{"id":2871,"date":"2015-11-10T12:06:06","date_gmt":"2015-11-10T12:06:06","guid":{"rendered":"http:\/\/www.hegykozisuli.hu\/?page_id=2871"},"modified":"2015-11-17T07:19:23","modified_gmt":"2015-11-17T07:19:23","slug":"angol-nyelv","status":"publish","type":"page","link":"https:\/\/www.hegykozisuli.hu\/?page_id=2871","title":{"rendered":"Angol nyelv"},"content":{"rendered":"<p style=\"text-align: center;\">Hasznos \u00e9s \u00e9rdekes linkek, seg\u00e9danyagok<\/p>\n<p><a href=\"https:\/\/portal.nkp.hu\/Search?subjectId=19\" target=\"_blank\">Nemzeti K\u00f6znevel\u00e9si Port\u00e1l &#8211; idegen nyelv<\/a><\/p>\n","protected":false},"excerpt":{"rendered":"<p>Hasznos \u00e9s \u00e9rdekes linkek, seg\u00e9danyagok Nemzeti K\u00f6znevel\u00e9si Port\u00e1l &#8211; idegen nyelv<\/p>\n","protected":false},"author":2,"featured_media":0,"parent":0,"menu_order":0,"comment_status":"closed","ping_status":"closed","template":"","meta":[],"_links":{"self":[{"href":"https:\/\/www.hegykozisuli.hu\/index.php?rest_route=\/wp\/v2\/pages\/2871"}],"collection":[{"href":"https:\/\/www.hegykozisuli.hu\/index.php?rest_route=\/wp\/v2\/pages"}],"about":[{"href":"https:\/\/www.hegykozisuli.hu\/index.php?rest_route=\/wp\/v2\/types\/page"}],"author":[{"embeddable":true,"href":"https:\/\/www.hegykozisuli.hu\/index.php?rest_route=\/wp\/v2\/users\/2"}],"replies":[{"embeddable":true,"href":"https:\/\/www.hegykozisuli.hu\/index.php?rest_route=%2Fwp%2Fv2%2Fcomments&post=2871"}],"version-history":[{"count":5,"href":"https:\/\/www.hegykozisuli.hu\/index.php?rest_route=\/wp\/v2\/pages\/2871\/revisions"}],"predecessor-version":[{"id":3052,"href":"https:\/\/www.hegykozisuli.hu\/index.php?rest_route=\/wp\/v2\/pages\/2871\/revisions\/3052"}],"wp:attachment":[{"href":"https:\/\/www.hegykozisuli.hu\/index.php?rest_route=%2Fwp%2Fv2%2Fmedia&parent=2871"}],"curies":[{"name":"wp","href":"https:\/\/api.w.org\/{rel}","templated":true}]}}