{"id":2874,"date":"2015-11-10T12:07:42","date_gmt":"2015-11-10T12:07:42","guid":{"rendered":"http:\/\/www.hegykozisuli.hu\/?page_id=2874"},"modified":"2015-11-17T07:19:48","modified_gmt":"2015-11-17T07:19:48","slug":"biologia-es-egeszsegtan","status":"publish","type":"page","link":"https:\/\/www.hegykozisuli.hu\/?page_id=2874","title":{"rendered":"Biol\u00f3gia \u00e9s eg\u00e9szs\u00e9gtan"},"content":{"rendered":"<p style=\"text-align: center;\">Hasznos \u00e9s \u00e9rdekes linkek, seg\u00e9danyagok<\/p>\n<p><a href=\"https:\/\/portal.nkp.hu\/Search?subjectId=1\" target=\"_blank\">Nemzeti K\u00f6znevel\u00e9si Port\u00e1l- biol\u00f3gia<\/a><\/p>\n<p><a href=\"http:\/\/etananyag.ofi.hu\/tantargyak\/biologia\" target=\"_blank\">OFI e-tananyag &#8211; biol\u00f3gia<\/a><\/p>\n<p><a href=\"http:\/\/tudasbazis.sulinet.hu\/hu\/termeszettudomanyok\/biologia\" target=\"_blank\">Sulinet Digit\u00e1lis Tud\u00e1sb\u00e1zis &#8211; biol\u00f3gia<\/a><\/p>\n<p><a href=\"http:\/\/tudasbazis.sulinet.hu\/hu\/termeszettudomanyok\/az-egeszseges-eletmod\/az-egeszseges-eletmod\/az-ember-szervezete\" target=\"_blank\">Sulinet Digit\u00e1lis Tud\u00e1sb\u00e1zis &#8211; az ember szervezete<\/a><\/p>\n<p><a href=\"http:\/\/tudasbazis.sulinet.hu\/hu\/termeszettudomanyok\/az-egeszseges-eletmod\" target=\"_blank\">Sulinet Digit\u00e1lis Tud\u00e1sb\u00e1zis &#8211; eg\u00e9szs\u00e9ges \u00e9letm\u00f3d<\/a><\/p>\n","protected":false},"excerpt":{"rendered":"<p>Hasznos \u00e9s \u00e9rdekes linkek, seg\u00e9danyagok Nemzeti K\u00f6znevel\u00e9si Port\u00e1l- biol\u00f3gia OFI e-tananyag &#8211; biol\u00f3gia Sulinet Digit\u00e1lis Tud\u00e1sb\u00e1zis &#8211; biol\u00f3gia Sulinet Digit\u00e1lis<span class=\"exprt-dot\">&#8230;<\/span><\/p>\n","protected":false},"author":2,"featured_media":0,"parent":0,"menu_order":0,"comment_status":"closed","ping_status":"closed","template":"","meta":[],"_links":{"self":[{"href":"https:\/\/www.hegykozisuli.hu\/index.php?rest_route=\/wp\/v2\/pages\/2874"}],"collection":[{"href":"https:\/\/www.hegykozisuli.hu\/index.php?rest_route=\/wp\/v2\/pages"}],"about":[{"href":"https:\/\/www.hegykozisuli.hu\/index.php?rest_route=\/wp\/v2\/types\/page"}],"author":[{"embeddable":true,"href":"https:\/\/www.hegykozisuli.hu\/index.php?rest_route=\/wp\/v2\/users\/2"}],"replies":[{"embeddable":true,"href":"https:\/\/www.hegykozisuli.hu\/index.php?rest_route=%2Fwp%2Fv2%2Fcomments&post=2874"}],"version-history":[{"count":5,"href":"https:\/\/www.hegykozisuli.hu\/index.php?rest_route=\/wp\/v2\/pages\/2874\/revisions"}],"predecessor-version":[{"id":3053,"href":"https:\/\/www.hegykozisuli.hu\/index.php?rest_route=\/wp\/v2\/pages\/2874\/revisions\/3053"}],"wp:attachment":[{"href":"https:\/\/www.hegykozisuli.hu\/index.php?rest_route=%2Fwp%2Fv2%2Fmedia&parent=2874"}],"curies":[{"name":"wp","href":"https:\/\/api.w.org\/{rel}","templated":true}]}}