{"id":2880,"date":"2015-11-10T12:12:18","date_gmt":"2015-11-10T12:12:18","guid":{"rendered":"http:\/\/www.hegykozisuli.hu\/?page_id=2880"},"modified":"2015-11-17T07:21:52","modified_gmt":"2015-11-17T07:21:52","slug":"enek-zene","status":"publish","type":"page","link":"https:\/\/www.hegykozisuli.hu\/?page_id=2880","title":{"rendered":"\u00c9nek-zene"},"content":{"rendered":"<p style=\"text-align: center;\">Hasznos \u00e9s \u00e9rdekes linkek, seg\u00e9danyagok<\/p>\n<p><a href=\"https:\/\/portal.nkp.hu\/Search?subjectId=13\" target=\"_blank\">Nemzeti K\u00f6znevel\u00e9si Port\u00e1l &#8211; \u00e9nek-zene<\/a><\/p>\n<p><a href=\"http:\/\/tudasbazis.sulinet.hu\/hu\/muveszetek\/enek-zene\" target=\"_blank\">Sulinet Digit\u00e1lis Tud\u00e1sb\u00e1zis &#8211; \u00e9nek-zene<\/a><\/p>\n","protected":false},"excerpt":{"rendered":"<p>Hasznos \u00e9s \u00e9rdekes linkek, seg\u00e9danyagok Nemzeti K\u00f6znevel\u00e9si Port\u00e1l &#8211; \u00e9nek-zene Sulinet Digit\u00e1lis Tud\u00e1sb\u00e1zis &#8211; \u00e9nek-zene<\/p>\n","protected":false},"author":2,"featured_media":0,"parent":0,"menu_order":0,"comment_status":"closed","ping_status":"closed","template":"","meta":[],"_links":{"self":[{"href":"https:\/\/www.hegykozisuli.hu\/index.php?rest_route=\/wp\/v2\/pages\/2880"}],"collection":[{"href":"https:\/\/www.hegykozisuli.hu\/index.php?rest_route=\/wp\/v2\/pages"}],"about":[{"href":"https:\/\/www.hegykozisuli.hu\/index.php?rest_route=\/wp\/v2\/types\/page"}],"author":[{"embeddable":true,"href":"https:\/\/www.hegykozisuli.hu\/index.php?rest_route=\/wp\/v2\/users\/2"}],"replies":[{"embeddable":true,"href":"https:\/\/www.hegykozisuli.hu\/index.php?rest_route=%2Fwp%2Fv2%2Fcomments&post=2880"}],"version-history":[{"count":5,"href":"https:\/\/www.hegykozisuli.hu\/index.php?rest_route=\/wp\/v2\/pages\/2880\/revisions"}],"predecessor-version":[{"id":3055,"href":"https:\/\/www.hegykozisuli.hu\/index.php?rest_route=\/wp\/v2\/pages\/2880\/revisions\/3055"}],"wp:attachment":[{"href":"https:\/\/www.hegykozisuli.hu\/index.php?rest_route=%2Fwp%2Fv2%2Fmedia&parent=2880"}],"curies":[{"name":"wp","href":"https:\/\/api.w.org\/{rel}","templated":true}]}}