{"id":2886,"date":"2015-11-10T12:14:58","date_gmt":"2015-11-10T12:14:58","guid":{"rendered":"http:\/\/www.hegykozisuli.hu\/?page_id=2886"},"modified":"2015-11-17T07:22:42","modified_gmt":"2015-11-17T07:22:42","slug":"foldrajz","status":"publish","type":"page","link":"https:\/\/www.hegykozisuli.hu\/?page_id=2886","title":{"rendered":"F\u00f6ldrajz"},"content":{"rendered":"<p style=\"text-align: center;\">Hasznos \u00e9s \u00e9rdekes linkek, seg\u00e9danyagok<\/p>\n<p><a href=\"https:\/\/portal.nkp.hu\/Search?subjectId=5\" target=\"_blank\">Nemzeti K\u00f6znevel\u00e9si Port\u00e1l &#8211; f\u00f6ldrajz<\/a><\/p>\n<p><a href=\"http:\/\/tudasbazis.sulinet.hu\/hu\/termeszettudomanyok\/foldrajz\" target=\"_blank\">Sulinet Digit\u00e1lis Tud\u00e1sb\u00e1zis &#8211; f\u00f6ldrajz<\/a><\/p>\n<p><a href=\"http:\/\/etananyag.ofi.hu\/tantargyak\/foldrajz\" target=\"_blank\">OFI e-tananyag &#8211; f\u00f6ldrajz<\/a><\/p>\n","protected":false},"excerpt":{"rendered":"<p>Hasznos \u00e9s \u00e9rdekes linkek, seg\u00e9danyagok Nemzeti K\u00f6znevel\u00e9si Port\u00e1l &#8211; f\u00f6ldrajz Sulinet Digit\u00e1lis Tud\u00e1sb\u00e1zis &#8211; f\u00f6ldrajz OFI e-tananyag &#8211; f\u00f6ldrajz<\/p>\n","protected":false},"author":2,"featured_media":0,"parent":0,"menu_order":0,"comment_status":"closed","ping_status":"closed","template":"","meta":[],"_links":{"self":[{"href":"https:\/\/www.hegykozisuli.hu\/index.php?rest_route=\/wp\/v2\/pages\/2886"}],"collection":[{"href":"https:\/\/www.hegykozisuli.hu\/index.php?rest_route=\/wp\/v2\/pages"}],"about":[{"href":"https:\/\/www.hegykozisuli.hu\/index.php?rest_route=\/wp\/v2\/types\/page"}],"author":[{"embeddable":true,"href":"https:\/\/www.hegykozisuli.hu\/index.php?rest_route=\/wp\/v2\/users\/2"}],"replies":[{"embeddable":true,"href":"https:\/\/www.hegykozisuli.hu\/index.php?rest_route=%2Fwp%2Fv2%2Fcomments&post=2886"}],"version-history":[{"count":5,"href":"https:\/\/www.hegykozisuli.hu\/index.php?rest_route=\/wp\/v2\/pages\/2886\/revisions"}],"predecessor-version":[{"id":3057,"href":"https:\/\/www.hegykozisuli.hu\/index.php?rest_route=\/wp\/v2\/pages\/2886\/revisions\/3057"}],"wp:attachment":[{"href":"https:\/\/www.hegykozisuli.hu\/index.php?rest_route=%2Fwp%2Fv2%2Fmedia&parent=2886"}],"curies":[{"name":"wp","href":"https:\/\/api.w.org\/{rel}","templated":true}]}}