{"id":2910,"date":"2015-11-10T12:31:28","date_gmt":"2015-11-10T12:31:28","guid":{"rendered":"http:\/\/www.hegykozisuli.hu\/?page_id=2910"},"modified":"2015-11-24T12:48:40","modified_gmt":"2015-11-24T12:48:40","slug":"nemzeti-koznevelesi-portal","status":"publish","type":"page","link":"https:\/\/www.hegykozisuli.hu\/?page_id=2910","title":{"rendered":"OKOSPORT\u00c1L"},"content":{"rendered":"<p>Ide kattintva a<a href=\"https:\/\/portal.nkp.hu\/\" target=\"_blank\">\u00a0Nemzeti K\u00f6znevel\u00e9si Port\u00e1l<\/a>\u00a0 OKOSPORT\u00c1L oldal\u00e1ra juthat el.<\/p>\n","protected":false},"excerpt":{"rendered":"<p>Ide kattintva a\u00a0Nemzeti K\u00f6znevel\u00e9si Port\u00e1l\u00a0 OKOSPORT\u00c1L oldal\u00e1ra juthat el.<\/p>\n","protected":false},"author":2,"featured_media":0,"parent":0,"menu_order":0,"comment_status":"closed","ping_status":"closed","template":"","meta":[],"_links":{"self":[{"href":"https:\/\/www.hegykozisuli.hu\/index.php?rest_route=\/wp\/v2\/pages\/2910"}],"collection":[{"href":"https:\/\/www.hegykozisuli.hu\/index.php?rest_route=\/wp\/v2\/pages"}],"about":[{"href":"https:\/\/www.hegykozisuli.hu\/index.php?rest_route=\/wp\/v2\/types\/page"}],"author":[{"embeddable":true,"href":"https:\/\/www.hegykozisuli.hu\/index.php?rest_route=\/wp\/v2\/users\/2"}],"replies":[{"embeddable":true,"href":"https:\/\/www.hegykozisuli.hu\/index.php?rest_route=%2Fwp%2Fv2%2Fcomments&post=2910"}],"version-history":[{"count":4,"href":"https:\/\/www.hegykozisuli.hu\/index.php?rest_route=\/wp\/v2\/pages\/2910\/revisions"}],"predecessor-version":[{"id":3194,"href":"https:\/\/www.hegykozisuli.hu\/index.php?rest_route=\/wp\/v2\/pages\/2910\/revisions\/3194"}],"wp:attachment":[{"href":"https:\/\/www.hegykozisuli.hu\/index.php?rest_route=%2Fwp%2Fv2%2Fmedia&parent=2910"}],"curies":[{"name":"wp","href":"https:\/\/api.w.org\/{rel}","templated":true}]}}