{"id":2923,"date":"2015-11-10T12:43:37","date_gmt":"2015-11-10T12:43:37","guid":{"rendered":"http:\/\/www.hegykozisuli.hu\/?page_id=2923"},"modified":"2015-11-17T07:29:20","modified_gmt":"2015-11-17T07:29:20","slug":"nemet-nyelv","status":"publish","type":"page","link":"https:\/\/www.hegykozisuli.hu\/?page_id=2923","title":{"rendered":"N\u00e9met nyelv"},"content":{"rendered":"<p style=\"text-align: center;\">Hasznos \u00e9s \u00e9rdekes linkek, seg\u00e9danyagok<\/p>\n<p style=\"text-align: left;\"><a href=\"https:\/\/portal.nkp.hu\/Search?subjectId=19\" target=\"_blank\">Nemzeti K\u00f6znevel\u00e9si Port\u00e1l &#8211; idegen nyelv<\/a><\/p>\n<p style=\"text-align: left;\">\n","protected":false},"excerpt":{"rendered":"<p>Hasznos \u00e9s \u00e9rdekes linkek, seg\u00e9danyagok Nemzeti K\u00f6znevel\u00e9si Port\u00e1l &#8211; idegen nyelv<\/p>\n","protected":false},"author":2,"featured_media":0,"parent":0,"menu_order":0,"comment_status":"closed","ping_status":"closed","template":"","meta":[],"_links":{"self":[{"href":"https:\/\/www.hegykozisuli.hu\/index.php?rest_route=\/wp\/v2\/pages\/2923"}],"collection":[{"href":"https:\/\/www.hegykozisuli.hu\/index.php?rest_route=\/wp\/v2\/pages"}],"about":[{"href":"https:\/\/www.hegykozisuli.hu\/index.php?rest_route=\/wp\/v2\/types\/page"}],"author":[{"embeddable":true,"href":"https:\/\/www.hegykozisuli.hu\/index.php?rest_route=\/wp\/v2\/users\/2"}],"replies":[{"embeddable":true,"href":"https:\/\/www.hegykozisuli.hu\/index.php?rest_route=%2Fwp%2Fv2%2Fcomments&post=2923"}],"version-history":[{"count":3,"href":"https:\/\/www.hegykozisuli.hu\/index.php?rest_route=\/wp\/v2\/pages\/2923\/revisions"}],"predecessor-version":[{"id":3062,"href":"https:\/\/www.hegykozisuli.hu\/index.php?rest_route=\/wp\/v2\/pages\/2923\/revisions\/3062"}],"wp:attachment":[{"href":"https:\/\/www.hegykozisuli.hu\/index.php?rest_route=%2Fwp%2Fv2%2Fmedia&parent=2923"}],"curies":[{"name":"wp","href":"https:\/\/api.w.org\/{rel}","templated":true}]}}