{"id":2926,"date":"2015-11-10T12:48:18","date_gmt":"2015-11-10T12:48:18","guid":{"rendered":"http:\/\/www.hegykozisuli.hu\/?page_id=2926"},"modified":"2015-11-17T07:23:24","modified_gmt":"2015-11-17T07:23:24","slug":"kornyezet-es-termeszetismeret","status":"publish","type":"page","link":"https:\/\/www.hegykozisuli.hu\/?page_id=2926","title":{"rendered":"K\u00f6rnyezet-\u00e9s term\u00e9szetismeret"},"content":{"rendered":"<p style=\"text-align: center;\">Hasznos \u00e9s \u00e9rdekes linkek, seg\u00e9danyagok<\/p>\n<p><a href=\"https:\/\/portal.nkp.hu\/Search?subjectId=7\" target=\"_blank\">Nemzeti K\u00f6znevel\u00e9si Port\u00e1l &#8211; K\u00f6rnyezetismeret<\/a><\/p>\n<p><a href=\"https:\/\/portal.nkp.hu\/Search?subjectId=11\" target=\"_blank\">Nemzeti K\u00f6znevel\u00e9si Port\u00e1l &#8211; Term\u00e9szetismeret<\/a><\/p>\n<p><a href=\"http:\/\/etananyag.ofi.hu\/tantargyak\/termeszetismeret\" target=\"_blank\">OFI e-tananyag &#8211; term\u00e9szetismeret<\/a><\/p>\n<p><a href=\"http:\/\/tudasbazis.sulinet.hu\/hu\/termeszettudomanyok\/termeszetismeret\" target=\"_blank\">Sulinet Digit\u00e1lis Tud\u00e1sb\u00e1zis &#8211; term\u00e9szetismeret<\/a><\/p>\n","protected":false},"excerpt":{"rendered":"<p>Hasznos \u00e9s \u00e9rdekes linkek, seg\u00e9danyagok Nemzeti K\u00f6znevel\u00e9si Port\u00e1l &#8211; K\u00f6rnyezetismeret Nemzeti K\u00f6znevel\u00e9si Port\u00e1l &#8211; Term\u00e9szetismeret OFI e-tananyag &#8211; term\u00e9szetismeret Sulinet<span class=\"exprt-dot\">&#8230;<\/span><\/p>\n","protected":false},"author":2,"featured_media":0,"parent":0,"menu_order":0,"comment_status":"closed","ping_status":"closed","template":"","meta":[],"_links":{"self":[{"href":"https:\/\/www.hegykozisuli.hu\/index.php?rest_route=\/wp\/v2\/pages\/2926"}],"collection":[{"href":"https:\/\/www.hegykozisuli.hu\/index.php?rest_route=\/wp\/v2\/pages"}],"about":[{"href":"https:\/\/www.hegykozisuli.hu\/index.php?rest_route=\/wp\/v2\/types\/page"}],"author":[{"embeddable":true,"href":"https:\/\/www.hegykozisuli.hu\/index.php?rest_route=\/wp\/v2\/users\/2"}],"replies":[{"embeddable":true,"href":"https:\/\/www.hegykozisuli.hu\/index.php?rest_route=%2Fwp%2Fv2%2Fcomments&post=2926"}],"version-history":[{"count":5,"href":"https:\/\/www.hegykozisuli.hu\/index.php?rest_route=\/wp\/v2\/pages\/2926\/revisions"}],"predecessor-version":[{"id":3058,"href":"https:\/\/www.hegykozisuli.hu\/index.php?rest_route=\/wp\/v2\/pages\/2926\/revisions\/3058"}],"wp:attachment":[{"href":"https:\/\/www.hegykozisuli.hu\/index.php?rest_route=%2Fwp%2Fv2%2Fmedia&parent=2926"}],"curies":[{"name":"wp","href":"https:\/\/api.w.org\/{rel}","templated":true}]}}