{"id":4478,"date":"2016-02-29T13:43:42","date_gmt":"2016-02-29T13:43:42","guid":{"rendered":"http:\/\/www.hegykozisuli.hu\/?page_id=4478"},"modified":"2016-03-01T11:15:24","modified_gmt":"2016-03-01T11:15:24","slug":"1991-1992","status":"publish","type":"page","link":"https:\/\/www.hegykozisuli.hu\/?page_id=4478","title":{"rendered":"1991-1992"},"content":{"rendered":"<div id='gallery-1' class='gallery galleryid-4478 gallery-columns-3 gallery-size-thumbnail'><figure class='gallery-item'>\n\t\t\t<div class='gallery-icon landscape'>\n\t\t\t\t<a href='https:\/\/www.hegykozisuli.hu\/?attachment_id=4533'><img width=\"150\" height=\"150\" src=\"https:\/\/www.hegykozisuli.hu\/wp-content\/uploads\/2016\/02\/tornabemutat\u00f3110-150x150.png\" class=\"attachment-thumbnail size-thumbnail\" alt=\"\" decoding=\"async\" loading=\"lazy\" aria-describedby=\"gallery-1-4533\" \/><\/a>\n\t\t\t<\/div>\n\t\t\t\t<figcaption class='wp-caption-text gallery-caption' id='gallery-1-4533'>\n\t\t\t\ttornabemutat\u00f3\n\t\t\t\t<\/figcaption><\/figure><figure class='gallery-item'>\n\t\t\t<div class='gallery-icon landscape'>\n\t\t\t\t<a href='https:\/\/www.hegykozisuli.hu\/?attachment_id=4531'><img width=\"150\" height=\"150\" src=\"https:\/\/www.hegykozisuli.hu\/wp-content\/uploads\/2016\/02\/tornabemutat\u00f3-als\u00f3-tagozat-m\u0171sora-150x150.png\" class=\"attachment-thumbnail size-thumbnail\" alt=\"\" decoding=\"async\" loading=\"lazy\" aria-describedby=\"gallery-1-4531\" \/><\/a>\n\t\t\t<\/div>\n\t\t\t\t<figcaption class='wp-caption-text gallery-caption' id='gallery-1-4531'>\n\t\t\t\ttornabemutat\u00f3\n\t\t\t\t<\/figcaption><\/figure><figure class='gallery-item'>\n\t\t\t<div class='gallery-icon landscape'>\n\t\t\t\t<a href='https:\/\/www.hegykozisuli.hu\/?attachment_id=4532'><img width=\"150\" height=\"150\" src=\"https:\/\/www.hegykozisuli.hu\/wp-content\/uploads\/2016\/02\/tornabemutat\u00f3-\u00f3vod\u00e1sok-m\u0171sora-150x150.png\" class=\"attachment-thumbnail size-thumbnail\" alt=\"\" decoding=\"async\" loading=\"lazy\" aria-describedby=\"gallery-1-4532\" \/><\/a>\n\t\t\t<\/div>\n\t\t\t\t<figcaption class='wp-caption-text gallery-caption' id='gallery-1-4532'>\n\t\t\t\ttornabemutat\u00f3\n\t\t\t\t<\/figcaption><\/figure><figure class='gallery-item'>\n\t\t\t<div class='gallery-icon landscape'>\n\t\t\t\t<a href='https:\/\/www.hegykozisuli.hu\/?attachment_id=4534'><img width=\"150\" height=\"150\" src=\"https:\/\/www.hegykozisuli.hu\/wp-content\/uploads\/2016\/02\/tornabemutat\u00f3214-150x150.png\" class=\"attachment-thumbnail size-thumbnail\" alt=\"\" decoding=\"async\" loading=\"lazy\" aria-describedby=\"gallery-1-4534\" \/><\/a>\n\t\t\t<\/div>\n\t\t\t\t<figcaption class='wp-caption-text gallery-caption' id='gallery-1-4534'>\n\t\t\t\ttornabemutat\u00f3\n\t\t\t\t<\/figcaption><\/figure><figure class='gallery-item'>\n\t\t\t<div class='gallery-icon landscape'>\n\t\t\t\t<a href='https:\/\/www.hegykozisuli.hu\/?attachment_id=4535'><img width=\"150\" height=\"150\" src=\"https:\/\/www.hegykozisuli.hu\/wp-content\/uploads\/2016\/02\/tornabemutat\u00f3311-150x150.png\" class=\"attachment-thumbnail size-thumbnail\" alt=\"\" decoding=\"async\" loading=\"lazy\" aria-describedby=\"gallery-1-4535\" \/><\/a>\n\t\t\t<\/div>\n\t\t\t\t<figcaption class='wp-caption-text gallery-caption' id='gallery-1-4535'>\n\t\t\t\ttornabemutat\u00f3\n\t\t\t\t<\/figcaption><\/figure><figure class='gallery-item'>\n\t\t\t<div class='gallery-icon landscape'>\n\t\t\t\t<a href='https:\/\/www.hegykozisuli.hu\/?attachment_id=4536'><img width=\"150\" height=\"150\" src=\"https:\/\/www.hegykozisuli.hu\/wp-content\/uploads\/2016\/02\/tornabemutat\u00f355-150x150.png\" class=\"attachment-thumbnail size-thumbnail\" alt=\"\" decoding=\"async\" loading=\"lazy\" aria-describedby=\"gallery-1-4536\" \/><\/a>\n\t\t\t<\/div>\n\t\t\t\t<figcaption class='wp-caption-text gallery-caption' id='gallery-1-4536'>\n\t\t\t\ttornabemutat\u00f3\n\t\t\t\t<\/figcaption><\/figure><figure class='gallery-item'>\n\t\t\t<div class='gallery-icon landscape'>\n\t\t\t\t<a href='https:\/\/www.hegykozisuli.hu\/?attachment_id=4537'><img width=\"150\" height=\"150\" src=\"https:\/\/www.hegykozisuli.hu\/wp-content\/uploads\/2016\/02\/tornabemutat\u00f364-150x150.png\" class=\"attachment-thumbnail size-thumbnail\" alt=\"\" decoding=\"async\" loading=\"lazy\" aria-describedby=\"gallery-1-4537\" \/><\/a>\n\t\t\t<\/div>\n\t\t\t\t<figcaption class='wp-caption-text gallery-caption' id='gallery-1-4537'>\n\t\t\t\ttornabemutat\u00f3\n\t\t\t\t<\/figcaption><\/figure><figure class='gallery-item'>\n\t\t\t<div class='gallery-icon landscape'>\n\t\t\t\t<a href='https:\/\/www.hegykozisuli.hu\/?attachment_id=4538'><img width=\"150\" height=\"150\" src=\"https:\/\/www.hegykozisuli.hu\/wp-content\/uploads\/2016\/02\/tornabemutat\u00f373-150x150.png\" class=\"attachment-thumbnail size-thumbnail\" alt=\"\" decoding=\"async\" loading=\"lazy\" aria-describedby=\"gallery-1-4538\" \/><\/a>\n\t\t\t<\/div>\n\t\t\t\t<figcaption class='wp-caption-text gallery-caption' id='gallery-1-4538'>\n\t\t\t\ttornabemutat\u00f3\n\t\t\t\t<\/figcaption><\/figure><figure class='gallery-item'>\n\t\t\t<div class='gallery-icon landscape'>\n\t\t\t\t<a href='https:\/\/www.hegykozisuli.hu\/?attachment_id=4539'><img width=\"150\" height=\"150\" src=\"https:\/\/www.hegykozisuli.hu\/wp-content\/uploads\/2016\/02\/tornabemutat\u00f383-150x150.png\" class=\"attachment-thumbnail size-thumbnail\" alt=\"\" decoding=\"async\" loading=\"lazy\" aria-describedby=\"gallery-1-4539\" \/><\/a>\n\t\t\t<\/div>\n\t\t\t\t<figcaption class='wp-caption-text gallery-caption' id='gallery-1-4539'>\n\t\t\t\ttornabemutat\u00f3\n\t\t\t\t<\/figcaption><\/figure><figure class='gallery-item'>\n\t\t\t<div class='gallery-icon landscape'>\n\t\t\t\t<a href='https:\/\/www.hegykozisuli.hu\/?attachment_id=4541'><img width=\"150\" height=\"150\" src=\"https:\/\/www.hegykozisuli.hu\/wp-content\/uploads\/2016\/02\/1992_8a_j\u00f3-150x150.jpg\" class=\"attachment-thumbnail size-thumbnail\" alt=\"\" decoding=\"async\" loading=\"lazy\" aria-describedby=\"gallery-1-4541\" \/><\/a>\n\t\t\t<\/div>\n\t\t\t\t<figcaption class='wp-caption-text gallery-caption' id='gallery-1-4541'>\n\t\t\t\t8.a oszt\u00e1ly\n\t\t\t\t<\/figcaption><\/figure><figure class='gallery-item'>\n\t\t\t<div class='gallery-icon landscape'>\n\t\t\t\t<a href='https:\/\/www.hegykozisuli.hu\/?attachment_id=4542'><img width=\"150\" height=\"150\" src=\"https:\/\/www.hegykozisuli.hu\/wp-content\/uploads\/2016\/02\/1992_8b_j\u00f3-150x150.jpg\" class=\"attachment-thumbnail size-thumbnail\" alt=\"\" decoding=\"async\" loading=\"lazy\" aria-describedby=\"gallery-1-4542\" \/><\/a>\n\t\t\t<\/div>\n\t\t\t\t<figcaption class='wp-caption-text gallery-caption' id='gallery-1-4542'>\n\t\t\t\t8.b oszt\u00e1ly\n\t\t\t\t<\/figcaption><\/figure>\n\t\t<\/div>\n\n","protected":false},"excerpt":{"rendered":"","protected":false},"author":2,"featured_media":0,"parent":0,"menu_order":0,"comment_status":"closed","ping_status":"closed","template":"","meta":[],"_links":{"self":[{"href":"https:\/\/www.hegykozisuli.hu\/index.php?rest_route=\/wp\/v2\/pages\/4478"}],"collection":[{"href":"https:\/\/www.hegykozisuli.hu\/index.php?rest_route=\/wp\/v2\/pages"}],"about":[{"href":"https:\/\/www.hegykozisuli.hu\/index.php?rest_route=\/wp\/v2\/types\/page"}],"author":[{"embeddable":true,"href":"https:\/\/www.hegykozisuli.hu\/index.php?rest_route=\/wp\/v2\/users\/2"}],"replies":[{"embeddable":true,"href":"https:\/\/www.hegykozisuli.hu\/index.php?rest_route=%2Fwp%2Fv2%2Fcomments&post=4478"}],"version-history":[{"count":3,"href":"https:\/\/www.hegykozisuli.hu\/index.php?rest_route=\/wp\/v2\/pages\/4478\/revisions"}],"predecessor-version":[{"id":4543,"href":"https:\/\/www.hegykozisuli.hu\/index.php?rest_route=\/wp\/v2\/pages\/4478\/revisions\/4543"}],"wp:attachment":[{"href":"https:\/\/www.hegykozisuli.hu\/index.php?rest_route=%2Fwp%2Fv2%2Fmedia&parent=4478"}],"curies":[{"name":"wp","href":"https:\/\/api.w.org\/{rel}","templated":true}]}}