{"id":4488,"date":"2016-02-29T13:46:22","date_gmt":"2016-02-29T13:46:22","guid":{"rendered":"http:\/\/www.hegykozisuli.hu\/?page_id=4488"},"modified":"2016-03-01T14:14:35","modified_gmt":"2016-03-01T14:14:35","slug":"1995-1996","status":"publish","type":"page","link":"https:\/\/www.hegykozisuli.hu\/?page_id=4488","title":{"rendered":"1995-1996"},"content":{"rendered":"<div id='gallery-1' class='gallery galleryid-4488 gallery-columns-3 gallery-size-thumbnail'><figure class='gallery-item'>\n\t\t\t<div class='gallery-icon landscape'>\n\t\t\t\t<a href='https:\/\/www.hegykozisuli.hu\/?attachment_id=4606'><img width=\"150\" height=\"150\" src=\"https:\/\/www.hegykozisuli.hu\/wp-content\/uploads\/2016\/02\/\u00e1larcos-b\u00e1l-150x150.png\" class=\"attachment-thumbnail size-thumbnail\" alt=\"\" decoding=\"async\" loading=\"lazy\" aria-describedby=\"gallery-1-4606\" \/><\/a>\n\t\t\t<\/div>\n\t\t\t\t<figcaption class='wp-caption-text gallery-caption' id='gallery-1-4606'>\n\t\t\t\t\u00e1larcos b\u00e1l\n\t\t\t\t<\/figcaption><\/figure><figure class='gallery-item'>\n\t\t\t<div class='gallery-icon landscape'>\n\t\t\t\t<a href='https:\/\/www.hegykozisuli.hu\/?attachment_id=4607'><img width=\"150\" height=\"150\" src=\"https:\/\/www.hegykozisuli.hu\/wp-content\/uploads\/2016\/02\/\u00e1larcos-b\u00e1l2-150x150.png\" class=\"attachment-thumbnail size-thumbnail\" alt=\"\" decoding=\"async\" loading=\"lazy\" aria-describedby=\"gallery-1-4607\" \/><\/a>\n\t\t\t<\/div>\n\t\t\t\t<figcaption class='wp-caption-text gallery-caption' id='gallery-1-4607'>\n\t\t\t\t\u00e1larcos b\u00e1l\n\t\t\t\t<\/figcaption><\/figure><figure class='gallery-item'>\n\t\t\t<div class='gallery-icon landscape'>\n\t\t\t\t<a href='https:\/\/www.hegykozisuli.hu\/?attachment_id=4608'><img width=\"150\" height=\"150\" src=\"https:\/\/www.hegykozisuli.hu\/wp-content\/uploads\/2016\/02\/\u00e1larcos-b\u00e1l3-150x150.png\" class=\"attachment-thumbnail size-thumbnail\" alt=\"\" decoding=\"async\" loading=\"lazy\" aria-describedby=\"gallery-1-4608\" \/><\/a>\n\t\t\t<\/div>\n\t\t\t\t<figcaption class='wp-caption-text gallery-caption' id='gallery-1-4608'>\n\t\t\t\t\u00e1larcos b\u00e1l\n\t\t\t\t<\/figcaption><\/figure><figure class='gallery-item'>\n\t\t\t<div class='gallery-icon landscape'>\n\t\t\t\t<a href='https:\/\/www.hegykozisuli.hu\/?attachment_id=4609'><img width=\"150\" height=\"150\" src=\"https:\/\/www.hegykozisuli.hu\/wp-content\/uploads\/2016\/02\/\u00e1larcos-b\u00e1l4-150x150.png\" class=\"attachment-thumbnail size-thumbnail\" alt=\"\" decoding=\"async\" loading=\"lazy\" aria-describedby=\"gallery-1-4609\" \/><\/a>\n\t\t\t<\/div>\n\t\t\t\t<figcaption class='wp-caption-text gallery-caption' id='gallery-1-4609'>\n\t\t\t\t\u00e1larcos b\u00e1l\n\t\t\t\t<\/figcaption><\/figure><figure class='gallery-item'>\n\t\t\t<div class='gallery-icon landscape'>\n\t\t\t\t<a href='https:\/\/www.hegykozisuli.hu\/?attachment_id=4610'><img width=\"150\" height=\"150\" src=\"https:\/\/www.hegykozisuli.hu\/wp-content\/uploads\/2016\/02\/\u00e1larcos-b\u00e1l5-150x150.png\" class=\"attachment-thumbnail size-thumbnail\" alt=\"\" decoding=\"async\" loading=\"lazy\" aria-describedby=\"gallery-1-4610\" \/><\/a>\n\t\t\t<\/div>\n\t\t\t\t<figcaption class='wp-caption-text gallery-caption' id='gallery-1-4610'>\n\t\t\t\t\u00e1larcos b\u00e1l\n\t\t\t\t<\/figcaption><\/figure><figure class='gallery-item'>\n\t\t\t<div class='gallery-icon landscape'>\n\t\t\t\t<a href='https:\/\/www.hegykozisuli.hu\/?attachment_id=4611'><img width=\"150\" height=\"150\" src=\"https:\/\/www.hegykozisuli.hu\/wp-content\/uploads\/2016\/02\/\u00e1larcos-b\u00e1l6-150x150.png\" class=\"attachment-thumbnail size-thumbnail\" alt=\"\" decoding=\"async\" loading=\"lazy\" aria-describedby=\"gallery-1-4611\" \/><\/a>\n\t\t\t<\/div>\n\t\t\t\t<figcaption class='wp-caption-text gallery-caption' id='gallery-1-4611'>\n\t\t\t\t\u00e1larcos b\u00e1l\n\t\t\t\t<\/figcaption><\/figure><figure class='gallery-item'>\n\t\t\t<div class='gallery-icon landscape'>\n\t\t\t\t<a href='https:\/\/www.hegykozisuli.hu\/?attachment_id=4612'><img width=\"150\" height=\"150\" src=\"https:\/\/www.hegykozisuli.hu\/wp-content\/uploads\/2016\/02\/gyermeknap1-150x150.png\" class=\"attachment-thumbnail size-thumbnail\" alt=\"\" decoding=\"async\" loading=\"lazy\" aria-describedby=\"gallery-1-4612\" \/><\/a>\n\t\t\t<\/div>\n\t\t\t\t<figcaption class='wp-caption-text gallery-caption' id='gallery-1-4612'>\n\t\t\t\tgyermeknap\n\t\t\t\t<\/figcaption><\/figure><figure class='gallery-item'>\n\t\t\t<div class='gallery-icon landscape'>\n\t\t\t\t<a href='https:\/\/www.hegykozisuli.hu\/?attachment_id=4613'><img width=\"150\" height=\"150\" src=\"https:\/\/www.hegykozisuli.hu\/wp-content\/uploads\/2016\/02\/gyermeknap21-150x150.png\" class=\"attachment-thumbnail size-thumbnail\" alt=\"\" decoding=\"async\" loading=\"lazy\" aria-describedby=\"gallery-1-4613\" \/><\/a>\n\t\t\t<\/div>\n\t\t\t\t<figcaption class='wp-caption-text gallery-caption' id='gallery-1-4613'>\n\t\t\t\tgyermeknap\n\t\t\t\t<\/figcaption><\/figure><figure class='gallery-item'>\n\t\t\t<div class='gallery-icon landscape'>\n\t\t\t\t<a href='https:\/\/www.hegykozisuli.hu\/?attachment_id=4614'><img width=\"150\" height=\"150\" src=\"https:\/\/www.hegykozisuli.hu\/wp-content\/uploads\/2016\/02\/gyermeknap31-150x150.png\" class=\"attachment-thumbnail size-thumbnail\" alt=\"\" decoding=\"async\" loading=\"lazy\" aria-describedby=\"gallery-1-4614\" \/><\/a>\n\t\t\t<\/div>\n\t\t\t\t<figcaption class='wp-caption-text gallery-caption' id='gallery-1-4614'>\n\t\t\t\tgyermeknap\n\t\t\t\t<\/figcaption><\/figure><figure class='gallery-item'>\n\t\t\t<div class='gallery-icon landscape'>\n\t\t\t\t<a href='https:\/\/www.hegykozisuli.hu\/?attachment_id=4615'><img width=\"150\" height=\"150\" src=\"https:\/\/www.hegykozisuli.hu\/wp-content\/uploads\/2016\/02\/gyermeknap41-150x150.png\" class=\"attachment-thumbnail size-thumbnail\" alt=\"\" decoding=\"async\" loading=\"lazy\" aria-describedby=\"gallery-1-4615\" \/><\/a>\n\t\t\t<\/div>\n\t\t\t\t<figcaption class='wp-caption-text gallery-caption' id='gallery-1-4615'>\n\t\t\t\tgyermeknap\n\t\t\t\t<\/figcaption><\/figure><figure class='gallery-item'>\n\t\t\t<div class='gallery-icon landscape'>\n\t\t\t\t<a href='https:\/\/www.hegykozisuli.hu\/?attachment_id=4616'><img width=\"150\" height=\"150\" src=\"https:\/\/www.hegykozisuli.hu\/wp-content\/uploads\/2016\/02\/gyermeknap5-150x150.png\" class=\"attachment-thumbnail size-thumbnail\" alt=\"\" decoding=\"async\" loading=\"lazy\" aria-describedby=\"gallery-1-4616\" \/><\/a>\n\t\t\t<\/div>\n\t\t\t\t<figcaption class='wp-caption-text gallery-caption' id='gallery-1-4616'>\n\t\t\t\tgyermeknap\n\t\t\t\t<\/figcaption><\/figure><figure class='gallery-item'>\n\t\t\t<div class='gallery-icon landscape'>\n\t\t\t\t<a href='https:\/\/www.hegykozisuli.hu\/?attachment_id=4617'><img width=\"150\" height=\"150\" src=\"https:\/\/www.hegykozisuli.hu\/wp-content\/uploads\/2016\/02\/gyermeknap6-150x150.png\" class=\"attachment-thumbnail size-thumbnail\" alt=\"\" decoding=\"async\" loading=\"lazy\" aria-describedby=\"gallery-1-4617\" \/><\/a>\n\t\t\t<\/div>\n\t\t\t\t<figcaption class='wp-caption-text gallery-caption' id='gallery-1-4617'>\n\t\t\t\tgyermeknap\n\t\t\t\t<\/figcaption><\/figure><figure class='gallery-item'>\n\t\t\t<div class='gallery-icon landscape'>\n\t\t\t\t<a href='https:\/\/www.hegykozisuli.hu\/?attachment_id=4618'><img width=\"150\" height=\"150\" src=\"https:\/\/www.hegykozisuli.hu\/wp-content\/uploads\/2016\/02\/gyermeknap7-150x150.png\" class=\"attachment-thumbnail size-thumbnail\" alt=\"\" decoding=\"async\" loading=\"lazy\" aria-describedby=\"gallery-1-4618\" \/><\/a>\n\t\t\t<\/div>\n\t\t\t\t<figcaption class='wp-caption-text gallery-caption' id='gallery-1-4618'>\n\t\t\t\tgyermeknap\n\t\t\t\t<\/figcaption><\/figure><figure class='gallery-item'>\n\t\t\t<div class='gallery-icon landscape'>\n\t\t\t\t<a href='https:\/\/www.hegykozisuli.hu\/?attachment_id=4619'><img width=\"150\" height=\"150\" src=\"https:\/\/www.hegykozisuli.hu\/wp-content\/uploads\/2016\/02\/gyermeknap8-150x150.png\" class=\"attachment-thumbnail size-thumbnail\" alt=\"\" decoding=\"async\" loading=\"lazy\" aria-describedby=\"gallery-1-4619\" \/><\/a>\n\t\t\t<\/div>\n\t\t\t\t<figcaption class='wp-caption-text gallery-caption' id='gallery-1-4619'>\n\t\t\t\tgyermeknap\n\t\t\t\t<\/figcaption><\/figure><figure class='gallery-item'>\n\t\t\t<div class='gallery-icon landscape'>\n\t\t\t\t<a href='https:\/\/www.hegykozisuli.hu\/?attachment_id=4620'><img width=\"150\" height=\"150\" src=\"https:\/\/www.hegykozisuli.hu\/wp-content\/uploads\/2016\/02\/gyermeknap9-150x150.png\" class=\"attachment-thumbnail size-thumbnail\" alt=\"\" decoding=\"async\" loading=\"lazy\" aria-describedby=\"gallery-1-4620\" \/><\/a>\n\t\t\t<\/div>\n\t\t\t\t<figcaption class='wp-caption-text gallery-caption' id='gallery-1-4620'>\n\t\t\t\tgyermeknap\n\t\t\t\t<\/figcaption><\/figure><figure class='gallery-item'>\n\t\t\t<div class='gallery-icon landscape'>\n\t\t\t\t<a href='https:\/\/www.hegykozisuli.hu\/?attachment_id=4621'><img width=\"150\" height=\"150\" src=\"https:\/\/www.hegykozisuli.hu\/wp-content\/uploads\/2016\/02\/t\u00e1boroz\u00e1s-Fony\u00f3dliget-150x150.png\" class=\"attachment-thumbnail size-thumbnail\" alt=\"\" decoding=\"async\" loading=\"lazy\" aria-describedby=\"gallery-1-4621\" \/><\/a>\n\t\t\t<\/div>\n\t\t\t\t<figcaption class='wp-caption-text gallery-caption' id='gallery-1-4621'>\n\t\t\t\tt\u00e1boroz\u00e1s Fony\u00f3dligeten\n\t\t\t\t<\/figcaption><\/figure><figure class='gallery-item'>\n\t\t\t<div class='gallery-icon landscape'>\n\t\t\t\t<a href='https:\/\/www.hegykozisuli.hu\/?attachment_id=4622'><img width=\"150\" height=\"150\" src=\"https:\/\/www.hegykozisuli.hu\/wp-content\/uploads\/2016\/02\/t\u00e1boroz\u00e1s-Fony\u00f3dliget2-150x150.png\" class=\"attachment-thumbnail size-thumbnail\" alt=\"\" decoding=\"async\" loading=\"lazy\" aria-describedby=\"gallery-1-4622\" \/><\/a>\n\t\t\t<\/div>\n\t\t\t\t<figcaption class='wp-caption-text gallery-caption' id='gallery-1-4622'>\n\t\t\t\tt\u00e1boroz\u00e1s Fony\u00f3dligeten\n\t\t\t\t<\/figcaption><\/figure><figure class='gallery-item'>\n\t\t\t<div class='gallery-icon landscape'>\n\t\t\t\t<a href='https:\/\/www.hegykozisuli.hu\/?attachment_id=4623'><img width=\"150\" height=\"150\" src=\"https:\/\/www.hegykozisuli.hu\/wp-content\/uploads\/2016\/02\/t\u00e1boroz\u00e1s-Fony\u00f3dliget3-150x150.png\" class=\"attachment-thumbnail size-thumbnail\" alt=\"\" decoding=\"async\" loading=\"lazy\" aria-describedby=\"gallery-1-4623\" \/><\/a>\n\t\t\t<\/div>\n\t\t\t\t<figcaption class='wp-caption-text gallery-caption' id='gallery-1-4623'>\n\t\t\t\tt\u00e1boroz\u00e1s Fony\u00f3dligeten\n\t\t\t\t<\/figcaption><\/figure><figure class='gallery-item'>\n\t\t\t<div class='gallery-icon landscape'>\n\t\t\t\t<a href='https:\/\/www.hegykozisuli.hu\/?attachment_id=4624'><img width=\"150\" height=\"150\" src=\"https:\/\/www.hegykozisuli.hu\/wp-content\/uploads\/2016\/02\/t\u00e1boroz\u00e1s-Fony\u00f3dliget4-150x150.png\" class=\"attachment-thumbnail size-thumbnail\" alt=\"\" decoding=\"async\" loading=\"lazy\" aria-describedby=\"gallery-1-4624\" \/><\/a>\n\t\t\t<\/div>\n\t\t\t\t<figcaption class='wp-caption-text gallery-caption' id='gallery-1-4624'>\n\t\t\t\tt\u00e1boroz\u00e1s Fony\u00f3dligeten\n\t\t\t\t<\/figcaption><\/figure><figure class='gallery-item'>\n\t\t\t<div class='gallery-icon landscape'>\n\t\t\t\t<a href='https:\/\/www.hegykozisuli.hu\/?attachment_id=4625'><img width=\"150\" height=\"150\" src=\"https:\/\/www.hegykozisuli.hu\/wp-content\/uploads\/2016\/02\/t\u00e1boroz\u00e1s-Fony\u00f3dliget5-150x150.png\" class=\"attachment-thumbnail size-thumbnail\" alt=\"\" decoding=\"async\" loading=\"lazy\" aria-describedby=\"gallery-1-4625\" \/><\/a>\n\t\t\t<\/div>\n\t\t\t\t<figcaption class='wp-caption-text gallery-caption' id='gallery-1-4625'>\n\t\t\t\tt\u00e1boroz\u00e1s Fony\u00f3dligeten\n\t\t\t\t<\/figcaption><\/figure><figure class='gallery-item'>\n\t\t\t<div class='gallery-icon landscape'>\n\t\t\t\t<a href='https:\/\/www.hegykozisuli.hu\/?attachment_id=4626'><img width=\"150\" height=\"150\" src=\"https:\/\/www.hegykozisuli.hu\/wp-content\/uploads\/2016\/02\/t\u00e1boroz\u00e1s-F\u00fcz\u00e9rradv\u00e1ny-150x150.png\" class=\"attachment-thumbnail size-thumbnail\" alt=\"\" decoding=\"async\" loading=\"lazy\" aria-describedby=\"gallery-1-4626\" \/><\/a>\n\t\t\t<\/div>\n\t\t\t\t<figcaption class='wp-caption-text gallery-caption' id='gallery-1-4626'>\n\t\t\t\tt\u00e1boroz\u00e1s F\u00fcz\u00e9rradv\u00e1nyban\n\t\t\t\t<\/figcaption><\/figure><figure class='gallery-item'>\n\t\t\t<div class='gallery-icon landscape'>\n\t\t\t\t<a href='https:\/\/www.hegykozisuli.hu\/?attachment_id=4627'><img width=\"150\" height=\"150\" src=\"https:\/\/www.hegykozisuli.hu\/wp-content\/uploads\/2016\/02\/t\u00e1boroz\u00e1s-F\u00fcz\u00e9rradv\u00e1ny2-150x150.png\" class=\"attachment-thumbnail size-thumbnail\" alt=\"\" decoding=\"async\" loading=\"lazy\" aria-describedby=\"gallery-1-4627\" \/><\/a>\n\t\t\t<\/div>\n\t\t\t\t<figcaption class='wp-caption-text gallery-caption' id='gallery-1-4627'>\n\t\t\t\tt\u00e1boroz\u00e1s F\u00fcz\u00e9rradv\u00e1nyban\n\t\t\t\t<\/figcaption><\/figure><figure class='gallery-item'>\n\t\t\t<div class='gallery-icon landscape'>\n\t\t\t\t<a href='https:\/\/www.hegykozisuli.hu\/?attachment_id=4628'><img width=\"150\" height=\"150\" src=\"https:\/\/www.hegykozisuli.hu\/wp-content\/uploads\/2016\/02\/t\u00e1boroz\u00e1s-F\u00fcz\u00e9rradv\u00e1ny3-150x150.png\" class=\"attachment-thumbnail size-thumbnail\" alt=\"\" decoding=\"async\" loading=\"lazy\" aria-describedby=\"gallery-1-4628\" \/><\/a>\n\t\t\t<\/div>\n\t\t\t\t<figcaption class='wp-caption-text gallery-caption' id='gallery-1-4628'>\n\t\t\t\tt\u00e1boroz\u00e1s F\u00fcz\u00e9rradv\u00e1nyban\n\t\t\t\t<\/figcaption><\/figure><figure class='gallery-item'>\n\t\t\t<div class='gallery-icon landscape'>\n\t\t\t\t<a href='https:\/\/www.hegykozisuli.hu\/?attachment_id=4629'><img width=\"150\" height=\"150\" src=\"https:\/\/www.hegykozisuli.hu\/wp-content\/uploads\/2016\/02\/t\u00e1boroz\u00e1s-F\u00fcz\u00e9rradv\u00e1ny4-150x150.png\" class=\"attachment-thumbnail size-thumbnail\" alt=\"\" decoding=\"async\" loading=\"lazy\" aria-describedby=\"gallery-1-4629\" \/><\/a>\n\t\t\t<\/div>\n\t\t\t\t<figcaption class='wp-caption-text gallery-caption' id='gallery-1-4629'>\n\t\t\t\tt\u00e1boroz\u00e1s F\u00fcz\u00e9rradv\u00e1nyban\n\t\t\t\t<\/figcaption><\/figure><figure class='gallery-item'>\n\t\t\t<div class='gallery-icon landscape'>\n\t\t\t\t<a href='https:\/\/www.hegykozisuli.hu\/?attachment_id=4630'><img width=\"150\" height=\"150\" src=\"https:\/\/www.hegykozisuli.hu\/wp-content\/uploads\/2016\/02\/t\u00e1boroz\u00e1s-F\u00fcz\u00e9rradv\u00e1ny5-150x150.png\" class=\"attachment-thumbnail size-thumbnail\" alt=\"\" decoding=\"async\" loading=\"lazy\" aria-describedby=\"gallery-1-4630\" \/><\/a>\n\t\t\t<\/div>\n\t\t\t\t<figcaption class='wp-caption-text gallery-caption' id='gallery-1-4630'>\n\t\t\t\tt\u00e1boroz\u00e1s F\u00fcz\u00e9rradv\u00e1nyban\n\t\t\t\t<\/figcaption><\/figure><figure class='gallery-item'>\n\t\t\t<div class='gallery-icon landscape'>\n\t\t\t\t<a href='https:\/\/www.hegykozisuli.hu\/?attachment_id=4631'><img width=\"150\" height=\"150\" src=\"https:\/\/www.hegykozisuli.hu\/wp-content\/uploads\/2016\/02\/tan\u00e9vnyit\u00f3-150x150.png\" class=\"attachment-thumbnail size-thumbnail\" alt=\"\" decoding=\"async\" loading=\"lazy\" aria-describedby=\"gallery-1-4631\" \/><\/a>\n\t\t\t<\/div>\n\t\t\t\t<figcaption class='wp-caption-text gallery-caption' id='gallery-1-4631'>\n\t\t\t\ttan\u00e9vnyit\u00f3\n\t\t\t\t<\/figcaption><\/figure><figure class='gallery-item'>\n\t\t\t<div class='gallery-icon landscape'>\n\t\t\t\t<a href='https:\/\/www.hegykozisuli.hu\/?attachment_id=4632'><img width=\"150\" height=\"150\" src=\"https:\/\/www.hegykozisuli.hu\/wp-content\/uploads\/2016\/02\/tan\u00e9vnyit\u00f32-150x150.png\" class=\"attachment-thumbnail size-thumbnail\" alt=\"\" decoding=\"async\" loading=\"lazy\" aria-describedby=\"gallery-1-4632\" \/><\/a>\n\t\t\t<\/div>\n\t\t\t\t<figcaption class='wp-caption-text gallery-caption' id='gallery-1-4632'>\n\t\t\t\ttan\u00e9vnyit\u00f3\n\t\t\t\t<\/figcaption><\/figure><figure class='gallery-item'>\n\t\t\t<div class='gallery-icon landscape'>\n\t\t\t\t<a href='https:\/\/www.hegykozisuli.hu\/?attachment_id=4633'><img width=\"150\" height=\"150\" src=\"https:\/\/www.hegykozisuli.hu\/wp-content\/uploads\/2016\/02\/tan\u00e9vz\u00e1r\u00f3-150x150.png\" class=\"attachment-thumbnail size-thumbnail\" alt=\"\" decoding=\"async\" loading=\"lazy\" aria-describedby=\"gallery-1-4633\" \/><\/a>\n\t\t\t<\/div>\n\t\t\t\t<figcaption class='wp-caption-text gallery-caption' id='gallery-1-4633'>\n\t\t\t\t\u00e9vz\u00e1r\u00f3\n\t\t\t\t<\/figcaption><\/figure><figure class='gallery-item'>\n\t\t\t<div class='gallery-icon landscape'>\n\t\t\t\t<a href='https:\/\/www.hegykozisuli.hu\/?attachment_id=4634'><img width=\"150\" height=\"150\" src=\"https:\/\/www.hegykozisuli.hu\/wp-content\/uploads\/2016\/02\/tan\u00e9vz\u00e1r\u00f32-150x150.png\" class=\"attachment-thumbnail size-thumbnail\" alt=\"\" decoding=\"async\" loading=\"lazy\" aria-describedby=\"gallery-1-4634\" \/><\/a>\n\t\t\t<\/div>\n\t\t\t\t<figcaption class='wp-caption-text gallery-caption' id='gallery-1-4634'>\n\t\t\t\t\u00e9vz\u00e1r\u00f3\n\t\t\t\t<\/figcaption><\/figure><figure class='gallery-item'>\n\t\t\t<div class='gallery-icon landscape'>\n\t\t\t\t<a href='https:\/\/www.hegykozisuli.hu\/?attachment_id=4635'><img width=\"150\" height=\"150\" src=\"https:\/\/www.hegykozisuli.hu\/wp-content\/uploads\/2016\/02\/tan\u00e9vz\u00e1r\u00f33-150x150.png\" class=\"attachment-thumbnail size-thumbnail\" alt=\"\" decoding=\"async\" loading=\"lazy\" aria-describedby=\"gallery-1-4635\" \/><\/a>\n\t\t\t<\/div>\n\t\t\t\t<figcaption class='wp-caption-text gallery-caption' id='gallery-1-4635'>\n\t\t\t\t\u00e9vz\u00e1r\u00f3\n\t\t\t\t<\/figcaption><\/figure><figure class='gallery-item'>\n\t\t\t<div class='gallery-icon landscape'>\n\t\t\t\t<a href='https:\/\/www.hegykozisuli.hu\/?attachment_id=4636'><img width=\"150\" height=\"150\" src=\"https:\/\/www.hegykozisuli.hu\/wp-content\/uploads\/2016\/02\/tan\u00e9vz\u00e1r\u00f34-150x150.png\" class=\"attachment-thumbnail size-thumbnail\" alt=\"\" decoding=\"async\" loading=\"lazy\" aria-describedby=\"gallery-1-4636\" \/><\/a>\n\t\t\t<\/div>\n\t\t\t\t<figcaption class='wp-caption-text gallery-caption' id='gallery-1-4636'>\n\t\t\t\t\u00e9vz\u00e1r\u00f3\n\t\t\t\t<\/figcaption><\/figure><figure class='gallery-item'>\n\t\t\t<div class='gallery-icon landscape'>\n\t\t\t\t<a href='https:\/\/www.hegykozisuli.hu\/?attachment_id=4637'><img width=\"150\" height=\"150\" src=\"https:\/\/www.hegykozisuli.hu\/wp-content\/uploads\/2016\/02\/tan\u00e9vz\u00e1r\u00f35-150x150.png\" class=\"attachment-thumbnail size-thumbnail\" alt=\"\" decoding=\"async\" loading=\"lazy\" aria-describedby=\"gallery-1-4637\" \/><\/a>\n\t\t\t<\/div>\n\t\t\t\t<figcaption class='wp-caption-text gallery-caption' id='gallery-1-4637'>\n\t\t\t\t\u00e9vz\u00e1r\u00f3\n\t\t\t\t<\/figcaption><\/figure><figure class='gallery-item'>\n\t\t\t<div class='gallery-icon landscape'>\n\t\t\t\t<a href='https:\/\/www.hegykozisuli.hu\/?attachment_id=4638'><img width=\"150\" height=\"150\" src=\"https:\/\/www.hegykozisuli.hu\/wp-content\/uploads\/2016\/02\/tan\u00e9vz\u00e1r\u00f36-150x150.png\" class=\"attachment-thumbnail size-thumbnail\" alt=\"\" decoding=\"async\" loading=\"lazy\" aria-describedby=\"gallery-1-4638\" \/><\/a>\n\t\t\t<\/div>\n\t\t\t\t<figcaption class='wp-caption-text gallery-caption' id='gallery-1-4638'>\n\t\t\t\t\u00e9vz\u00e1r\u00f3\n\t\t\t\t<\/figcaption><\/figure><figure class='gallery-item'>\n\t\t\t<div class='gallery-icon landscape'>\n\t\t\t\t<a href='https:\/\/www.hegykozisuli.hu\/?attachment_id=4639'><img width=\"150\" height=\"150\" src=\"https:\/\/www.hegykozisuli.hu\/wp-content\/uploads\/2016\/02\/tan\u00e9vz\u00e1r\u00f37-150x150.png\" class=\"attachment-thumbnail size-thumbnail\" alt=\"\" decoding=\"async\" loading=\"lazy\" aria-describedby=\"gallery-1-4639\" \/><\/a>\n\t\t\t<\/div>\n\t\t\t\t<figcaption class='wp-caption-text gallery-caption' id='gallery-1-4639'>\n\t\t\t\t\u00e9vz\u00e1r\u00f3\n\t\t\t\t<\/figcaption><\/figure><figure class='gallery-item'>\n\t\t\t<div class='gallery-icon landscape'>\n\t\t\t\t<a href='https:\/\/www.hegykozisuli.hu\/?attachment_id=4641'><img width=\"150\" height=\"150\" src=\"https:\/\/www.hegykozisuli.hu\/wp-content\/uploads\/2016\/02\/1996_8a_j\u00f3-150x150.jpg\" class=\"attachment-thumbnail size-thumbnail\" alt=\"\" decoding=\"async\" loading=\"lazy\" aria-describedby=\"gallery-1-4641\" \/><\/a>\n\t\t\t<\/div>\n\t\t\t\t<figcaption class='wp-caption-text gallery-caption' id='gallery-1-4641'>\n\t\t\t\t8.a oszt\u00e1ly\n\t\t\t\t<\/figcaption><\/figure><figure class='gallery-item'>\n\t\t\t<div class='gallery-icon landscape'>\n\t\t\t\t<a href='https:\/\/www.hegykozisuli.hu\/?attachment_id=4642'><img width=\"150\" height=\"150\" src=\"https:\/\/www.hegykozisuli.hu\/wp-content\/uploads\/2016\/02\/1996_8b_j\u00f3-150x150.jpg\" class=\"attachment-thumbnail size-thumbnail\" alt=\"\" decoding=\"async\" loading=\"lazy\" aria-describedby=\"gallery-1-4642\" \/><\/a>\n\t\t\t<\/div>\n\t\t\t\t<figcaption class='wp-caption-text gallery-caption' id='gallery-1-4642'>\n\t\t\t\t8.b oszt\u00e1ly\n\t\t\t\t<\/figcaption><\/figure>\n\t\t<\/div>\n\n","protected":false},"excerpt":{"rendered":"","protected":false},"author":2,"featured_media":0,"parent":0,"menu_order":0,"comment_status":"closed","ping_status":"closed","template":"","meta":[],"_links":{"self":[{"href":"https:\/\/www.hegykozisuli.hu\/index.php?rest_route=\/wp\/v2\/pages\/4488"}],"collection":[{"href":"https:\/\/www.hegykozisuli.hu\/index.php?rest_route=\/wp\/v2\/pages"}],"about":[{"href":"https:\/\/www.hegykozisuli.hu\/index.php?rest_route=\/wp\/v2\/types\/page"}],"author":[{"embeddable":true,"href":"https:\/\/www.hegykozisuli.hu\/index.php?rest_route=\/wp\/v2\/users\/2"}],"replies":[{"embeddable":true,"href":"https:\/\/www.hegykozisuli.hu\/index.php?rest_route=%2Fwp%2Fv2%2Fcomments&post=4488"}],"version-history":[{"count":3,"href":"https:\/\/www.hegykozisuli.hu\/index.php?rest_route=\/wp\/v2\/pages\/4488\/revisions"}],"predecessor-version":[{"id":4643,"href":"https:\/\/www.hegykozisuli.hu\/index.php?rest_route=\/wp\/v2\/pages\/4488\/revisions\/4643"}],"wp:attachment":[{"href":"https:\/\/www.hegykozisuli.hu\/index.php?rest_route=%2Fwp%2Fv2%2Fmedia&parent=4488"}],"curies":[{"name":"wp","href":"https:\/\/api.w.org\/{rel}","templated":true}]}}