{"id":4496,"date":"2016-02-29T13:48:14","date_gmt":"2016-02-29T13:48:14","guid":{"rendered":"http:\/\/www.hegykozisuli.hu\/?page_id=4496"},"modified":"2016-03-03T08:41:16","modified_gmt":"2016-03-03T08:41:16","slug":"1999-2000","status":"publish","type":"page","link":"https:\/\/www.hegykozisuli.hu\/?page_id=4496","title":{"rendered":"1999-2000"},"content":{"rendered":"<div id='gallery-1' class='gallery galleryid-4496 gallery-columns-3 gallery-size-thumbnail'><figure class='gallery-item'>\n\t\t\t<div class='gallery-icon landscape'>\n\t\t\t\t<a href='https:\/\/www.hegykozisuli.hu\/?attachment_id=4779'><img width=\"150\" height=\"150\" src=\"https:\/\/www.hegykozisuli.hu\/wp-content\/uploads\/2016\/02\/1.-oszt\u00e1ly2-150x150.png\" class=\"attachment-thumbnail size-thumbnail\" alt=\"\" decoding=\"async\" loading=\"lazy\" aria-describedby=\"gallery-1-4779\" \/><\/a>\n\t\t\t<\/div>\n\t\t\t\t<figcaption class='wp-caption-text gallery-caption' id='gallery-1-4779'>\n\t\t\t\t1. oszt\u00e1ly\n\t\t\t\t<\/figcaption><\/figure><figure class='gallery-item'>\n\t\t\t<div class='gallery-icon landscape'>\n\t\t\t\t<a href='https:\/\/www.hegykozisuli.hu\/?attachment_id=4780'><img width=\"150\" height=\"150\" src=\"https:\/\/www.hegykozisuli.hu\/wp-content\/uploads\/2016\/02\/2.-oszt\u00e1ly1-150x150.png\" class=\"attachment-thumbnail size-thumbnail\" alt=\"\" decoding=\"async\" loading=\"lazy\" aria-describedby=\"gallery-1-4780\" \/><\/a>\n\t\t\t<\/div>\n\t\t\t\t<figcaption class='wp-caption-text gallery-caption' id='gallery-1-4780'>\n\t\t\t\t2. oszt\u00e1ly\n\t\t\t\t<\/figcaption><\/figure><figure class='gallery-item'>\n\t\t\t<div class='gallery-icon landscape'>\n\t\t\t\t<a href='https:\/\/www.hegykozisuli.hu\/?attachment_id=4781'><img width=\"150\" height=\"150\" src=\"https:\/\/www.hegykozisuli.hu\/wp-content\/uploads\/2016\/02\/4.a-oszt\u00e1ly1-150x150.png\" class=\"attachment-thumbnail size-thumbnail\" alt=\"\" decoding=\"async\" loading=\"lazy\" aria-describedby=\"gallery-1-4781\" \/><\/a>\n\t\t\t<\/div>\n\t\t\t\t<figcaption class='wp-caption-text gallery-caption' id='gallery-1-4781'>\n\t\t\t\t4.a oszt\u00e1ly\n\t\t\t\t<\/figcaption><\/figure><figure class='gallery-item'>\n\t\t\t<div class='gallery-icon landscape'>\n\t\t\t\t<a href='https:\/\/www.hegykozisuli.hu\/?attachment_id=4782'><img width=\"150\" height=\"150\" src=\"https:\/\/www.hegykozisuli.hu\/wp-content\/uploads\/2016\/02\/4.b-oszt\u00e1ly1-150x150.png\" class=\"attachment-thumbnail size-thumbnail\" alt=\"\" decoding=\"async\" loading=\"lazy\" aria-describedby=\"gallery-1-4782\" \/><\/a>\n\t\t\t<\/div>\n\t\t\t\t<figcaption class='wp-caption-text gallery-caption' id='gallery-1-4782'>\n\t\t\t\t4.b oszt\u00e1ly\n\t\t\t\t<\/figcaption><\/figure><figure class='gallery-item'>\n\t\t\t<div class='gallery-icon landscape'>\n\t\t\t\t<a href='https:\/\/www.hegykozisuli.hu\/?attachment_id=4783'><img width=\"150\" height=\"150\" src=\"https:\/\/www.hegykozisuli.hu\/wp-content\/uploads\/2016\/02\/5.a-oszt\u00e1ly2-150x150.png\" class=\"attachment-thumbnail size-thumbnail\" alt=\"\" decoding=\"async\" loading=\"lazy\" aria-describedby=\"gallery-1-4783\" \/><\/a>\n\t\t\t<\/div>\n\t\t\t\t<figcaption class='wp-caption-text gallery-caption' id='gallery-1-4783'>\n\t\t\t\t5.a oszt\u00e1ly\n\t\t\t\t<\/figcaption><\/figure><figure class='gallery-item'>\n\t\t\t<div class='gallery-icon landscape'>\n\t\t\t\t<a href='https:\/\/www.hegykozisuli.hu\/?attachment_id=4784'><img width=\"150\" height=\"150\" src=\"https:\/\/www.hegykozisuli.hu\/wp-content\/uploads\/2016\/02\/5.b-oszt\u00e1ly1-150x150.png\" class=\"attachment-thumbnail size-thumbnail\" alt=\"\" decoding=\"async\" loading=\"lazy\" aria-describedby=\"gallery-1-4784\" \/><\/a>\n\t\t\t<\/div>\n\t\t\t\t<figcaption class='wp-caption-text gallery-caption' id='gallery-1-4784'>\n\t\t\t\t5.b oszt\u00e1ly\n\t\t\t\t<\/figcaption><\/figure><figure class='gallery-item'>\n\t\t\t<div class='gallery-icon landscape'>\n\t\t\t\t<a href='https:\/\/www.hegykozisuli.hu\/?attachment_id=4785'><img width=\"150\" height=\"150\" src=\"https:\/\/www.hegykozisuli.hu\/wp-content\/uploads\/2016\/02\/6.a-oszt\u00e1ly4-150x150.png\" class=\"attachment-thumbnail size-thumbnail\" alt=\"\" decoding=\"async\" loading=\"lazy\" aria-describedby=\"gallery-1-4785\" \/><\/a>\n\t\t\t<\/div>\n\t\t\t\t<figcaption class='wp-caption-text gallery-caption' id='gallery-1-4785'>\n\t\t\t\t6.a oszt\u00e1ly\n\t\t\t\t<\/figcaption><\/figure><figure class='gallery-item'>\n\t\t\t<div class='gallery-icon landscape'>\n\t\t\t\t<a href='https:\/\/www.hegykozisuli.hu\/?attachment_id=4786'><img width=\"150\" height=\"150\" src=\"https:\/\/www.hegykozisuli.hu\/wp-content\/uploads\/2016\/02\/6.b-oszt\u00e1ly2-150x150.png\" class=\"attachment-thumbnail size-thumbnail\" alt=\"\" decoding=\"async\" loading=\"lazy\" aria-describedby=\"gallery-1-4786\" \/><\/a>\n\t\t\t<\/div>\n\t\t\t\t<figcaption class='wp-caption-text gallery-caption' id='gallery-1-4786'>\n\t\t\t\t6.b oszt\u00e1ly\n\t\t\t\t<\/figcaption><\/figure><figure class='gallery-item'>\n\t\t\t<div class='gallery-icon landscape'>\n\t\t\t\t<a href='https:\/\/www.hegykozisuli.hu\/?attachment_id=4787'><img width=\"150\" height=\"150\" src=\"https:\/\/www.hegykozisuli.hu\/wp-content\/uploads\/2016\/02\/7.a-oszt\u00e1ly3-150x150.png\" class=\"attachment-thumbnail size-thumbnail\" alt=\"\" decoding=\"async\" loading=\"lazy\" aria-describedby=\"gallery-1-4787\" \/><\/a>\n\t\t\t<\/div>\n\t\t\t\t<figcaption class='wp-caption-text gallery-caption' id='gallery-1-4787'>\n\t\t\t\t7.a oszt\u00e1ly\n\t\t\t\t<\/figcaption><\/figure><figure class='gallery-item'>\n\t\t\t<div class='gallery-icon landscape'>\n\t\t\t\t<a href='https:\/\/www.hegykozisuli.hu\/?attachment_id=4788'><img width=\"150\" height=\"150\" src=\"https:\/\/www.hegykozisuli.hu\/wp-content\/uploads\/2016\/02\/7.b-oszt\u00e1ly2-150x150.png\" class=\"attachment-thumbnail size-thumbnail\" alt=\"\" decoding=\"async\" loading=\"lazy\" aria-describedby=\"gallery-1-4788\" \/><\/a>\n\t\t\t<\/div>\n\t\t\t\t<figcaption class='wp-caption-text gallery-caption' id='gallery-1-4788'>\n\t\t\t\t7.b oszt\u00e1ly\n\t\t\t\t<\/figcaption><\/figure><figure class='gallery-item'>\n\t\t\t<div class='gallery-icon landscape'>\n\t\t\t\t<a href='https:\/\/www.hegykozisuli.hu\/?attachment_id=4789'><img width=\"150\" height=\"150\" src=\"https:\/\/www.hegykozisuli.hu\/wp-content\/uploads\/2016\/02\/8.a-oszt\u00e1ly4-150x150.png\" class=\"attachment-thumbnail size-thumbnail\" alt=\"\" decoding=\"async\" loading=\"lazy\" aria-describedby=\"gallery-1-4789\" \/><\/a>\n\t\t\t<\/div>\n\t\t\t\t<figcaption class='wp-caption-text gallery-caption' id='gallery-1-4789'>\n\t\t\t\t8.a oszt\u00e1ly\n\t\t\t\t<\/figcaption><\/figure><figure class='gallery-item'>\n\t\t\t<div class='gallery-icon landscape'>\n\t\t\t\t<a href='https:\/\/www.hegykozisuli.hu\/?attachment_id=4790'><img width=\"150\" height=\"150\" src=\"https:\/\/www.hegykozisuli.hu\/wp-content\/uploads\/2016\/02\/8.b-oszt\u00e1ly3-150x150.png\" class=\"attachment-thumbnail size-thumbnail\" alt=\"\" decoding=\"async\" loading=\"lazy\" aria-describedby=\"gallery-1-4790\" \/><\/a>\n\t\t\t<\/div>\n\t\t\t\t<figcaption class='wp-caption-text gallery-caption' id='gallery-1-4790'>\n\t\t\t\t8.b oszt\u00e1ly\n\t\t\t\t<\/figcaption><\/figure><figure class='gallery-item'>\n\t\t\t<div class='gallery-icon landscape'>\n\t\t\t\t<a href='https:\/\/www.hegykozisuli.hu\/?attachment_id=4791'><img width=\"150\" height=\"150\" src=\"https:\/\/www.hegykozisuli.hu\/wp-content\/uploads\/2016\/02\/\u00e9vnyit\u00f312-150x150.png\" class=\"attachment-thumbnail size-thumbnail\" alt=\"\" decoding=\"async\" loading=\"lazy\" aria-describedby=\"gallery-1-4791\" \/><\/a>\n\t\t\t<\/div>\n\t\t\t\t<figcaption class='wp-caption-text gallery-caption' id='gallery-1-4791'>\n\t\t\t\t\u00e9vnyit\u00f3\n\t\t\t\t<\/figcaption><\/figure><figure class='gallery-item'>\n\t\t\t<div class='gallery-icon landscape'>\n\t\t\t\t<a href='https:\/\/www.hegykozisuli.hu\/?attachment_id=4792'><img width=\"150\" height=\"150\" src=\"https:\/\/www.hegykozisuli.hu\/wp-content\/uploads\/2016\/02\/\u00e9vnyit\u00f327-150x150.png\" class=\"attachment-thumbnail size-thumbnail\" alt=\"\" decoding=\"async\" loading=\"lazy\" aria-describedby=\"gallery-1-4792\" \/><\/a>\n\t\t\t<\/div>\n\t\t\t\t<figcaption class='wp-caption-text gallery-caption' id='gallery-1-4792'>\n\t\t\t\t\u00e9vnyit\u00f3\n\t\t\t\t<\/figcaption><\/figure><figure class='gallery-item'>\n\t\t\t<div class='gallery-icon landscape'>\n\t\t\t\t<a href='https:\/\/www.hegykozisuli.hu\/?attachment_id=4793'><img width=\"150\" height=\"150\" src=\"https:\/\/www.hegykozisuli.hu\/wp-content\/uploads\/2016\/02\/\u00e9vnyit\u00f336-150x150.png\" class=\"attachment-thumbnail size-thumbnail\" alt=\"\" decoding=\"async\" loading=\"lazy\" aria-describedby=\"gallery-1-4793\" \/><\/a>\n\t\t\t<\/div>\n\t\t\t\t<figcaption class='wp-caption-text gallery-caption' id='gallery-1-4793'>\n\t\t\t\t\u00e9vnyit\u00f3\n\t\t\t\t<\/figcaption><\/figure><figure class='gallery-item'>\n\t\t\t<div class='gallery-icon landscape'>\n\t\t\t\t<a href='https:\/\/www.hegykozisuli.hu\/?attachment_id=4794'><img width=\"150\" height=\"150\" src=\"https:\/\/www.hegykozisuli.hu\/wp-content\/uploads\/2016\/02\/farsang14-150x150.png\" class=\"attachment-thumbnail size-thumbnail\" alt=\"\" decoding=\"async\" loading=\"lazy\" aria-describedby=\"gallery-1-4794\" \/><\/a>\n\t\t\t<\/div>\n\t\t\t\t<figcaption class='wp-caption-text gallery-caption' id='gallery-1-4794'>\n\t\t\t\tfarsang\n\t\t\t\t<\/figcaption><\/figure><figure class='gallery-item'>\n\t\t\t<div class='gallery-icon landscape'>\n\t\t\t\t<a href='https:\/\/www.hegykozisuli.hu\/?attachment_id=4795'><img width=\"150\" height=\"150\" src=\"https:\/\/www.hegykozisuli.hu\/wp-content\/uploads\/2016\/02\/farsang26-150x150.png\" class=\"attachment-thumbnail size-thumbnail\" alt=\"\" decoding=\"async\" loading=\"lazy\" aria-describedby=\"gallery-1-4795\" \/><\/a>\n\t\t\t<\/div>\n\t\t\t\t<figcaption class='wp-caption-text gallery-caption' id='gallery-1-4795'>\n\t\t\t\tfarsang\n\t\t\t\t<\/figcaption><\/figure><figure class='gallery-item'>\n\t\t\t<div class='gallery-icon landscape'>\n\t\t\t\t<a href='https:\/\/www.hegykozisuli.hu\/?attachment_id=4796'><img width=\"150\" height=\"150\" src=\"https:\/\/www.hegykozisuli.hu\/wp-content\/uploads\/2016\/02\/farsang33-150x150.png\" class=\"attachment-thumbnail size-thumbnail\" alt=\"\" decoding=\"async\" loading=\"lazy\" aria-describedby=\"gallery-1-4796\" \/><\/a>\n\t\t\t<\/div>\n\t\t\t\t<figcaption class='wp-caption-text gallery-caption' id='gallery-1-4796'>\n\t\t\t\tfarsang\n\t\t\t\t<\/figcaption><\/figure><figure class='gallery-item'>\n\t\t\t<div class='gallery-icon landscape'>\n\t\t\t\t<a href='https:\/\/www.hegykozisuli.hu\/?attachment_id=4797'><img width=\"150\" height=\"150\" src=\"https:\/\/www.hegykozisuli.hu\/wp-content\/uploads\/2016\/02\/informatika-szakk\u00f6r-150x150.png\" class=\"attachment-thumbnail size-thumbnail\" alt=\"\" decoding=\"async\" loading=\"lazy\" aria-describedby=\"gallery-1-4797\" \/><\/a>\n\t\t\t<\/div>\n\t\t\t\t<figcaption class='wp-caption-text gallery-caption' id='gallery-1-4797'>\n\t\t\t\tinformatika szakk\u00f6r\n\t\t\t\t<\/figcaption><\/figure><figure class='gallery-item'>\n\t\t\t<div class='gallery-icon landscape'>\n\t\t\t\t<a href='https:\/\/www.hegykozisuli.hu\/?attachment_id=4798'><img width=\"150\" height=\"150\" src=\"https:\/\/www.hegykozisuli.hu\/wp-content\/uploads\/2016\/02\/informatika-szakk\u00f6r2-150x150.png\" class=\"attachment-thumbnail size-thumbnail\" alt=\"\" decoding=\"async\" loading=\"lazy\" aria-describedby=\"gallery-1-4798\" \/><\/a>\n\t\t\t<\/div>\n\t\t\t\t<figcaption class='wp-caption-text gallery-caption' id='gallery-1-4798'>\n\t\t\t\tinformatika szakk\u00f6r\n\t\t\t\t<\/figcaption><\/figure><figure class='gallery-item'>\n\t\t\t<div class='gallery-icon landscape'>\n\t\t\t\t<a href='https:\/\/www.hegykozisuli.hu\/?attachment_id=4799'><img width=\"150\" height=\"150\" src=\"https:\/\/www.hegykozisuli.hu\/wp-content\/uploads\/2016\/02\/kar\u00e1csony6-150x150.png\" class=\"attachment-thumbnail size-thumbnail\" alt=\"\" decoding=\"async\" loading=\"lazy\" aria-describedby=\"gallery-1-4799\" \/><\/a>\n\t\t\t<\/div>\n\t\t\t\t<figcaption class='wp-caption-text gallery-caption' id='gallery-1-4799'>\n\t\t\t\tkar\u00e1csony\n\t\t\t\t<\/figcaption><\/figure><figure class='gallery-item'>\n\t\t\t<div class='gallery-icon landscape'>\n\t\t\t\t<a href='https:\/\/www.hegykozisuli.hu\/?attachment_id=4800'><img width=\"150\" height=\"150\" src=\"https:\/\/www.hegykozisuli.hu\/wp-content\/uploads\/2016\/02\/kar\u00e1csony23-150x150.png\" class=\"attachment-thumbnail size-thumbnail\" alt=\"\" decoding=\"async\" loading=\"lazy\" aria-describedby=\"gallery-1-4800\" \/><\/a>\n\t\t\t<\/div>\n\t\t\t\t<figcaption class='wp-caption-text gallery-caption' id='gallery-1-4800'>\n\t\t\t\tkar\u00e1csony\n\t\t\t\t<\/figcaption><\/figure><figure class='gallery-item'>\n\t\t\t<div class='gallery-icon landscape'>\n\t\t\t\t<a href='https:\/\/www.hegykozisuli.hu\/?attachment_id=4801'><img width=\"150\" height=\"150\" src=\"https:\/\/www.hegykozisuli.hu\/wp-content\/uploads\/2016\/02\/kar\u00e1csony32-150x150.png\" class=\"attachment-thumbnail size-thumbnail\" alt=\"\" decoding=\"async\" loading=\"lazy\" aria-describedby=\"gallery-1-4801\" \/><\/a>\n\t\t\t<\/div>\n\t\t\t\t<figcaption class='wp-caption-text gallery-caption' id='gallery-1-4801'>\n\t\t\t\tkar\u00e1csony\n\t\t\t\t<\/figcaption><\/figure><figure class='gallery-item'>\n\t\t\t<div class='gallery-icon landscape'>\n\t\t\t\t<a href='https:\/\/www.hegykozisuli.hu\/?attachment_id=4802'><img width=\"150\" height=\"150\" src=\"https:\/\/www.hegykozisuli.hu\/wp-content\/uploads\/2016\/02\/m\u00e1rcius-15-150x150.png\" class=\"attachment-thumbnail size-thumbnail\" alt=\"\" decoding=\"async\" loading=\"lazy\" aria-describedby=\"gallery-1-4802\" \/><\/a>\n\t\t\t<\/div>\n\t\t\t\t<figcaption class='wp-caption-text gallery-caption' id='gallery-1-4802'>\n\t\t\t\tm\u00e1rcius 15.\n\t\t\t\t<\/figcaption><\/figure><figure class='gallery-item'>\n\t\t\t<div class='gallery-icon landscape'>\n\t\t\t\t<a href='https:\/\/www.hegykozisuli.hu\/?attachment_id=4803'><img width=\"150\" height=\"150\" src=\"https:\/\/www.hegykozisuli.hu\/wp-content\/uploads\/2016\/02\/m\u00e1rcius-152-150x150.png\" class=\"attachment-thumbnail size-thumbnail\" alt=\"\" decoding=\"async\" loading=\"lazy\" aria-describedby=\"gallery-1-4803\" \/><\/a>\n\t\t\t<\/div>\n\t\t\t\t<figcaption class='wp-caption-text gallery-caption' id='gallery-1-4803'>\n\t\t\t\tm\u00e1rcius 15.\n\t\t\t\t<\/figcaption><\/figure><figure class='gallery-item'>\n\t\t\t<div class='gallery-icon landscape'>\n\t\t\t\t<a href='https:\/\/www.hegykozisuli.hu\/?attachment_id=4804'><img width=\"150\" height=\"150\" src=\"https:\/\/www.hegykozisuli.hu\/wp-content\/uploads\/2016\/02\/m\u00e1rcius-153-150x150.png\" class=\"attachment-thumbnail size-thumbnail\" alt=\"\" decoding=\"async\" loading=\"lazy\" aria-describedby=\"gallery-1-4804\" \/><\/a>\n\t\t\t<\/div>\n\t\t\t\t<figcaption class='wp-caption-text gallery-caption' id='gallery-1-4804'>\n\t\t\t\tm\u00e1rcius 15.\n\t\t\t\t<\/figcaption><\/figure><figure class='gallery-item'>\n\t\t\t<div class='gallery-icon landscape'>\n\t\t\t\t<a href='https:\/\/www.hegykozisuli.hu\/?attachment_id=4805'><img width=\"150\" height=\"150\" src=\"https:\/\/www.hegykozisuli.hu\/wp-content\/uploads\/2016\/02\/milleniumi-k\u00f6nyv\u00e1tad\u00e1s-150x150.png\" class=\"attachment-thumbnail size-thumbnail\" alt=\"\" decoding=\"async\" loading=\"lazy\" aria-describedby=\"gallery-1-4805\" \/><\/a>\n\t\t\t<\/div>\n\t\t\t\t<figcaption class='wp-caption-text gallery-caption' id='gallery-1-4805'>\n\t\t\t\tmilleniumi k\u00f6nyv\u00e1tad\u00e1s els\u0151s\u00f6knek\n\t\t\t\t<\/figcaption><\/figure><figure class='gallery-item'>\n\t\t\t<div class='gallery-icon landscape'>\n\t\t\t\t<a href='https:\/\/www.hegykozisuli.hu\/?attachment_id=4806'><img width=\"150\" height=\"150\" src=\"https:\/\/www.hegykozisuli.hu\/wp-content\/uploads\/2016\/02\/milleniumi-k\u00f6nyv\u00e1tad\u00e1s2-150x150.png\" class=\"attachment-thumbnail size-thumbnail\" alt=\"\" decoding=\"async\" loading=\"lazy\" aria-describedby=\"gallery-1-4806\" \/><\/a>\n\t\t\t<\/div>\n\t\t\t\t<figcaption class='wp-caption-text gallery-caption' id='gallery-1-4806'>\n\t\t\t\tmilleniumi k\u00f6nyv\u00e1tad\u00e1s els\u0151s\u00f6knek\n\t\t\t\t<\/figcaption><\/figure><figure class='gallery-item'>\n\t\t\t<div class='gallery-icon landscape'>\n\t\t\t\t<a href='https:\/\/www.hegykozisuli.hu\/?attachment_id=4807'><img width=\"150\" height=\"150\" src=\"https:\/\/www.hegykozisuli.hu\/wp-content\/uploads\/2016\/02\/milleniumi-k\u00f6nyv\u00e1tad\u00e1s3-150x150.png\" class=\"attachment-thumbnail size-thumbnail\" alt=\"\" decoding=\"async\" loading=\"lazy\" aria-describedby=\"gallery-1-4807\" \/><\/a>\n\t\t\t<\/div>\n\t\t\t\t<figcaption class='wp-caption-text gallery-caption' id='gallery-1-4807'>\n\t\t\t\tmilleniumi k\u00f6nyv\u00e1tad\u00e1s els\u0151s\u00f6knek\n\t\t\t\t<\/figcaption><\/figure><figure class='gallery-item'>\n\t\t\t<div class='gallery-icon landscape'>\n\t\t\t\t<a href='https:\/\/www.hegykozisuli.hu\/?attachment_id=4808'><img width=\"150\" height=\"150\" src=\"https:\/\/www.hegykozisuli.hu\/wp-content\/uploads\/2016\/02\/n\u0151nap1-150x150.png\" class=\"attachment-thumbnail size-thumbnail\" alt=\"\" decoding=\"async\" loading=\"lazy\" aria-describedby=\"gallery-1-4808\" \/><\/a>\n\t\t\t<\/div>\n\t\t\t\t<figcaption class='wp-caption-text gallery-caption' id='gallery-1-4808'>\n\t\t\t\tn\u0151nap\n\t\t\t\t<\/figcaption><\/figure><figure class='gallery-item'>\n\t\t\t<div class='gallery-icon landscape'>\n\t\t\t\t<a href='https:\/\/www.hegykozisuli.hu\/?attachment_id=4809'><img width=\"150\" height=\"150\" src=\"https:\/\/www.hegykozisuli.hu\/wp-content\/uploads\/2016\/02\/n\u0151nap21-150x150.png\" class=\"attachment-thumbnail size-thumbnail\" alt=\"\" decoding=\"async\" loading=\"lazy\" aria-describedby=\"gallery-1-4809\" \/><\/a>\n\t\t\t<\/div>\n\t\t\t\t<figcaption class='wp-caption-text gallery-caption' id='gallery-1-4809'>\n\t\t\t\tn\u0151nap\n\t\t\t\t<\/figcaption><\/figure><figure class='gallery-item'>\n\t\t\t<div class='gallery-icon landscape'>\n\t\t\t\t<a href='https:\/\/www.hegykozisuli.hu\/?attachment_id=4810'><img width=\"150\" height=\"150\" src=\"https:\/\/www.hegykozisuli.hu\/wp-content\/uploads\/2016\/02\/t\u00e1boroz\u00e1s-Tiszaf\u00fcreden-150x150.png\" class=\"attachment-thumbnail size-thumbnail\" alt=\"\" decoding=\"async\" loading=\"lazy\" aria-describedby=\"gallery-1-4810\" \/><\/a>\n\t\t\t<\/div>\n\t\t\t\t<figcaption class='wp-caption-text gallery-caption' id='gallery-1-4810'>\n\t\t\t\tt\u00e1boroz\u00e1s Tiszaf\u00fcreden\n\t\t\t\t<\/figcaption><\/figure><figure class='gallery-item'>\n\t\t\t<div class='gallery-icon landscape'>\n\t\t\t\t<a href='https:\/\/www.hegykozisuli.hu\/?attachment_id=4811'><img width=\"150\" height=\"150\" src=\"https:\/\/www.hegykozisuli.hu\/wp-content\/uploads\/2016\/02\/t\u00e1boroz\u00e1s-Tiszaf\u00fcreden2-150x150.png\" class=\"attachment-thumbnail size-thumbnail\" alt=\"\" decoding=\"async\" loading=\"lazy\" aria-describedby=\"gallery-1-4811\" \/><\/a>\n\t\t\t<\/div>\n\t\t\t\t<figcaption class='wp-caption-text gallery-caption' id='gallery-1-4811'>\n\t\t\t\tt\u00e1boroz\u00e1s Tiszaf\u00fcreden\n\t\t\t\t<\/figcaption><\/figure><figure class='gallery-item'>\n\t\t\t<div class='gallery-icon landscape'>\n\t\t\t\t<a href='https:\/\/www.hegykozisuli.hu\/?attachment_id=4812'><img width=\"150\" height=\"150\" src=\"https:\/\/www.hegykozisuli.hu\/wp-content\/uploads\/2016\/02\/t\u00e1boroz\u00e1s-Tiszaf\u00fcreden3-150x150.png\" class=\"attachment-thumbnail size-thumbnail\" alt=\"\" decoding=\"async\" loading=\"lazy\" aria-describedby=\"gallery-1-4812\" \/><\/a>\n\t\t\t<\/div>\n\t\t\t\t<figcaption class='wp-caption-text gallery-caption' id='gallery-1-4812'>\n\t\t\t\tt\u00e1boroz\u00e1s Tiszaf\u00fcreden\n\t\t\t\t<\/figcaption><\/figure><figure class='gallery-item'>\n\t\t\t<div class='gallery-icon landscape'>\n\t\t\t\t<a href='https:\/\/www.hegykozisuli.hu\/?attachment_id=4813'><img width=\"150\" height=\"150\" src=\"https:\/\/www.hegykozisuli.hu\/wp-content\/uploads\/2016\/02\/t\u00e1tika1-150x150.png\" class=\"attachment-thumbnail size-thumbnail\" alt=\"\" decoding=\"async\" loading=\"lazy\" aria-describedby=\"gallery-1-4813\" \/><\/a>\n\t\t\t<\/div>\n\t\t\t\t<figcaption class='wp-caption-text gallery-caption' id='gallery-1-4813'>\n\t\t\t\tt\u00e1tika\n\t\t\t\t<\/figcaption><\/figure><figure class='gallery-item'>\n\t\t\t<div class='gallery-icon landscape'>\n\t\t\t\t<a href='https:\/\/www.hegykozisuli.hu\/?attachment_id=4814'><img width=\"150\" height=\"150\" src=\"https:\/\/www.hegykozisuli.hu\/wp-content\/uploads\/2016\/02\/t\u00e1tika21-150x150.png\" class=\"attachment-thumbnail size-thumbnail\" alt=\"\" decoding=\"async\" loading=\"lazy\" aria-describedby=\"gallery-1-4814\" \/><\/a>\n\t\t\t<\/div>\n\t\t\t\t<figcaption class='wp-caption-text gallery-caption' id='gallery-1-4814'>\n\t\t\t\tt\u00e1tika\n\t\t\t\t<\/figcaption><\/figure><figure class='gallery-item'>\n\t\t\t<div class='gallery-icon landscape'>\n\t\t\t\t<a href='https:\/\/www.hegykozisuli.hu\/?attachment_id=4815'><img width=\"150\" height=\"150\" src=\"https:\/\/www.hegykozisuli.hu\/wp-content\/uploads\/2016\/02\/t\u00e1tika31-150x150.png\" class=\"attachment-thumbnail size-thumbnail\" alt=\"\" decoding=\"async\" loading=\"lazy\" aria-describedby=\"gallery-1-4815\" \/><\/a>\n\t\t\t<\/div>\n\t\t\t\t<figcaption class='wp-caption-text gallery-caption' id='gallery-1-4815'>\n\t\t\t\tt\u00e1tika\n\t\t\t\t<\/figcaption><\/figure><figure class='gallery-item'>\n\t\t\t<div class='gallery-icon landscape'>\n\t\t\t\t<a href='https:\/\/www.hegykozisuli.hu\/?attachment_id=4816'><img width=\"150\" height=\"150\" src=\"https:\/\/www.hegykozisuli.hu\/wp-content\/uploads\/2016\/02\/\u00fasz\u00e1soktat\u00e1s-150x150.png\" class=\"attachment-thumbnail size-thumbnail\" alt=\"\" decoding=\"async\" loading=\"lazy\" aria-describedby=\"gallery-1-4816\" \/><\/a>\n\t\t\t<\/div>\n\t\t\t\t<figcaption class='wp-caption-text gallery-caption' id='gallery-1-4816'>\n\t\t\t\t\u00fasz\u00e1soktat\u00e1s\n\t\t\t\t<\/figcaption><\/figure><figure class='gallery-item'>\n\t\t\t<div class='gallery-icon landscape'>\n\t\t\t\t<a href='https:\/\/www.hegykozisuli.hu\/?attachment_id=4817'><img width=\"150\" height=\"150\" src=\"https:\/\/www.hegykozisuli.hu\/wp-content\/uploads\/2016\/02\/\u00fasz\u00e1soktat\u00e1s2-150x150.png\" class=\"attachment-thumbnail size-thumbnail\" alt=\"\" decoding=\"async\" loading=\"lazy\" aria-describedby=\"gallery-1-4817\" \/><\/a>\n\t\t\t<\/div>\n\t\t\t\t<figcaption class='wp-caption-text gallery-caption' id='gallery-1-4817'>\n\t\t\t\t\u00fasz\u00e1soktat\u00e1s\n\t\t\t\t<\/figcaption><\/figure><figure class='gallery-item'>\n\t\t\t<div class='gallery-icon landscape'>\n\t\t\t\t<a href='https:\/\/www.hegykozisuli.hu\/?attachment_id=4818'><img width=\"150\" height=\"150\" src=\"https:\/\/www.hegykozisuli.hu\/wp-content\/uploads\/2016\/02\/\u00fasz\u00e1soktat\u00e1s3-150x150.png\" class=\"attachment-thumbnail size-thumbnail\" alt=\"\" decoding=\"async\" loading=\"lazy\" aria-describedby=\"gallery-1-4818\" \/><\/a>\n\t\t\t<\/div>\n\t\t\t\t<figcaption class='wp-caption-text gallery-caption' id='gallery-1-4818'>\n\t\t\t\t\u00fasz\u00e1soktat\u00e1s\n\t\t\t\t<\/figcaption><\/figure><figure class='gallery-item'>\n\t\t\t<div class='gallery-icon landscape'>\n\t\t\t\t<a href='https:\/\/www.hegykozisuli.hu\/?attachment_id=4819'><img width=\"150\" height=\"150\" src=\"https:\/\/www.hegykozisuli.hu\/wp-content\/uploads\/2016\/02\/vas\u00fat\u00e1llom\u00e1s-\u00e1tad\u00e1s-150x150.png\" class=\"attachment-thumbnail size-thumbnail\" alt=\"\" decoding=\"async\" loading=\"lazy\" aria-describedby=\"gallery-1-4819\" \/><\/a>\n\t\t\t<\/div>\n\t\t\t\t<figcaption class='wp-caption-text gallery-caption' id='gallery-1-4819'>\n\t\t\t\tvas\u00fat\u00e1llom\u00e1s \u00e1tad\u00e1s\n\t\t\t\t<\/figcaption><\/figure><figure class='gallery-item'>\n\t\t\t<div class='gallery-icon landscape'>\n\t\t\t\t<a href='https:\/\/www.hegykozisuli.hu\/?attachment_id=4820'><img width=\"150\" height=\"150\" src=\"https:\/\/www.hegykozisuli.hu\/wp-content\/uploads\/2016\/02\/vas\u00fat\u00e1llom\u00e1s-\u00e1tad\u00e1s2-150x150.png\" class=\"attachment-thumbnail size-thumbnail\" alt=\"\" decoding=\"async\" loading=\"lazy\" aria-describedby=\"gallery-1-4820\" \/><\/a>\n\t\t\t<\/div>\n\t\t\t\t<figcaption class='wp-caption-text gallery-caption' id='gallery-1-4820'>\n\t\t\t\tvas\u00fat\u00e1llom\u00e1s \u00e1tad\u00e1s\n\t\t\t\t<\/figcaption><\/figure>\n\t\t<\/div>\n\n","protected":false},"excerpt":{"rendered":"","protected":false},"author":2,"featured_media":0,"parent":0,"menu_order":0,"comment_status":"closed","ping_status":"closed","template":"","meta":[],"_links":{"self":[{"href":"https:\/\/www.hegykozisuli.hu\/index.php?rest_route=\/wp\/v2\/pages\/4496"}],"collection":[{"href":"https:\/\/www.hegykozisuli.hu\/index.php?rest_route=\/wp\/v2\/pages"}],"about":[{"href":"https:\/\/www.hegykozisuli.hu\/index.php?rest_route=\/wp\/v2\/types\/page"}],"author":[{"embeddable":true,"href":"https:\/\/www.hegykozisuli.hu\/index.php?rest_route=\/wp\/v2\/users\/2"}],"replies":[{"embeddable":true,"href":"https:\/\/www.hegykozisuli.hu\/index.php?rest_route=%2Fwp%2Fv2%2Fcomments&post=4496"}],"version-history":[{"count":2,"href":"https:\/\/www.hegykozisuli.hu\/index.php?rest_route=\/wp\/v2\/pages\/4496\/revisions"}],"predecessor-version":[{"id":4821,"href":"https:\/\/www.hegykozisuli.hu\/index.php?rest_route=\/wp\/v2\/pages\/4496\/revisions\/4821"}],"wp:attachment":[{"href":"https:\/\/www.hegykozisuli.hu\/index.php?rest_route=%2Fwp%2Fv2%2Fmedia&parent=4496"}],"curies":[{"name":"wp","href":"https:\/\/api.w.org\/{rel}","templated":true}]}}