{"id":4826,"date":"2016-03-03T08:44:28","date_gmt":"2016-03-03T08:44:28","guid":{"rendered":"http:\/\/www.hegykozisuli.hu\/?page_id=4826"},"modified":"2016-03-05T09:17:53","modified_gmt":"2016-03-05T09:17:53","slug":"2001-2002","status":"publish","type":"page","link":"https:\/\/www.hegykozisuli.hu\/?page_id=4826","title":{"rendered":"2001-2002"},"content":{"rendered":"<div id='gallery-1' class='gallery galleryid-4826 gallery-columns-3 gallery-size-thumbnail'><figure class='gallery-item'>\n\t\t\t<div class='gallery-icon landscape'>\n\t\t\t\t<a href='https:\/\/www.hegykozisuli.hu\/?attachment_id=4905'><img width=\"150\" height=\"150\" src=\"https:\/\/www.hegykozisuli.hu\/wp-content\/uploads\/2016\/03\/1.-oszt\u00e1ly-150x150.png\" class=\"attachment-thumbnail size-thumbnail\" alt=\"\" decoding=\"async\" loading=\"lazy\" aria-describedby=\"gallery-1-4905\" \/><\/a>\n\t\t\t<\/div>\n\t\t\t\t<figcaption class='wp-caption-text gallery-caption' id='gallery-1-4905'>\n\t\t\t\t1. oszt\u00e1ly\n\t\t\t\t<\/figcaption><\/figure><figure class='gallery-item'>\n\t\t\t<div class='gallery-icon landscape'>\n\t\t\t\t<a href='https:\/\/www.hegykozisuli.hu\/?attachment_id=4906'><img width=\"150\" height=\"150\" src=\"https:\/\/www.hegykozisuli.hu\/wp-content\/uploads\/2016\/03\/2.-oszt\u00e1ly-150x150.png\" class=\"attachment-thumbnail size-thumbnail\" alt=\"\" decoding=\"async\" loading=\"lazy\" aria-describedby=\"gallery-1-4906\" \/><\/a>\n\t\t\t<\/div>\n\t\t\t\t<figcaption class='wp-caption-text gallery-caption' id='gallery-1-4906'>\n\t\t\t\t2. oszt\u00e1ly\n\t\t\t\t<\/figcaption><\/figure><figure class='gallery-item'>\n\t\t\t<div class='gallery-icon landscape'>\n\t\t\t\t<a href='https:\/\/www.hegykozisuli.hu\/?attachment_id=4907'><img width=\"150\" height=\"150\" src=\"https:\/\/www.hegykozisuli.hu\/wp-content\/uploads\/2016\/03\/3.-oszt\u00e1ly-150x150.png\" class=\"attachment-thumbnail size-thumbnail\" alt=\"\" decoding=\"async\" loading=\"lazy\" aria-describedby=\"gallery-1-4907\" \/><\/a>\n\t\t\t<\/div>\n\t\t\t\t<figcaption class='wp-caption-text gallery-caption' id='gallery-1-4907'>\n\t\t\t\t3. oszt\u00e1ly\n\t\t\t\t<\/figcaption><\/figure><figure class='gallery-item'>\n\t\t\t<div class='gallery-icon landscape'>\n\t\t\t\t<a href='https:\/\/www.hegykozisuli.hu\/?attachment_id=4908'><img width=\"150\" height=\"150\" src=\"https:\/\/www.hegykozisuli.hu\/wp-content\/uploads\/2016\/03\/4.a-oszt\u00e1ly-150x150.png\" class=\"attachment-thumbnail size-thumbnail\" alt=\"\" decoding=\"async\" loading=\"lazy\" aria-describedby=\"gallery-1-4908\" \/><\/a>\n\t\t\t<\/div>\n\t\t\t\t<figcaption class='wp-caption-text gallery-caption' id='gallery-1-4908'>\n\t\t\t\t4.a oszt\u00e1ly\n\t\t\t\t<\/figcaption><\/figure><figure class='gallery-item'>\n\t\t\t<div class='gallery-icon landscape'>\n\t\t\t\t<a href='https:\/\/www.hegykozisuli.hu\/?attachment_id=4909'><img width=\"150\" height=\"150\" src=\"https:\/\/www.hegykozisuli.hu\/wp-content\/uploads\/2016\/03\/4.b-oszt\u00e1ly-150x150.png\" class=\"attachment-thumbnail size-thumbnail\" alt=\"\" decoding=\"async\" loading=\"lazy\" aria-describedby=\"gallery-1-4909\" \/><\/a>\n\t\t\t<\/div>\n\t\t\t\t<figcaption class='wp-caption-text gallery-caption' id='gallery-1-4909'>\n\t\t\t\t4.b oszt\u00e1ly\n\t\t\t\t<\/figcaption><\/figure><figure class='gallery-item'>\n\t\t\t<div class='gallery-icon landscape'>\n\t\t\t\t<a href='https:\/\/www.hegykozisuli.hu\/?attachment_id=4910'><img width=\"150\" height=\"150\" src=\"https:\/\/www.hegykozisuli.hu\/wp-content\/uploads\/2016\/03\/5.a-oszt\u00e1ly-150x150.png\" class=\"attachment-thumbnail size-thumbnail\" alt=\"\" decoding=\"async\" loading=\"lazy\" aria-describedby=\"gallery-1-4910\" \/><\/a>\n\t\t\t<\/div>\n\t\t\t\t<figcaption class='wp-caption-text gallery-caption' id='gallery-1-4910'>\n\t\t\t\t5.a oszt\u00e1ly\n\t\t\t\t<\/figcaption><\/figure><figure class='gallery-item'>\n\t\t\t<div class='gallery-icon portrait'>\n\t\t\t\t<a href='https:\/\/www.hegykozisuli.hu\/?attachment_id=4911'><img width=\"150\" height=\"150\" src=\"https:\/\/www.hegykozisuli.hu\/wp-content\/uploads\/2016\/03\/5.b-oszt\u00e1ly-150x150.png\" class=\"attachment-thumbnail size-thumbnail\" alt=\"\" decoding=\"async\" loading=\"lazy\" aria-describedby=\"gallery-1-4911\" \/><\/a>\n\t\t\t<\/div>\n\t\t\t\t<figcaption class='wp-caption-text gallery-caption' id='gallery-1-4911'>\n\t\t\t\t5.b oszt\u00e1ly\n\t\t\t\t<\/figcaption><\/figure><figure class='gallery-item'>\n\t\t\t<div class='gallery-icon landscape'>\n\t\t\t\t<a href='https:\/\/www.hegykozisuli.hu\/?attachment_id=4912'><img width=\"150\" height=\"150\" src=\"https:\/\/www.hegykozisuli.hu\/wp-content\/uploads\/2016\/03\/6.a-oszt\u00e1ly-150x150.png\" class=\"attachment-thumbnail size-thumbnail\" alt=\"\" decoding=\"async\" loading=\"lazy\" aria-describedby=\"gallery-1-4912\" \/><\/a>\n\t\t\t<\/div>\n\t\t\t\t<figcaption class='wp-caption-text gallery-caption' id='gallery-1-4912'>\n\t\t\t\t6.a oszt\u00e1ly\n\t\t\t\t<\/figcaption><\/figure><figure class='gallery-item'>\n\t\t\t<div class='gallery-icon landscape'>\n\t\t\t\t<a href='https:\/\/www.hegykozisuli.hu\/?attachment_id=4913'><img width=\"150\" height=\"150\" src=\"https:\/\/www.hegykozisuli.hu\/wp-content\/uploads\/2016\/03\/6.b-oszt\u00e1ly-150x150.png\" class=\"attachment-thumbnail size-thumbnail\" alt=\"\" decoding=\"async\" loading=\"lazy\" aria-describedby=\"gallery-1-4913\" \/><\/a>\n\t\t\t<\/div>\n\t\t\t\t<figcaption class='wp-caption-text gallery-caption' id='gallery-1-4913'>\n\t\t\t\t6.b oszt\u00e1ly\n\t\t\t\t<\/figcaption><\/figure><figure class='gallery-item'>\n\t\t\t<div class='gallery-icon landscape'>\n\t\t\t\t<a href='https:\/\/www.hegykozisuli.hu\/?attachment_id=4914'><img width=\"150\" height=\"150\" src=\"https:\/\/www.hegykozisuli.hu\/wp-content\/uploads\/2016\/03\/7.a-oszt\u00e1ly-150x150.png\" class=\"attachment-thumbnail size-thumbnail\" alt=\"\" decoding=\"async\" loading=\"lazy\" aria-describedby=\"gallery-1-4914\" \/><\/a>\n\t\t\t<\/div>\n\t\t\t\t<figcaption class='wp-caption-text gallery-caption' id='gallery-1-4914'>\n\t\t\t\t7.a oszt\u00e1ly\n\t\t\t\t<\/figcaption><\/figure><figure class='gallery-item'>\n\t\t\t<div class='gallery-icon landscape'>\n\t\t\t\t<a href='https:\/\/www.hegykozisuli.hu\/?attachment_id=4915'><img width=\"150\" height=\"150\" src=\"https:\/\/www.hegykozisuli.hu\/wp-content\/uploads\/2016\/03\/7.b-oszt\u00e1ly-150x150.png\" class=\"attachment-thumbnail size-thumbnail\" alt=\"\" decoding=\"async\" loading=\"lazy\" aria-describedby=\"gallery-1-4915\" \/><\/a>\n\t\t\t<\/div>\n\t\t\t\t<figcaption class='wp-caption-text gallery-caption' id='gallery-1-4915'>\n\t\t\t\t7.b oszt\u00e1ly\n\t\t\t\t<\/figcaption><\/figure><figure class='gallery-item'>\n\t\t\t<div class='gallery-icon landscape'>\n\t\t\t\t<a href='https:\/\/www.hegykozisuli.hu\/?attachment_id=4916'><img width=\"150\" height=\"150\" src=\"https:\/\/www.hegykozisuli.hu\/wp-content\/uploads\/2016\/03\/8.a-oszt\u00e1ly1-150x150.png\" class=\"attachment-thumbnail size-thumbnail\" alt=\"\" decoding=\"async\" loading=\"lazy\" aria-describedby=\"gallery-1-4916\" \/><\/a>\n\t\t\t<\/div>\n\t\t\t\t<figcaption class='wp-caption-text gallery-caption' id='gallery-1-4916'>\n\t\t\t\t8.a oszt\u00e1ly\n\t\t\t\t<\/figcaption><\/figure><figure class='gallery-item'>\n\t\t\t<div class='gallery-icon landscape'>\n\t\t\t\t<a href='https:\/\/www.hegykozisuli.hu\/?attachment_id=4917'><img width=\"150\" height=\"150\" src=\"https:\/\/www.hegykozisuli.hu\/wp-content\/uploads\/2016\/03\/8.b-oszt\u00e1ly1-150x150.png\" class=\"attachment-thumbnail size-thumbnail\" alt=\"\" decoding=\"async\" loading=\"lazy\" aria-describedby=\"gallery-1-4917\" \/><\/a>\n\t\t\t<\/div>\n\t\t\t\t<figcaption class='wp-caption-text gallery-caption' id='gallery-1-4917'>\n\t\t\t\t8.b oszt\u00e1ly\n\t\t\t\t<\/figcaption><\/figure><figure class='gallery-item'>\n\t\t\t<div class='gallery-icon landscape'>\n\t\t\t\t<a href='https:\/\/www.hegykozisuli.hu\/?attachment_id=4918'><img width=\"150\" height=\"150\" src=\"https:\/\/www.hegykozisuli.hu\/wp-content\/uploads\/2016\/03\/b\u00e1l1-150x150.png\" class=\"attachment-thumbnail size-thumbnail\" alt=\"\" decoding=\"async\" loading=\"lazy\" aria-describedby=\"gallery-1-4918\" \/><\/a>\n\t\t\t<\/div>\n\t\t\t\t<figcaption class='wp-caption-text gallery-caption' id='gallery-1-4918'>\n\t\t\t\tb\u00e1l\n\t\t\t\t<\/figcaption><\/figure><figure class='gallery-item'>\n\t\t\t<div class='gallery-icon landscape'>\n\t\t\t\t<a href='https:\/\/www.hegykozisuli.hu\/?attachment_id=4919'><img width=\"150\" height=\"150\" src=\"https:\/\/www.hegykozisuli.hu\/wp-content\/uploads\/2016\/03\/b\u00e1l21-150x150.png\" class=\"attachment-thumbnail size-thumbnail\" alt=\"\" decoding=\"async\" loading=\"lazy\" aria-describedby=\"gallery-1-4919\" \/><\/a>\n\t\t\t<\/div>\n\t\t\t\t<figcaption class='wp-caption-text gallery-caption' id='gallery-1-4919'>\n\t\t\t\tb\u00e1l\n\t\t\t\t<\/figcaption><\/figure><figure class='gallery-item'>\n\t\t\t<div class='gallery-icon landscape'>\n\t\t\t\t<a href='https:\/\/www.hegykozisuli.hu\/?attachment_id=4920'><img width=\"150\" height=\"150\" src=\"https:\/\/www.hegykozisuli.hu\/wp-content\/uploads\/2016\/03\/b\u00e1l31-150x150.png\" class=\"attachment-thumbnail size-thumbnail\" alt=\"\" decoding=\"async\" loading=\"lazy\" aria-describedby=\"gallery-1-4920\" \/><\/a>\n\t\t\t<\/div>\n\t\t\t\t<figcaption class='wp-caption-text gallery-caption' id='gallery-1-4920'>\n\t\t\t\tb\u00e1l\n\t\t\t\t<\/figcaption><\/figure><figure class='gallery-item'>\n\t\t\t<div class='gallery-icon landscape'>\n\t\t\t\t<a href='https:\/\/www.hegykozisuli.hu\/?attachment_id=4921'><img width=\"150\" height=\"150\" src=\"https:\/\/www.hegykozisuli.hu\/wp-content\/uploads\/2016\/03\/gyermekfesztiv\u00e1l-150x150.png\" class=\"attachment-thumbnail size-thumbnail\" alt=\"\" decoding=\"async\" loading=\"lazy\" aria-describedby=\"gallery-1-4921\" \/><\/a>\n\t\t\t<\/div>\n\t\t\t\t<figcaption class='wp-caption-text gallery-caption' id='gallery-1-4921'>\n\t\t\t\tgyermekfesztiv\u00e1l\n\t\t\t\t<\/figcaption><\/figure><figure class='gallery-item'>\n\t\t\t<div class='gallery-icon landscape'>\n\t\t\t\t<a href='https:\/\/www.hegykozisuli.hu\/?attachment_id=4922'><img width=\"150\" height=\"150\" src=\"https:\/\/www.hegykozisuli.hu\/wp-content\/uploads\/2016\/03\/gyermekfesztiv\u00e1l2-150x150.png\" class=\"attachment-thumbnail size-thumbnail\" alt=\"\" decoding=\"async\" loading=\"lazy\" aria-describedby=\"gallery-1-4922\" \/><\/a>\n\t\t\t<\/div>\n\t\t\t\t<figcaption class='wp-caption-text gallery-caption' id='gallery-1-4922'>\n\t\t\t\tgyermekfesztiv\u00e1l\n\t\t\t\t<\/figcaption><\/figure><figure class='gallery-item'>\n\t\t\t<div class='gallery-icon landscape'>\n\t\t\t\t<a href='https:\/\/www.hegykozisuli.hu\/?attachment_id=4923'><img width=\"150\" height=\"150\" src=\"https:\/\/www.hegykozisuli.hu\/wp-content\/uploads\/2016\/03\/gyermekfesztiv\u00e1l3-150x150.png\" class=\"attachment-thumbnail size-thumbnail\" alt=\"\" decoding=\"async\" loading=\"lazy\" aria-describedby=\"gallery-1-4923\" \/><\/a>\n\t\t\t<\/div>\n\t\t\t\t<figcaption class='wp-caption-text gallery-caption' id='gallery-1-4923'>\n\t\t\t\tgyermekfesztiv\u00e1l\n\t\t\t\t<\/figcaption><\/figure><figure class='gallery-item'>\n\t\t\t<div class='gallery-icon landscape'>\n\t\t\t\t<a href='https:\/\/www.hegykozisuli.hu\/?attachment_id=4924'><img width=\"150\" height=\"150\" src=\"https:\/\/www.hegykozisuli.hu\/wp-content\/uploads\/2016\/03\/kar\u00e1csony1-150x150.png\" class=\"attachment-thumbnail size-thumbnail\" alt=\"\" decoding=\"async\" loading=\"lazy\" aria-describedby=\"gallery-1-4924\" \/><\/a>\n\t\t\t<\/div>\n\t\t\t\t<figcaption class='wp-caption-text gallery-caption' id='gallery-1-4924'>\n\t\t\t\tkar\u00e1csony\n\t\t\t\t<\/figcaption><\/figure><figure class='gallery-item'>\n\t\t\t<div class='gallery-icon landscape'>\n\t\t\t\t<a href='https:\/\/www.hegykozisuli.hu\/?attachment_id=4925'><img width=\"150\" height=\"150\" src=\"https:\/\/www.hegykozisuli.hu\/wp-content\/uploads\/2016\/03\/kar\u00e1csony2-150x150.png\" class=\"attachment-thumbnail size-thumbnail\" alt=\"\" decoding=\"async\" loading=\"lazy\" aria-describedby=\"gallery-1-4925\" \/><\/a>\n\t\t\t<\/div>\n\t\t\t\t<figcaption class='wp-caption-text gallery-caption' id='gallery-1-4925'>\n\t\t\t\tkar\u00e1csony\n\t\t\t\t<\/figcaption><\/figure><figure class='gallery-item'>\n\t\t\t<div class='gallery-icon landscape'>\n\t\t\t\t<a href='https:\/\/www.hegykozisuli.hu\/?attachment_id=4926'><img width=\"150\" height=\"150\" src=\"https:\/\/www.hegykozisuli.hu\/wp-content\/uploads\/2016\/03\/kir\u00e1ndul\u00e1s-Fony\u00f3dligeten-150x150.png\" class=\"attachment-thumbnail size-thumbnail\" alt=\"\" decoding=\"async\" loading=\"lazy\" aria-describedby=\"gallery-1-4926\" \/><\/a>\n\t\t\t<\/div>\n\t\t\t\t<figcaption class='wp-caption-text gallery-caption' id='gallery-1-4926'>\n\t\t\t\tkir\u00e1ndul\u00e1s Fony\u00f3dligeten\n\t\t\t\t<\/figcaption><\/figure><figure class='gallery-item'>\n\t\t\t<div class='gallery-icon landscape'>\n\t\t\t\t<a href='https:\/\/www.hegykozisuli.hu\/?attachment_id=4927'><img width=\"150\" height=\"150\" src=\"https:\/\/www.hegykozisuli.hu\/wp-content\/uploads\/2016\/03\/kir\u00e1ndul\u00e1s-Fony\u00f3dligeten2-150x150.png\" class=\"attachment-thumbnail size-thumbnail\" alt=\"\" decoding=\"async\" loading=\"lazy\" aria-describedby=\"gallery-1-4927\" \/><\/a>\n\t\t\t<\/div>\n\t\t\t\t<figcaption class='wp-caption-text gallery-caption' id='gallery-1-4927'>\n\t\t\t\tkir\u00e1ndul\u00e1s Fony\u00f3dligeten\n\t\t\t\t<\/figcaption><\/figure><figure class='gallery-item'>\n\t\t\t<div class='gallery-icon landscape'>\n\t\t\t\t<a href='https:\/\/www.hegykozisuli.hu\/?attachment_id=4928'><img width=\"150\" height=\"150\" src=\"https:\/\/www.hegykozisuli.hu\/wp-content\/uploads\/2016\/03\/kir\u00e1ndul\u00e1s-Fony\u00f3dligeten3-150x150.png\" class=\"attachment-thumbnail size-thumbnail\" alt=\"\" decoding=\"async\" loading=\"lazy\" aria-describedby=\"gallery-1-4928\" \/><\/a>\n\t\t\t<\/div>\n\t\t\t\t<figcaption class='wp-caption-text gallery-caption' id='gallery-1-4928'>\n\t\t\t\tkir\u00e1ndul\u00e1s Fony\u00f3dligeten\n\t\t\t\t<\/figcaption><\/figure><figure class='gallery-item'>\n\t\t\t<div class='gallery-icon landscape'>\n\t\t\t\t<a href='https:\/\/www.hegykozisuli.hu\/?attachment_id=4929'><img width=\"150\" height=\"150\" src=\"https:\/\/www.hegykozisuli.hu\/wp-content\/uploads\/2016\/03\/kov\u00e1csv\u00e1g\u00e1s-1-2-3-oszt\u00e1ly-150x150.png\" class=\"attachment-thumbnail size-thumbnail\" alt=\"\" decoding=\"async\" loading=\"lazy\" aria-describedby=\"gallery-1-4929\" \/><\/a>\n\t\t\t<\/div>\n\t\t\t\t<figcaption class='wp-caption-text gallery-caption' id='gallery-1-4929'>\n\t\t\t\tKov\u00e1csv\u00e1g\u00e1s 1-2-3. oszt\u00e1ly\n\t\t\t\t<\/figcaption><\/figure><figure class='gallery-item'>\n\t\t\t<div class='gallery-icon landscape'>\n\t\t\t\t<a href='https:\/\/www.hegykozisuli.hu\/?attachment_id=4930'><img width=\"150\" height=\"150\" src=\"https:\/\/www.hegykozisuli.hu\/wp-content\/uploads\/2016\/03\/kov\u00e1csv\u00e1g\u00e1s-1-3-oszt\u00e1ly-150x150.png\" class=\"attachment-thumbnail size-thumbnail\" alt=\"\" decoding=\"async\" loading=\"lazy\" aria-describedby=\"gallery-1-4930\" \/><\/a>\n\t\t\t<\/div>\n\t\t\t\t<figcaption class='wp-caption-text gallery-caption' id='gallery-1-4930'>\n\t\t\t\tKov\u00e1csv\u00e1g\u00e1s 1-3 oszt\u00e1ly\n\t\t\t\t<\/figcaption><\/figure><figure class='gallery-item'>\n\t\t\t<div class='gallery-icon landscape'>\n\t\t\t\t<a href='https:\/\/www.hegykozisuli.hu\/?attachment_id=4931'><img width=\"150\" height=\"150\" src=\"https:\/\/www.hegykozisuli.hu\/wp-content\/uploads\/2016\/03\/kov\u00e1csv\u00e1g\u00e1s-2-4-oszt\u00e1ly-150x150.png\" class=\"attachment-thumbnail size-thumbnail\" alt=\"\" decoding=\"async\" loading=\"lazy\" aria-describedby=\"gallery-1-4931\" \/><\/a>\n\t\t\t<\/div>\n\t\t\t\t<figcaption class='wp-caption-text gallery-caption' id='gallery-1-4931'>\n\t\t\t\tKov\u00e1csv\u00e1g\u00e1s 2-4 oszt\u00e1ly\n\t\t\t\t<\/figcaption><\/figure><figure class='gallery-item'>\n\t\t\t<div class='gallery-icon landscape'>\n\t\t\t\t<a href='https:\/\/www.hegykozisuli.hu\/?attachment_id=4932'><img width=\"150\" height=\"150\" src=\"https:\/\/www.hegykozisuli.hu\/wp-content\/uploads\/2016\/03\/tornabemutat\u00f3-150x150.png\" class=\"attachment-thumbnail size-thumbnail\" alt=\"\" decoding=\"async\" loading=\"lazy\" aria-describedby=\"gallery-1-4932\" \/><\/a>\n\t\t\t<\/div>\n\t\t\t\t<figcaption class='wp-caption-text gallery-caption' id='gallery-1-4932'>\n\t\t\t\ttornabemutat\u00f3\n\t\t\t\t<\/figcaption><\/figure><figure class='gallery-item'>\n\t\t\t<div class='gallery-icon portrait'>\n\t\t\t\t<a href='https:\/\/www.hegykozisuli.hu\/?attachment_id=4933'><img width=\"150\" height=\"150\" src=\"https:\/\/www.hegykozisuli.hu\/wp-content\/uploads\/2016\/03\/tornabemutat\u00f32-150x150.png\" class=\"attachment-thumbnail size-thumbnail\" alt=\"\" decoding=\"async\" loading=\"lazy\" aria-describedby=\"gallery-1-4933\" \/><\/a>\n\t\t\t<\/div>\n\t\t\t\t<figcaption class='wp-caption-text gallery-caption' id='gallery-1-4933'>\n\t\t\t\ttornabemutat\u00f3\n\t\t\t\t<\/figcaption><\/figure><figure class='gallery-item'>\n\t\t\t<div class='gallery-icon portrait'>\n\t\t\t\t<a href='https:\/\/www.hegykozisuli.hu\/?attachment_id=4934'><img width=\"150\" height=\"150\" src=\"https:\/\/www.hegykozisuli.hu\/wp-content\/uploads\/2016\/03\/tornabemutat\u00f33-150x150.png\" class=\"attachment-thumbnail size-thumbnail\" alt=\"\" decoding=\"async\" loading=\"lazy\" aria-describedby=\"gallery-1-4934\" \/><\/a>\n\t\t\t<\/div>\n\t\t\t\t<figcaption class='wp-caption-text gallery-caption' id='gallery-1-4934'>\n\t\t\t\ttornabemutat\u00f3\n\t\t\t\t<\/figcaption><\/figure><figure class='gallery-item'>\n\t\t\t<div class='gallery-icon landscape'>\n\t\t\t\t<a href='https:\/\/www.hegykozisuli.hu\/?attachment_id=4936'><img width=\"150\" height=\"150\" src=\"https:\/\/www.hegykozisuli.hu\/wp-content\/uploads\/2016\/03\/tornabemutat\u00f35-150x150.png\" class=\"attachment-thumbnail size-thumbnail\" alt=\"\" decoding=\"async\" loading=\"lazy\" aria-describedby=\"gallery-1-4936\" \/><\/a>\n\t\t\t<\/div>\n\t\t\t\t<figcaption class='wp-caption-text gallery-caption' id='gallery-1-4936'>\n\t\t\t\ttornabemutat\u00f3\n\t\t\t\t<\/figcaption><\/figure><figure class='gallery-item'>\n\t\t\t<div class='gallery-icon landscape'>\n\t\t\t\t<a href='https:\/\/www.hegykozisuli.hu\/?attachment_id=4937'><img width=\"150\" height=\"150\" src=\"https:\/\/www.hegykozisuli.hu\/wp-content\/uploads\/2016\/03\/tornabemutat\u00f36-150x150.png\" class=\"attachment-thumbnail size-thumbnail\" alt=\"\" decoding=\"async\" loading=\"lazy\" aria-describedby=\"gallery-1-4937\" \/><\/a>\n\t\t\t<\/div>\n\t\t\t\t<figcaption class='wp-caption-text gallery-caption' id='gallery-1-4937'>\n\t\t\t\ttornabemutat\u00f3\n\t\t\t\t<\/figcaption><\/figure><figure class='gallery-item'>\n\t\t\t<div class='gallery-icon landscape'>\n\t\t\t\t<a href='https:\/\/www.hegykozisuli.hu\/?attachment_id=4938'><img width=\"150\" height=\"150\" src=\"https:\/\/www.hegykozisuli.hu\/wp-content\/uploads\/2016\/03\/tornabemutat\u00f37-150x150.png\" class=\"attachment-thumbnail size-thumbnail\" alt=\"\" decoding=\"async\" loading=\"lazy\" aria-describedby=\"gallery-1-4938\" \/><\/a>\n\t\t\t<\/div>\n\t\t\t\t<figcaption class='wp-caption-text gallery-caption' id='gallery-1-4938'>\n\t\t\t\ttornabemutat\u00f3\n\t\t\t\t<\/figcaption><\/figure><figure class='gallery-item'>\n\t\t\t<div class='gallery-icon landscape'>\n\t\t\t\t<a href='https:\/\/www.hegykozisuli.hu\/?attachment_id=4939'><img width=\"150\" height=\"150\" src=\"https:\/\/www.hegykozisuli.hu\/wp-content\/uploads\/2016\/03\/tornabemutat\u00f38-150x150.png\" class=\"attachment-thumbnail size-thumbnail\" alt=\"\" decoding=\"async\" loading=\"lazy\" aria-describedby=\"gallery-1-4939\" \/><\/a>\n\t\t\t<\/div>\n\t\t\t\t<figcaption class='wp-caption-text gallery-caption' id='gallery-1-4939'>\n\t\t\t\ttornabemutat\u00f3\n\t\t\t\t<\/figcaption><\/figure><figure class='gallery-item'>\n\t\t\t<div class='gallery-icon landscape'>\n\t\t\t\t<a href='https:\/\/www.hegykozisuli.hu\/?attachment_id=4940'><img width=\"150\" height=\"150\" src=\"https:\/\/www.hegykozisuli.hu\/wp-content\/uploads\/2016\/03\/tornabemutat\u00f39-150x150.png\" class=\"attachment-thumbnail size-thumbnail\" alt=\"\" decoding=\"async\" loading=\"lazy\" aria-describedby=\"gallery-1-4940\" \/><\/a>\n\t\t\t<\/div>\n\t\t\t\t<figcaption class='wp-caption-text gallery-caption' id='gallery-1-4940'>\n\t\t\t\ttornabemutat\u00f3\n\t\t\t\t<\/figcaption><\/figure><figure class='gallery-item'>\n\t\t\t<div class='gallery-icon landscape'>\n\t\t\t\t<a href='https:\/\/www.hegykozisuli.hu\/?attachment_id=4941'><img width=\"150\" height=\"150\" src=\"https:\/\/www.hegykozisuli.hu\/wp-content\/uploads\/2016\/03\/\u00fcnneps\u00e9g1-150x150.png\" class=\"attachment-thumbnail size-thumbnail\" alt=\"\" decoding=\"async\" loading=\"lazy\" aria-describedby=\"gallery-1-4941\" \/><\/a>\n\t\t\t<\/div>\n\t\t\t\t<figcaption class='wp-caption-text gallery-caption' id='gallery-1-4941'>\n\t\t\t\t\u00fcnneps\u00e9g\n\t\t\t\t<\/figcaption><\/figure><figure class='gallery-item'>\n\t\t\t<div class='gallery-icon landscape'>\n\t\t\t\t<a href='https:\/\/www.hegykozisuli.hu\/?attachment_id=4942'><img width=\"150\" height=\"150\" src=\"https:\/\/www.hegykozisuli.hu\/wp-content\/uploads\/2016\/03\/\u00fcnneps\u00e9g21-150x150.png\" class=\"attachment-thumbnail size-thumbnail\" alt=\"\" decoding=\"async\" loading=\"lazy\" aria-describedby=\"gallery-1-4942\" \/><\/a>\n\t\t\t<\/div>\n\t\t\t\t<figcaption class='wp-caption-text gallery-caption' id='gallery-1-4942'>\n\t\t\t\t\u00fcnneps\u00e9g\n\t\t\t\t<\/figcaption><\/figure><figure class='gallery-item'>\n\t\t\t<div class='gallery-icon landscape'>\n\t\t\t\t<a href='https:\/\/www.hegykozisuli.hu\/?attachment_id=4943'><img width=\"150\" height=\"150\" src=\"https:\/\/www.hegykozisuli.hu\/wp-content\/uploads\/2016\/03\/\u00fcnneps\u00e9g31-150x150.png\" class=\"attachment-thumbnail size-thumbnail\" alt=\"\" decoding=\"async\" loading=\"lazy\" aria-describedby=\"gallery-1-4943\" \/><\/a>\n\t\t\t<\/div>\n\t\t\t\t<figcaption class='wp-caption-text gallery-caption' id='gallery-1-4943'>\n\t\t\t\t\u00fcnneps\u00e9g\n\t\t\t\t<\/figcaption><\/figure><figure class='gallery-item'>\n\t\t\t<div class='gallery-icon landscape'>\n\t\t\t\t<a href='https:\/\/www.hegykozisuli.hu\/?attachment_id=4944'><img width=\"150\" height=\"150\" src=\"https:\/\/www.hegykozisuli.hu\/wp-content\/uploads\/2016\/03\/\u00fcnneps\u00e9g41-150x150.png\" class=\"attachment-thumbnail size-thumbnail\" alt=\"\" decoding=\"async\" loading=\"lazy\" aria-describedby=\"gallery-1-4944\" \/><\/a>\n\t\t\t<\/div>\n\t\t\t\t<figcaption class='wp-caption-text gallery-caption' id='gallery-1-4944'>\n\t\t\t\t\u00fcnneps\u00e9g\n\t\t\t\t<\/figcaption><\/figure><figure class='gallery-item'>\n\t\t\t<div class='gallery-icon landscape'>\n\t\t\t\t<a href='https:\/\/www.hegykozisuli.hu\/?attachment_id=4945'><img width=\"150\" height=\"150\" src=\"https:\/\/www.hegykozisuli.hu\/wp-content\/uploads\/2016\/03\/\u00fcnneps\u00e9g51-150x150.png\" class=\"attachment-thumbnail size-thumbnail\" alt=\"\" decoding=\"async\" loading=\"lazy\" aria-describedby=\"gallery-1-4945\" \/><\/a>\n\t\t\t<\/div>\n\t\t\t\t<figcaption class='wp-caption-text gallery-caption' id='gallery-1-4945'>\n\t\t\t\t\u00fcnneps\u00e9g\n\t\t\t\t<\/figcaption><\/figure><figure class='gallery-item'>\n\t\t\t<div class='gallery-icon landscape'>\n\t\t\t\t<a href='https:\/\/www.hegykozisuli.hu\/?attachment_id=4946'><img width=\"150\" height=\"150\" src=\"https:\/\/www.hegykozisuli.hu\/wp-content\/uploads\/2016\/03\/\u00fcnneps\u00e9g61-150x150.png\" class=\"attachment-thumbnail size-thumbnail\" alt=\"\" decoding=\"async\" loading=\"lazy\" aria-describedby=\"gallery-1-4946\" \/><\/a>\n\t\t\t<\/div>\n\t\t\t\t<figcaption class='wp-caption-text gallery-caption' id='gallery-1-4946'>\n\t\t\t\t\u00fcnneps\u00e9g\n\t\t\t\t<\/figcaption><\/figure><figure class='gallery-item'>\n\t\t\t<div class='gallery-icon landscape'>\n\t\t\t\t<a href='https:\/\/www.hegykozisuli.hu\/?attachment_id=4947'><img width=\"150\" height=\"150\" src=\"https:\/\/www.hegykozisuli.hu\/wp-content\/uploads\/2016\/03\/tantest\u00fclet-150x150.png\" class=\"attachment-thumbnail size-thumbnail\" alt=\"\" decoding=\"async\" loading=\"lazy\" aria-describedby=\"gallery-1-4947\" \/><\/a>\n\t\t\t<\/div>\n\t\t\t\t<figcaption class='wp-caption-text gallery-caption' id='gallery-1-4947'>\n\t\t\t\t\u00fcnneps\u00e9g\n\t\t\t\t<\/figcaption><\/figure>\n\t\t<\/div>\n\n","protected":false},"excerpt":{"rendered":"","protected":false},"author":2,"featured_media":0,"parent":0,"menu_order":0,"comment_status":"closed","ping_status":"closed","template":"","meta":[],"_links":{"self":[{"href":"https:\/\/www.hegykozisuli.hu\/index.php?rest_route=\/wp\/v2\/pages\/4826"}],"collection":[{"href":"https:\/\/www.hegykozisuli.hu\/index.php?rest_route=\/wp\/v2\/pages"}],"about":[{"href":"https:\/\/www.hegykozisuli.hu\/index.php?rest_route=\/wp\/v2\/types\/page"}],"author":[{"embeddable":true,"href":"https:\/\/www.hegykozisuli.hu\/index.php?rest_route=\/wp\/v2\/users\/2"}],"replies":[{"embeddable":true,"href":"https:\/\/www.hegykozisuli.hu\/index.php?rest_route=%2Fwp%2Fv2%2Fcomments&post=4826"}],"version-history":[{"count":2,"href":"https:\/\/www.hegykozisuli.hu\/index.php?rest_route=\/wp\/v2\/pages\/4826\/revisions"}],"predecessor-version":[{"id":4948,"href":"https:\/\/www.hegykozisuli.hu\/index.php?rest_route=\/wp\/v2\/pages\/4826\/revisions\/4948"}],"wp:attachment":[{"href":"https:\/\/www.hegykozisuli.hu\/index.php?rest_route=%2Fwp%2Fv2%2Fmedia&parent=4826"}],"curies":[{"name":"wp","href":"https:\/\/api.w.org\/{rel}","templated":true}]}}