{"id":7524,"date":"2016-04-11T06:52:24","date_gmt":"2016-04-11T06:52:24","guid":{"rendered":"http:\/\/www.hegykozisuli.hu\/?page_id=7524"},"modified":"2016-05-17T16:38:28","modified_gmt":"2016-05-17T16:38:28","slug":"pedagogus-dicsero-oklevelek","status":"publish","type":"page","link":"https:\/\/www.hegykozisuli.hu\/?page_id=7524","title":{"rendered":"Pedag\u00f3gusnapi dics\u00e9r\u0151 oklevelek"},"content":{"rendered":"<p style=\"text-align: left;\"><strong>2015. j\u00fanius 05.<\/strong>:<\/p>\n<p style=\"text-align: left; padding-left: 60px;\">Sz\u00e9kelyn\u00e9 Fekete Jol\u00e1n<br \/>\nT\u00f3th Tiborn\u00e9<br \/>\nPorempovicsn\u00e9 Ill\u00e9s Emese<br \/>\nSzak\u00e1cs S\u00e1ndorn\u00e9<\/p>\n<p style=\"text-align: left;\"><strong>2014. j\u00fanius 06.<\/strong>\u00a0:<\/p>\n<p style=\"text-align: left; padding-left: 60px;\">S\u00e1pin\u00e9 Trembuly\u00e1k T\u00fcnde<br \/>\nMoln\u00e1r Istv\u00e1nn\u00e9<br \/>\nT\u00e1nn\u00e9 T\u00f3th Edit<br \/>\nLengyel Zsoltn\u00e9<br \/>\nLupt\u00e1k L\u00e1szl\u00f3n\u00e9<\/p>\n<p style=\"text-align: left;\"><strong>2013. j\u00fanius 07.<\/strong>:<\/p>\n<p style=\"text-align: left; padding-left: 60px;\">Balajti \u00c9va<br \/>\nOroszn\u00e9 K\u00e1llai Val\u00e9ria<br \/>\nT\u00f3th Andr\u00e1sn\u00e9 Holl\u00f3h\u00e1za<br \/>\nT\u00f3th Andr\u00e1sn\u00e9 P\u00e1lh\u00e1za<\/p>\n","protected":false},"excerpt":{"rendered":"<p>2015. j\u00fanius 05.: Sz\u00e9kelyn\u00e9 Fekete Jol\u00e1n T\u00f3th Tiborn\u00e9 Porempovicsn\u00e9 Ill\u00e9s Emese Szak\u00e1cs S\u00e1ndorn\u00e9 2014. j\u00fanius 06.\u00a0: S\u00e1pin\u00e9 Trembuly\u00e1k T\u00fcnde Moln\u00e1r<span class=\"exprt-dot\">&#8230;<\/span><\/p>\n","protected":false},"author":2,"featured_media":0,"parent":0,"menu_order":0,"comment_status":"closed","ping_status":"closed","template":"","meta":[],"_links":{"self":[{"href":"https:\/\/www.hegykozisuli.hu\/index.php?rest_route=\/wp\/v2\/pages\/7524"}],"collection":[{"href":"https:\/\/www.hegykozisuli.hu\/index.php?rest_route=\/wp\/v2\/pages"}],"about":[{"href":"https:\/\/www.hegykozisuli.hu\/index.php?rest_route=\/wp\/v2\/types\/page"}],"author":[{"embeddable":true,"href":"https:\/\/www.hegykozisuli.hu\/index.php?rest_route=\/wp\/v2\/users\/2"}],"replies":[{"embeddable":true,"href":"https:\/\/www.hegykozisuli.hu\/index.php?rest_route=%2Fwp%2Fv2%2Fcomments&post=7524"}],"version-history":[{"count":5,"href":"https:\/\/www.hegykozisuli.hu\/index.php?rest_route=\/wp\/v2\/pages\/7524\/revisions"}],"predecessor-version":[{"id":7889,"href":"https:\/\/www.hegykozisuli.hu\/index.php?rest_route=\/wp\/v2\/pages\/7524\/revisions\/7889"}],"wp:attachment":[{"href":"https:\/\/www.hegykozisuli.hu\/index.php?rest_route=%2Fwp%2Fv2%2Fmedia&parent=7524"}],"curies":[{"name":"wp","href":"https:\/\/api.w.org\/{rel}","templated":true}]}}