{"id":7650,"date":"2016-05-17T10:16:19","date_gmt":"2016-05-17T10:16:19","guid":{"rendered":"http:\/\/www.hegykozisuli.hu\/?page_id=7650"},"modified":"2019-05-08T06:06:34","modified_gmt":"2019-05-08T06:06:34","slug":"2011-hollohaza","status":"publish","type":"page","link":"https:\/\/www.hegykozisuli.hu\/?page_id=7650","title":{"rendered":"X. 2011.05.03. Holl\u00f3h\u00e1za"},"content":{"rendered":"<p><a href=\"https:\/\/www.hegykozisuli.hu\/wp-content\/uploads\/2016\/05\/SKM_C22719050711030-1.pdf\">X Holl\u00f3h\u00e1za megh\u00edv\u00f3<\/a><\/p>\n<div id='gallery-1' class='gallery galleryid-7650 gallery-columns-3 gallery-size-thumbnail'><figure class='gallery-item'>\n\t\t\t<div class='gallery-icon landscape'>\n\t\t\t\t<a href='https:\/\/www.hegykozisuli.hu\/?attachment_id=7707'><img width=\"150\" height=\"150\" src=\"https:\/\/www.hegykozisuli.hu\/wp-content\/uploads\/2016\/05\/2011-Holl\u00f3h\u00e1za-150x150.jpg\" class=\"attachment-thumbnail size-thumbnail\" alt=\"\" decoding=\"async\" loading=\"lazy\" \/><\/a>\n\t\t\t<\/div><\/figure>\n\t\t<\/div>\n\n","protected":false},"excerpt":{"rendered":"<p>X Holl\u00f3h\u00e1za megh\u00edv\u00f3<\/p>\n","protected":false},"author":2,"featured_media":0,"parent":0,"menu_order":0,"comment_status":"closed","ping_status":"closed","template":"","meta":[],"_links":{"self":[{"href":"https:\/\/www.hegykozisuli.hu\/index.php?rest_route=\/wp\/v2\/pages\/7650"}],"collection":[{"href":"https:\/\/www.hegykozisuli.hu\/index.php?rest_route=\/wp\/v2\/pages"}],"about":[{"href":"https:\/\/www.hegykozisuli.hu\/index.php?rest_route=\/wp\/v2\/types\/page"}],"author":[{"embeddable":true,"href":"https:\/\/www.hegykozisuli.hu\/index.php?rest_route=\/wp\/v2\/users\/2"}],"replies":[{"embeddable":true,"href":"https:\/\/www.hegykozisuli.hu\/index.php?rest_route=%2Fwp%2Fv2%2Fcomments&post=7650"}],"version-history":[{"count":4,"href":"https:\/\/www.hegykozisuli.hu\/index.php?rest_route=\/wp\/v2\/pages\/7650\/revisions"}],"predecessor-version":[{"id":10925,"href":"https:\/\/www.hegykozisuli.hu\/index.php?rest_route=\/wp\/v2\/pages\/7650\/revisions\/10925"}],"wp:attachment":[{"href":"https:\/\/www.hegykozisuli.hu\/index.php?rest_route=%2Fwp%2Fv2%2Fmedia&parent=7650"}],"curies":[{"name":"wp","href":"https:\/\/api.w.org\/{rel}","templated":true}]}}