{"id":867,"date":"2014-10-15T13:13:20","date_gmt":"2014-10-15T13:13:20","guid":{"rendered":"http:\/\/www.hegykozisuli.hu\/?page_id=867"},"modified":"2019-06-06T12:06:54","modified_gmt":"2019-06-06T12:06:54","slug":"20132014-2","status":"publish","type":"page","link":"https:\/\/www.hegykozisuli.hu\/?page_id=867","title":{"rendered":"2013\/2014"},"content":{"rendered":"<p style=\"text-align: center;\">8.<\/p>\n<p style=\"text-align: center;\"><a href=\"https:\/\/www.hegykozisuli.hu\/wp-content\/uploads\/2014\/10\/2014_8.jpg\"><img decoding=\"async\" loading=\"lazy\" class=\"aligncenter size-medium wp-image-1447\" src=\"https:\/\/www.hegykozisuli.hu\/wp-content\/uploads\/2014\/10\/2014_8-300x190.jpg\" alt=\"2014_8\" width=\"300\" height=\"190\" srcset=\"https:\/\/www.hegykozisuli.hu\/wp-content\/uploads\/2014\/10\/2014_8-300x190.jpg 300w, https:\/\/www.hegykozisuli.hu\/wp-content\/uploads\/2014\/10\/2014_8-1024x651.jpg 1024w, https:\/\/www.hegykozisuli.hu\/wp-content\/uploads\/2014\/10\/2014_8.jpg 1489w\" sizes=\"(max-width: 300px) 100vw, 300px\" \/><\/a><\/p>\n<p style=\"text-align: center;\">Igazgat\u00f3: Horv\u00e1th Zolt\u00e1n<\/p>\n<p style=\"text-align: center;\">Igazgat\u00f3 helyettes: S\u00e1pin\u00e9 Trembuly\u00e1k T\u00fcnde<\/p>\n<p style=\"text-align: center;\">Igazgat\u00f3 helyettes: Kov\u00e1cs Barnab\u00e1s<\/p>\n<p style=\"text-align: center;\">Oszt\u00e1lyf\u0151n\u00f6k: Angyal Piroska<\/p>\n<p style=\"text-align: center;\">\u00dcl\u0151 sor: Turcs\u00e1k Bianka Be\u00e1ta, Szab\u00f3 Franciska T\u00fcnde, Dand\u00e1s Katalin,<br \/>\nKov\u00e1cs Barnab\u00e1s, Bodn\u00e1rn\u00e9 Angyal Piroska, Horv\u00e1th Zolt\u00e1n,<br \/>\nCsizm\u00e1r Alexandra,\u00a0Nagy R\u00e9ka, Makula M\u00f3nika<\/p>\n<p style=\"text-align: center;\">\u00c1ll\u00f3 sor: H\u00f6rcsik P\u00e9ter, Susk\u00f3 Edmond, B\u00faza \u00c1bel, Szegedi Tam\u00e1s, Czili Martin, Kov\u00e1cs Martin,<br \/>\nSzuhi M\u00e1rk,\u00a0Reg\u0151s D\u00e1vid, Csendi Erzs\u00e9bet, Makula Krist\u00f3f, Begala Andr\u00e1s, Katona \u00c1kos,<br \/>\nRost\u00e1s Ferenc Ruben,\u00a0Ign\u00e1cz Szabolcs, Hadari D\u00e1niel, Dand\u00e1s Arnold,<br \/>\nR\u00e1cz Adri\u00e1n, Szem\u00e1n Karina<\/p>\n<p style=\"text-align: center;\">Holl\u00f3h\u00e1za<\/p>\n<p style=\"text-align: center;\">8. oszt\u00e1ly<\/p>\n<p style=\"text-align: center;\"><a href=\"https:\/\/www.hegykozisuli.hu\/wp-content\/uploads\/2014\/10\/K\u00e9p-006.jpg\"><img decoding=\"async\" loading=\"lazy\" class=\"aligncenter size-medium wp-image-2469\" src=\"https:\/\/www.hegykozisuli.hu\/wp-content\/uploads\/2014\/10\/K\u00e9p-006-300x225.jpg\" alt=\"K\u00e9p 006\" width=\"300\" height=\"225\" srcset=\"https:\/\/www.hegykozisuli.hu\/wp-content\/uploads\/2014\/10\/K\u00e9p-006-300x225.jpg 300w, https:\/\/www.hegykozisuli.hu\/wp-content\/uploads\/2014\/10\/K\u00e9p-006-1024x768.jpg 1024w\" sizes=\"(max-width: 300px) 100vw, 300px\" \/><\/a><\/p>\n<p><strong>Nevel\u0151test\u00fclet<\/strong><\/p>\n<p><strong>Int\u00e9zm\u00e9nyvezet\u0151:\u00a0<\/strong>Horv\u00e1th Zolt\u00e1n<\/p>\n<p><strong>Int\u00e9zm\u00e9nyvezet\u0151-helyettesek:\u00a0<\/strong>S\u00e1pin\u00e9 Trembuly\u00e1k T\u00fcnde, Kov\u00e1cs Barnab\u00e1s<\/p>\n<p><strong>Pedag\u00f3gusok P\u00e1lh\u00e1za:\u00a0<\/strong><\/p>\n<p>Porempovicsn\u00e9 Ill\u00e9s Emese (1.o.). Juh\u00e1sz Attil\u00e1n\u00e9,\u00a0 Lengyel Zsoltn\u00e9 (2.o.), Szem\u00e1n Jen\u0151n\u00e9, Horv\u00e1th Zolt\u00e1nn\u00e9 (3.o.), Dank\u00f3 Krisztina,\u00a0D\u00e1vid S\u00e1ndorn\u00e9 (4.o.), Sprencz Ang\u00e9la, Csergein\u00e9 Orosz Eszter (5.a), Havasin\u00e9 Ill\u00e9s Teod\u00f3ra (5.b), T\u00f3th Andr\u00e1sn\u00e9 (6.a) Lupt\u00e1k L\u00e1szl\u00f3n\u00e9 (6.b), Kasely\u00e1k Adrienn (7.a), Havrilla L\u00e1szl\u00f3n\u00e9 (7.b), Bodn\u00e1rn\u00e9 Angyal Piroska (8.o.), Bilku P\u00e9ter, D\u00e1vid S\u00e1ndor, Kov\u00e1cs J\u00f3zsefn\u00e9, Nyul\u00e1szi Zsuzsanna, Szak\u00e1cs S\u00e1ndorn\u00e9,\u00a0 S\u00fct\u0151n\u00e9 Szab\u00f3 Szilvia, T\u00f3th Andr\u00e1sn\u00e9, T\u00f3thbegyin\u00e9 H\u00f6rcsik Nikoletta<\/p>\n<p><strong>Pedag\u00f3gusok Holl\u00f3h\u00e1za:\u00a0<\/strong><\/p>\n<p>Horv\u00e1th Zolt\u00e1n, G\u00f6nczi Katalin, Laczk\u00f3 Izabella, M\u00fcller Attil\u00e1n\u00e9, Pilv\u00e1n G\u00e1born\u00e9, Sz\u00e9csi M\u00e1ty\u00e1sn\u00e9, \u00d3v\u00e1ri Tiborn\u00e9, Sz\u00e9kelyn\u00e9 Fekete Jol\u00e1n, T\u00e1nn\u00e9 T\u00f3th Edit, Tirp\u00e1k G\u00e1born\u00e9 Kormos Margit, Trembuly\u00e1k Zolt\u00e1n, T\u00f3th Andr\u00e1s, T\u00f3th Andr\u00e1sn\u00e9, T\u00f3th Tiborn\u00e9<\/p>\n<p><strong>Pedag\u00f3gusok F\u00fcz\u00e9rkoml\u00f3s:\u00a0<\/strong><\/p>\n<p>Tomk\u00f3n\u00e9 T\u00f3th \u00c1gnes, Magyarin\u00e9 Szoleczki Adrienn<\/p>\n<p><strong>Pedag\u00f3gusok Kov\u00e1csv\u00e1g\u00e1s:\u00a0<\/strong><\/p>\n<p>Balajti \u00c9va, Domokos Andrea, H\u00f6rcsik Zsuzsanna, R\u00e1czn\u00e9 Zsarnai M\u00e1ria<\/p>\n<p><strong>Pedag\u00f3gusok F\u00fcz\u00e9r:<\/strong><\/p>\n<p>Horv\u00e1th S\u00e1ndorn\u00e9, Oroszn\u00e9 K\u00e1llai Val\u00e9ria<\/p>\n<p><strong>Pedag\u00f3giai munk\u00e1t seg\u00edt\u0151k:<\/strong><\/p>\n<p>Kurtosn\u00e9 Bajtel L\u00edvia, Fejti Istv\u00e1nn\u00e9, Nov\u00e1kn\u00e9 Szombati Cintia<\/p>\n<p><strong>Technikai dolgoz\u00f3k:<\/strong><\/p>\n<p>Bodn\u00e1r J\u00e1nos, S\u00e9ra Barna, Mak\u00f3 Istv\u00e1nn\u00e9, Nov\u00e1k L\u00e1szl\u00f3n\u00e9, Schiszler G\u00e1born\u00e9, Zobokin\u00e9 T\u00f3th Zita<\/p>\n","protected":false},"excerpt":{"rendered":"<p>8. Igazgat\u00f3: Horv\u00e1th Zolt\u00e1n Igazgat\u00f3 helyettes: S\u00e1pin\u00e9 Trembuly\u00e1k T\u00fcnde Igazgat\u00f3 helyettes: Kov\u00e1cs Barnab\u00e1s Oszt\u00e1lyf\u0151n\u00f6k: Angyal Piroska \u00dcl\u0151 sor: Turcs\u00e1k Bianka<span class=\"exprt-dot\">&#8230;<\/span><\/p>\n","protected":false},"author":2,"featured_media":0,"parent":0,"menu_order":0,"comment_status":"closed","ping_status":"closed","template":"","meta":[],"_links":{"self":[{"href":"https:\/\/www.hegykozisuli.hu\/index.php?rest_route=\/wp\/v2\/pages\/867"}],"collection":[{"href":"https:\/\/www.hegykozisuli.hu\/index.php?rest_route=\/wp\/v2\/pages"}],"about":[{"href":"https:\/\/www.hegykozisuli.hu\/index.php?rest_route=\/wp\/v2\/types\/page"}],"author":[{"embeddable":true,"href":"https:\/\/www.hegykozisuli.hu\/index.php?rest_route=\/wp\/v2\/users\/2"}],"replies":[{"embeddable":true,"href":"https:\/\/www.hegykozisuli.hu\/index.php?rest_route=%2Fwp%2Fv2%2Fcomments&post=867"}],"version-history":[{"count":15,"href":"https:\/\/www.hegykozisuli.hu\/index.php?rest_route=\/wp\/v2\/pages\/867\/revisions"}],"predecessor-version":[{"id":11357,"href":"https:\/\/www.hegykozisuli.hu\/index.php?rest_route=\/wp\/v2\/pages\/867\/revisions\/11357"}],"wp:attachment":[{"href":"https:\/\/www.hegykozisuli.hu\/index.php?rest_route=%2Fwp%2Fv2%2Fmedia&parent=867"}],"curies":[{"name":"wp","href":"https:\/\/api.w.org\/{rel}","templated":true}]}}