{"id":869,"date":"2014-10-15T13:13:32","date_gmt":"2014-10-15T13:13:32","guid":{"rendered":"http:\/\/www.hegykozisuli.hu\/?page_id=869"},"modified":"2019-06-06T12:25:02","modified_gmt":"2019-06-06T12:25:02","slug":"20102011-3","status":"publish","type":"page","link":"https:\/\/www.hegykozisuli.hu\/?page_id=869","title":{"rendered":"2010\/2011"},"content":{"rendered":"<p style=\"text-align: center;\">8.a<\/p>\n<p style=\"text-align: center;\"><a href=\"https:\/\/www.hegykozisuli.hu\/wp-content\/uploads\/2014\/10\/2011_8a_j\u00f3.jpg\"><img decoding=\"async\" loading=\"lazy\" class=\"aligncenter size-medium wp-image-1519\" src=\"https:\/\/www.hegykozisuli.hu\/wp-content\/uploads\/2014\/10\/2011_8a_j\u00f3-300x225.jpg\" alt=\"2011_8a_j\u00f3\" width=\"300\" height=\"225\" srcset=\"https:\/\/www.hegykozisuli.hu\/wp-content\/uploads\/2014\/10\/2011_8a_j\u00f3-300x225.jpg 300w, https:\/\/www.hegykozisuli.hu\/wp-content\/uploads\/2014\/10\/2011_8a_j\u00f3-1024x768.jpg 1024w\" sizes=\"(max-width: 300px) 100vw, 300px\" \/><\/a><\/p>\n<p style=\"text-align: center;\">Igazgat\u00f3: Horv\u00e1th Zolt\u00e1n<\/p>\n<p style=\"text-align: center;\">Igazgat\u00f3 helyettes: S\u00e1pin\u00e9 Trembuly\u00e1k T\u00fcnde<\/p>\n<p style=\"text-align: center;\">Igazgat\u00f3 helyettes: Havasin\u00e9 Ill\u00e9s Teod\u00f3ra<\/p>\n<p style=\"text-align: center;\">Oszt\u00e1lyf\u0151n\u00f6k: Kasely\u00e1k Adrienn<\/p>\n<p style=\"text-align: center;\">H\u00e1ts\u00f3 sor: Dand\u00e1s P\u00e9ter, Cs\u00e1ki Istv\u00e1n, Makula J\u00f3zsef, Cz\u00f3k Judit, K\u00e1ln\u00e1si Nikoletta,<br \/>\nSzab\u00f3 Istv\u00e1n Bence, Balla Anita, Krist\u00f3f Szimonetta, Kurtos Dorottya, Kocsis Zolt\u00e1n, Galyas M\u00e1rk, Havasi Gy\u00f6rgy<\/p>\n<p style=\"text-align: center;\">Els\u0151 sor: Csendi Szimonetta, L\u0151rincz Cintia, Zsiga No\u00e9mi,<br \/>\nKasely\u00e1k Adrienn, Horv\u00e1th Zolt\u00e1n, Havasin\u00e9 Ill\u00e9s Teod\u00f3ra,<br \/>\nJuh\u00e1sz Klaudia, Szak\u00e1ly Lilla, F\u0171z\u00e9ri Veronika<\/p>\n<p style=\"text-align: center;\">8.b<\/p>\n<p style=\"text-align: center;\"><a href=\"https:\/\/www.hegykozisuli.hu\/wp-content\/uploads\/2014\/10\/2011_8b_j\u00f3.jpg\"><img decoding=\"async\" loading=\"lazy\" class=\"aligncenter size-medium wp-image-1521\" src=\"https:\/\/www.hegykozisuli.hu\/wp-content\/uploads\/2014\/10\/2011_8b_j\u00f3-300x211.jpg\" alt=\"2011_8b_j\u00f3\" width=\"300\" height=\"211\" srcset=\"https:\/\/www.hegykozisuli.hu\/wp-content\/uploads\/2014\/10\/2011_8b_j\u00f3-300x211.jpg 300w, https:\/\/www.hegykozisuli.hu\/wp-content\/uploads\/2014\/10\/2011_8b_j\u00f3-1024x720.jpg 1024w\" sizes=\"(max-width: 300px) 100vw, 300px\" \/><\/a><\/p>\n<p style=\"text-align: center;\">Igazgat\u00f3: Horv\u00e1th Zolt\u00e1n<\/p>\n<p style=\"text-align: center;\">Igazgat\u00f3 helyettes: S\u00e1pin\u00e9 Trembuly\u00e1k T\u00fcnde<\/p>\n<p style=\"text-align: center;\">Igazgat\u00f3 helyettes: Havasin\u00e9 Ill\u00e9s Teod\u00f3ra<\/p>\n<p style=\"text-align: center;\">Oszt\u00e1lyf\u0151n\u00f6k: Havrilla L\u00e1szl\u00f3n\u00e9<\/p>\n<p style=\"text-align: center;\">H\u00e1ts\u00f3 sor: Kov\u00e1cs Korn\u00e9l, H\u00e1tr\u00e1s Daniella, K\u00e1ln\u00e1si Fanni, Kopcsik Dominika, Bal\u00e1zs M\u00e1rk, Kis Bence,<br \/>\nPirn\u00e1k P\u00e9ter, Zsiga Arnold, S\u00fct\u0151 Vanessza Ivett, Pataki Fanni, Szem\u00e1n Melitta, Makula Szabolcs<\/p>\n<p style=\"text-align: center;\">Els\u0151 sor: Szem\u00e1n Szimonetta, \u00a0Dand\u00e1s Alexandra, Kov\u00e1cs Kitti,<br \/>\nHavrilla L\u00e1szl\u00f3n\u00e9, Horv\u00e1th Zolt\u00e1n, Havasin\u00e9 Ill\u00e9s Teod\u00f3ra,<br \/>\nGalyas Bernadett, Szuhi Barbara, Drengub\u00e1k Izabella<\/p>\n<p><strong>Nevel\u0151test\u00fclet<\/strong><\/p>\n<p><strong>Int\u00e9zm\u00e9nyvezet\u0151:\u00a0<\/strong>Horv\u00e1th Zolt\u00e1n<\/p>\n<p><strong>Int\u00e9zm\u00e9nyvezet\u0151-helyettesek:\u00a0<\/strong>S\u00e1pin\u00e9 Trembuly\u00e1k T\u00fcnde, Kov\u00e1cs Barnab\u00e1s<\/p>\n<p><strong>Pedag\u00f3gusok P\u00e1lh\u00e1za:\u00a0<\/strong><\/p>\n<p>D\u00e1vid S\u00e1ndorn\u00e9 (1.o.), Sprencz Ang\u00e9la,\u00a0Porempovicsn\u00e9 Ill\u00e9s Emese (2.o.). Juh\u00e1sz Attil\u00e1n\u00e9,\u00a0Lengyel Zsoltn\u00e9 (3.o.), Horv\u00e1th Zolt\u00e1nn\u00e9 (4.o.), Dank\u00f3 Krisztina,\u00a0 Szem\u00e1n Jen\u0151n\u00e9, Bodn\u00e1rn\u00e9 Angyal Piroska (5.o.),\u00a0Havasin\u00e9 Ill\u00e9s Teod\u00f3ra (6.a),Csergein\u00e9 Orosz Eszter (6.b), Bacs\u00f3n\u00e9 Luk\u00e1cs Katalin (7.a),\u00a0 T\u00f3th Andr\u00e1sn\u00e9 (7.b),\u00a0 Kasely\u00e1k Adrienn (8.a), Havrilla L\u00e1szl\u00f3n\u00e9 (8.b) Bilku P\u00e9ter, D\u00e1vid S\u00e1ndor,Kov\u00e1cs J\u00f3zsefn\u00e9, Nyul\u00e1szi Zsuzsanna, Szak\u00e1cs S\u00e1ndorn\u00e9,\u00a0 S\u00fct\u0151n\u00e9 Szab\u00f3 Szilvia, T\u00f3thbegyin\u00e9 H\u00f6rcsik Nikoletta<\/p>\n<p><strong>Pedag\u00f3gusok Holl\u00f3h\u00e1za:\u00a0<\/strong><\/p>\n<p>Horv\u00e1th Zolt\u00e1n, G\u00f6nczi Katalin, Laczk\u00f3 Izabella, M\u00fcller Attil\u00e1n\u00e9, Pilv\u00e1n G\u00e1born\u00e9, Sz\u00e9csi M\u00e1ty\u00e1sn\u00e9, \u00d3v\u00e1ri Tiborn\u00e9, Sz\u00e9kelyn\u00e9 Fekete Jol\u00e1n, T\u00e1nn\u00e9 T\u00f3th Edit, Tirp\u00e1k G\u00e1born\u00e9 Kormos Margit, Trembuly\u00e1k Zolt\u00e1n, T\u00f3th Andr\u00e1s, T\u00f3th Andr\u00e1sn\u00e9, T\u00f3th Tiborn\u00e9<\/p>\n<p><strong>Pedag\u00f3gusok F\u00fcz\u00e9rkoml\u00f3s:\u00a0<\/strong><\/p>\n<p>Tomk\u00f3n\u00e9 T\u00f3th \u00c1gnes, Magyarin\u00e9 Szoleczki Adrienn<\/p>\n<p><strong>Pedag\u00f3gusok Kov\u00e1csv\u00e1g\u00e1s:\u00a0<\/strong><\/p>\n<p>Balajti \u00c9va, Domokos Andrea, H\u00f6rcsik Zsuzsanna, R\u00e1czn\u00e9 Zsarnai M\u00e1ria<\/p>\n<p><strong>Pedag\u00f3gusok F\u00fcz\u00e9r:<\/strong><\/p>\n<p>Horv\u00e1th S\u00e1ndorn\u00e9, Oroszn\u00e9 K\u00e1llai Val\u00e9ria<\/p>\n<p><strong>Pedag\u00f3giai munk\u00e1t seg\u00edt\u0151k:<\/strong><\/p>\n<p>Kurtosn\u00e9 Bajtel L\u00edvia, Turai J\u00e1nosn\u00e9<\/p>\n<p><strong>Technikai dolgoz\u00f3k:<\/strong><\/p>\n<p>Bodn\u00e1r J\u00e1nos, S\u00e9ra Barna, Mak\u00f3 Istv\u00e1nn\u00e9, Nov\u00e1k L\u00e1szl\u00f3n\u00e9, Schiszler G\u00e1born\u00e9, Zobokin\u00e9 T\u00f3th Zita<\/p>\n","protected":false},"excerpt":{"rendered":"<p>8.a Igazgat\u00f3: Horv\u00e1th Zolt\u00e1n Igazgat\u00f3 helyettes: S\u00e1pin\u00e9 Trembuly\u00e1k T\u00fcnde Igazgat\u00f3 helyettes: Havasin\u00e9 Ill\u00e9s Teod\u00f3ra Oszt\u00e1lyf\u0151n\u00f6k: Kasely\u00e1k Adrienn H\u00e1ts\u00f3 sor: Dand\u00e1s<span class=\"exprt-dot\">&#8230;<\/span><\/p>\n","protected":false},"author":2,"featured_media":0,"parent":0,"menu_order":0,"comment_status":"closed","ping_status":"closed","template":"","meta":[],"_links":{"self":[{"href":"https:\/\/www.hegykozisuli.hu\/index.php?rest_route=\/wp\/v2\/pages\/869"}],"collection":[{"href":"https:\/\/www.hegykozisuli.hu\/index.php?rest_route=\/wp\/v2\/pages"}],"about":[{"href":"https:\/\/www.hegykozisuli.hu\/index.php?rest_route=\/wp\/v2\/types\/page"}],"author":[{"embeddable":true,"href":"https:\/\/www.hegykozisuli.hu\/index.php?rest_route=\/wp\/v2\/users\/2"}],"replies":[{"embeddable":true,"href":"https:\/\/www.hegykozisuli.hu\/index.php?rest_route=%2Fwp%2Fv2%2Fcomments&post=869"}],"version-history":[{"count":11,"href":"https:\/\/www.hegykozisuli.hu\/index.php?rest_route=\/wp\/v2\/pages\/869\/revisions"}],"predecessor-version":[{"id":11360,"href":"https:\/\/www.hegykozisuli.hu\/index.php?rest_route=\/wp\/v2\/pages\/869\/revisions\/11360"}],"wp:attachment":[{"href":"https:\/\/www.hegykozisuli.hu\/index.php?rest_route=%2Fwp%2Fv2%2Fmedia&parent=869"}],"curies":[{"name":"wp","href":"https:\/\/api.w.org\/{rel}","templated":true}]}}