{"id":895,"date":"2014-10-15T13:20:30","date_gmt":"2014-10-15T13:20:30","guid":{"rendered":"http:\/\/www.hegykozisuli.hu\/?page_id=895"},"modified":"2014-12-09T02:09:32","modified_gmt":"2014-12-09T02:09:32","slug":"20032004-2","status":"publish","type":"page","link":"https:\/\/www.hegykozisuli.hu\/?page_id=895","title":{"rendered":"2003\/2004"},"content":{"rendered":"<p style=\"text-align: center;\">8.a<\/p>\n<p style=\"text-align: center;\"><a href=\"https:\/\/www.hegykozisuli.hu\/wp-content\/uploads\/2014\/10\/2004_81.jpg\"><img decoding=\"async\" loading=\"lazy\" class=\"aligncenter size-medium wp-image-1323\" src=\"https:\/\/www.hegykozisuli.hu\/wp-content\/uploads\/2014\/10\/2004_81-300x225.jpg\" alt=\"2004_8(1)\" width=\"300\" height=\"225\" srcset=\"https:\/\/www.hegykozisuli.hu\/wp-content\/uploads\/2014\/10\/2004_81-300x225.jpg 300w, https:\/\/www.hegykozisuli.hu\/wp-content\/uploads\/2014\/10\/2004_81-1024x768.jpg 1024w, https:\/\/www.hegykozisuli.hu\/wp-content\/uploads\/2014\/10\/2004_81.jpg 1280w\" sizes=\"(max-width: 300px) 100vw, 300px\" \/><\/a><\/p>\n<p style=\"text-align: center;\">Igazgat\u00f3: Kocsis \u00c9va<\/p>\n<p style=\"text-align: center;\">\u00a0Igazgat\u00f3 helyettes: Horv\u00e1th Zolt\u00e1n<\/p>\n<p style=\"text-align: center;\">Oszt\u00e1lyf\u0151n\u00f6k: Bacs\u00f3n\u00e9 Luk\u00e1cs Katalin<\/p>\n<p style=\"text-align: center;\">\u00dcl\u0151 sor:\u00a0Ign\u00e1cz Mariann,\u00a0Bacs\u00f3 M\u00e1ria,\u00a0Ign\u00e1cz Zsolt,<br \/>\nKocsis \u00c9va, Horv\u00e1th Zolt\u00e1n, Bacs\u00f3n\u00e9 Luk\u00e1cs Katalin<br \/>\nRima B\u00e9la,\u00a0Balla M\u00f3nika,\u00a0R\u00e1cz Laura<\/p>\n<p style=\"text-align: center;\">K\u00f6z\u00e9ps\u0151 sor:\u00a0S\u00e9ra Zita,\u00a0Sut\u00e1k Di\u00e1na,\u00a0Rost\u00e1s Anett,\u00a0T\u00f3th Istv\u00e1n,\u00a0Varga Brigitta,<br \/>\nSzuetta Anik\u00f3,\u00a0Angyal Ren\u00e1ta,\u00a0Repka Tibor,\u00a0Azari Rich\u00e1rd<\/p>\n<p style=\"text-align: center;\">H\u00e1ts\u00f3 sor:\u00a0S\u00e1fr\u00e1nyos Gerg\u0151,\u00a0Homola Zolt\u00e1n, Dercz\u00f3 D\u00e1vid,\u00a0Horv\u00e1th Zolt\u00e1n,<br \/>\nNagy M\u00e1t\u00e9,\u00a0M\u00e9sz\u00e1ros M\u00e1rk,\u00a0Harda Krist\u00f3f,\u00a0Petercs\u00e1k Roland<\/p>\n<p style=\"text-align: center;\">\u00a0 \u00a0 <em>Galyas Enik\u0151<\/em><\/p>\n<p style=\"text-align: center;\">8.b<\/p>\n<p style=\"text-align: center;\"><a href=\"https:\/\/www.hegykozisuli.hu\/wp-content\/uploads\/2014\/10\/2004_82.jpg\"><img decoding=\"async\" loading=\"lazy\" class=\"aligncenter size-medium wp-image-1324\" src=\"https:\/\/www.hegykozisuli.hu\/wp-content\/uploads\/2014\/10\/2004_82-300x225.jpg\" alt=\"2004_8(2)\" width=\"300\" height=\"225\" srcset=\"https:\/\/www.hegykozisuli.hu\/wp-content\/uploads\/2014\/10\/2004_82-300x225.jpg 300w, https:\/\/www.hegykozisuli.hu\/wp-content\/uploads\/2014\/10\/2004_82-1024x768.jpg 1024w, https:\/\/www.hegykozisuli.hu\/wp-content\/uploads\/2014\/10\/2004_82.jpg 1280w\" sizes=\"(max-width: 300px) 100vw, 300px\" \/><\/a><\/p>\n<p style=\"text-align: center;\">Igazgat\u00f3: Kocsis \u00c9va<\/p>\n<p style=\"text-align: center;\">Igazgat\u00f3 helyettes: Horv\u00e1th Zolt\u00e1n<\/p>\n<p style=\"text-align: center;\">Oszt\u00e1lyf\u0151n\u00f6k: Orosz Eszter<\/p>\n<p style=\"text-align: center;\">\u00dcl\u0151 sor:\u00a0Dand\u00e1s Eszter, Szab\u00f3 Andrea,\u00a0Gergely Tamara,<br \/>\nKocsis \u00c9va,\u00a0Horv\u00e1th Zolt\u00e1n,\u00a0Orosz Eszter<br \/>\nCsizm\u00e1r T\u00edmea,\u00a0K\u00f3r\u00f3 Anita,\u00a0Zsiga Szandra<\/p>\n<p style=\"text-align: center;\">K\u00f6z\u00e9ps\u0151 sor:\u00a0T\u00f3th \u00c1d\u00e1m,\u00a0Parlag Edina,\u00a0Papp Bettina,\u00a0Sut\u00e1k \u00c1bel,<br \/>\nSzab\u00f3 Erika,\u00a0Dand\u00e1s T\u00edmea, Lupt\u00e1k Attila<\/p>\n<p style=\"text-align: center;\">H\u00e1ts\u00f3 sor:\u00a0Fejti Gerg\u0151,\u00a0Csizm\u00e1r Istv\u00e1n, Maros Szabolcs,\u00a0Maros Bal\u00e1zs<\/p>\n<p style=\"text-align: center;\"><em>Galyas Nikolett<\/em><\/p>\n<p style=\"text-align: center;\">\n","protected":false},"excerpt":{"rendered":"<p>8.a Igazgat\u00f3: Kocsis \u00c9va \u00a0Igazgat\u00f3 helyettes: Horv\u00e1th Zolt\u00e1n Oszt\u00e1lyf\u0151n\u00f6k: Bacs\u00f3n\u00e9 Luk\u00e1cs Katalin \u00dcl\u0151 sor:\u00a0Ign\u00e1cz Mariann,\u00a0Bacs\u00f3 M\u00e1ria,\u00a0Ign\u00e1cz Zsolt, Kocsis \u00c9va, Horv\u00e1th<span class=\"exprt-dot\">&#8230;<\/span><\/p>\n","protected":false},"author":2,"featured_media":0,"parent":0,"menu_order":0,"comment_status":"closed","ping_status":"closed","template":"","meta":[],"_links":{"self":[{"href":"https:\/\/www.hegykozisuli.hu\/index.php?rest_route=\/wp\/v2\/pages\/895"}],"collection":[{"href":"https:\/\/www.hegykozisuli.hu\/index.php?rest_route=\/wp\/v2\/pages"}],"about":[{"href":"https:\/\/www.hegykozisuli.hu\/index.php?rest_route=\/wp\/v2\/types\/page"}],"author":[{"embeddable":true,"href":"https:\/\/www.hegykozisuli.hu\/index.php?rest_route=\/wp\/v2\/users\/2"}],"replies":[{"embeddable":true,"href":"https:\/\/www.hegykozisuli.hu\/index.php?rest_route=%2Fwp%2Fv2%2Fcomments&post=895"}],"version-history":[{"count":17,"href":"https:\/\/www.hegykozisuli.hu\/index.php?rest_route=\/wp\/v2\/pages\/895\/revisions"}],"predecessor-version":[{"id":1896,"href":"https:\/\/www.hegykozisuli.hu\/index.php?rest_route=\/wp\/v2\/pages\/895\/revisions\/1896"}],"wp:attachment":[{"href":"https:\/\/www.hegykozisuli.hu\/index.php?rest_route=%2Fwp%2Fv2%2Fmedia&parent=895"}],"curies":[{"name":"wp","href":"https:\/\/api.w.org\/{rel}","templated":true}]}}