{"id":994,"date":"2014-10-22T02:16:37","date_gmt":"2014-10-22T02:16:37","guid":{"rendered":"http:\/\/www.hegykozisuli.hu\/?page_id=994"},"modified":"2014-10-28T08:01:27","modified_gmt":"2014-10-28T08:01:27","slug":"19751976-2","status":"publish","type":"page","link":"https:\/\/www.hegykozisuli.hu\/?page_id=994","title":{"rendered":"1975\/1976"},"content":{"rendered":"<p style=\"text-align: center;\">8. a<\/p>\n<p style=\"text-align: center;\"><a href=\"https:\/\/www.hegykozisuli.hu\/wp-content\/uploads\/2014\/10\/1976_8a.jpg\"><img decoding=\"async\" loading=\"lazy\" class=\"aligncenter size-medium wp-image-1086\" src=\"https:\/\/www.hegykozisuli.hu\/wp-content\/uploads\/2014\/10\/1976_8a-300x159.jpg\" alt=\"1976_8a\" width=\"300\" height=\"159\" srcset=\"https:\/\/www.hegykozisuli.hu\/wp-content\/uploads\/2014\/10\/1976_8a-300x159.jpg 300w, https:\/\/www.hegykozisuli.hu\/wp-content\/uploads\/2014\/10\/1976_8a.jpg 1024w\" sizes=\"(max-width: 300px) 100vw, 300px\" \/><\/a><\/p>\n<p style=\"text-align: center;\">Igazgat\u00f3: Ig\u00f3 B\u00e9la<\/p>\n<p style=\"text-align: center;\">Oszt\u00e1lyf\u0151n\u00f6k: Koncs\u00e1r S\u00e1ndor<\/p>\n<p style=\"text-align: center;\">Baba M\u00e1ty\u00e1s, Balla Ildik\u00f3, De\u00e1k Istv\u00e1n, Gazsi Anna, G\u00e9czi Mikl\u00f3s, Hidv\u00e9gi \u00c1gnes,<br \/>\nH\u00f6rcsik Andr\u00e1s, H\u00f6rcsik Barnab\u00e1s, H\u00f6rcsik Kl\u00e1ra, Jurk\u00f3 L\u00e1szl\u00f3, K\u00e1llai Erzs\u00e9bet,<br \/>\nTajti P\u00e9ter, K\u00f3r\u00f3 Julianna,K\u00f3r\u00f3 L\u00e1szl\u00f3, Kretovics \u00c9va, L\u0151rincz Istv\u00e1n, Mizs\u00e1k J\u00f3zsef,<br \/>\nTar\u00f3di M\u00e1ria, Papp L\u00e1szl\u00f3, Petercs\u00e1k M\u00e1ria, R\u00e9day Zsolt,<br \/>\nRost\u00e1s Gy\u00f6ngyi, Somossy Istv\u00e1n, Szab\u00f3 K\u00e1roly<\/p>\n<p style=\"text-align: center;\">8. b<\/p>\n<p style=\"text-align: center;\">k\u00e9p???<\/p>\n<p style=\"text-align: center;\">Igazgat\u00f3: Ig\u00f3 B\u00e9la<\/p>\n<p style=\"text-align: center;\">Oszt\u00e1lyf\u0151n\u00f6k: Koncs\u00e1r S\u00e1ndorn\u00e9<\/p>\n<p style=\"text-align: center;\">Ajzner M\u00e1rta, Bacs\u00f3 S\u00e1ndor, Brun\u00e1nczki Gy\u00f6rgy, Emri Bertalan, F\u00e1brik Gyula,<br \/>\nHmely\u00f3vszki Istv\u00e1n, Fazekas Andr\u00e1s, Ign\u00e1cz Katalin, Ign\u00e1cz Magdolna, Ign\u00e1cz M\u00e1ria,<br \/>\nKov\u00e1cs Katalin, Magyari M\u00e1ria, Makula M\u00e1ria, Melicher M\u00e1ria, Mizs\u00e1k L\u00e1szl\u00f3, Ol\u00e1h J\u00f3zsef,<br \/>\nOlexa J\u00e1nos, Orosz Istv\u00e1n, S\u00e1ndor Zolt\u00e1n, Szegedi J\u00e1nos, Tomk\u00f3 M\u00e1ria, T\u00f3th B\u00e9la, T\u00f3th Mikl\u00f3s,<br \/>\nT\u00fari M\u00e1ria, Vengl\u00e1rcsik Margit, Ver\u00e9b Ter\u00e9z, Zsarnai M\u00e1ria<\/p>\n","protected":false},"excerpt":{"rendered":"<p>8. a Igazgat\u00f3: Ig\u00f3 B\u00e9la Oszt\u00e1lyf\u0151n\u00f6k: Koncs\u00e1r S\u00e1ndor Baba M\u00e1ty\u00e1s, Balla Ildik\u00f3, De\u00e1k Istv\u00e1n, Gazsi Anna, G\u00e9czi Mikl\u00f3s, Hidv\u00e9gi \u00c1gnes,<span class=\"exprt-dot\">&#8230;<\/span><\/p>\n","protected":false},"author":2,"featured_media":0,"parent":0,"menu_order":0,"comment_status":"closed","ping_status":"closed","template":"","meta":[],"_links":{"self":[{"href":"https:\/\/www.hegykozisuli.hu\/index.php?rest_route=\/wp\/v2\/pages\/994"}],"collection":[{"href":"https:\/\/www.hegykozisuli.hu\/index.php?rest_route=\/wp\/v2\/pages"}],"about":[{"href":"https:\/\/www.hegykozisuli.hu\/index.php?rest_route=\/wp\/v2\/types\/page"}],"author":[{"embeddable":true,"href":"https:\/\/www.hegykozisuli.hu\/index.php?rest_route=\/wp\/v2\/users\/2"}],"replies":[{"embeddable":true,"href":"https:\/\/www.hegykozisuli.hu\/index.php?rest_route=%2Fwp%2Fv2%2Fcomments&post=994"}],"version-history":[{"count":10,"href":"https:\/\/www.hegykozisuli.hu\/index.php?rest_route=\/wp\/v2\/pages\/994\/revisions"}],"predecessor-version":[{"id":1399,"href":"https:\/\/www.hegykozisuli.hu\/index.php?rest_route=\/wp\/v2\/pages\/994\/revisions\/1399"}],"wp:attachment":[{"href":"https:\/\/www.hegykozisuli.hu\/index.php?rest_route=%2Fwp%2Fv2%2Fmedia&parent=994"}],"curies":[{"name":"wp","href":"https:\/\/api.w.org\/{rel}","templated":true}]}}