{"id":998,"date":"2014-10-22T02:17:07","date_gmt":"2014-10-22T02:17:07","guid":{"rendered":"http:\/\/www.hegykozisuli.hu\/?page_id=998"},"modified":"2014-10-27T12:06:53","modified_gmt":"2014-10-27T12:06:53","slug":"19771978-2","status":"publish","type":"page","link":"https:\/\/www.hegykozisuli.hu\/?page_id=998","title":{"rendered":"1977\/1978"},"content":{"rendered":"<p style=\"text-align: center;\">8. a<\/p>\n<p style=\"text-align: center;\"><a href=\"https:\/\/www.hegykozisuli.hu\/wp-content\/uploads\/2014\/10\/1978_8a.jpg\"><img decoding=\"async\" loading=\"lazy\" class=\"aligncenter size-medium wp-image-1092\" src=\"https:\/\/www.hegykozisuli.hu\/wp-content\/uploads\/2014\/10\/1978_8a-300x187.jpg\" alt=\"1978_8a\" width=\"300\" height=\"187\" srcset=\"https:\/\/www.hegykozisuli.hu\/wp-content\/uploads\/2014\/10\/1978_8a-300x187.jpg 300w, https:\/\/www.hegykozisuli.hu\/wp-content\/uploads\/2014\/10\/1978_8a.jpg 1024w\" sizes=\"(max-width: 300px) 100vw, 300px\" \/><\/a><\/p>\n<p style=\"text-align: center;\">Igazgat\u00f3: Ig\u00f3 B\u00e9la<\/p>\n<p style=\"text-align: center;\">Oszt\u00e1lyf\u0151n\u00f6k: Ig\u00f3 B\u00e9l\u00e1n\u00e9<\/p>\n<p style=\"text-align: center;\">Bodn\u00e1r Mikl\u00f3s, Budai Attila, Esp\u00e1n M\u00e1ria, Gervai Borb\u00e1la, G\u00e9czi Etelka, Horv\u00e1th Zsuzsanna,<br \/>\nH\u00f6rcsik Istv\u00e1n, Ign\u00e1cz Magdolna, Ill\u00e9s Emese, J\u00f3zsa M\u00e1ria, K\u00e1llai Katalin, Kov\u00e1cs Ilona,<br \/>\nLipcsei Am\u00e1lia, Makula Erzs\u00e9bet, Olexa Magdolna, Porempovics Katalin, Repka M\u00e1ria,<br \/>\nRoh\u00e1ly M\u00e1ria, Szab\u00f3 B\u00e9la, Szem\u00e1n S\u00e1ndor, Sztojalovszki Katalin, Szuetta J\u00f3zsef,<br \/>\nVengl\u00e1rcsik M\u00e1ria, Zsarnai L\u00e1szl\u00f3<\/p>\n<p style=\"text-align: center;\">8. b<\/p>\n<p style=\"text-align: center;\"><a href=\"https:\/\/www.hegykozisuli.hu\/wp-content\/uploads\/2014\/10\/1978_8b.jpg\"><img decoding=\"async\" loading=\"lazy\" class=\"aligncenter size-medium wp-image-1093\" src=\"https:\/\/www.hegykozisuli.hu\/wp-content\/uploads\/2014\/10\/1978_8b-300x195.jpg\" alt=\"1978_8b\" width=\"300\" height=\"195\" srcset=\"https:\/\/www.hegykozisuli.hu\/wp-content\/uploads\/2014\/10\/1978_8b-300x195.jpg 300w, https:\/\/www.hegykozisuli.hu\/wp-content\/uploads\/2014\/10\/1978_8b.jpg 1024w\" sizes=\"(max-width: 300px) 100vw, 300px\" \/><\/a><\/p>\n<p style=\"text-align: center;\">Igazgat\u00f3: Ig\u00f3 B\u00e9la<\/p>\n<p style=\"text-align: center;\">Oszt\u00e1lyf\u0151n\u00f6k: \u00a0Szalontai Mikl\u00f3sn\u00e9<\/p>\n<p style=\"text-align: center;\">Behina Margit, Csizmadia L\u00e1szl\u00f3, Csizm\u00e1r Istv\u00e1n, Dancs Ilona, Danyi Csaba, D\u00f3kus Ilona,<br \/>\nDrengub\u00e1k Csaba, Emri B\u00e9la, Esp\u00e1n G\u00e1bor, Homola B\u00e9la, H\u00f6rcsik J\u00f3zsef,<br \/>\nHmelyovszki \u00c9va, Juh\u00e1sz \u00c9va, Kajati Sarolta, Kolesz\u00e1r Julianna, Kov\u00e1cs J\u00f3zsef,<br \/>\nKov\u00e1cs Magdolna, Luk\u00e1cs L\u00e1szl\u00f3, Nagy Erika, Pand\u00e1k Tibor, Pataki Zsuzsanna,<br \/>\nTerj\u00e9k Istv\u00e1n, Tuza J\u00e1nos, Vengl\u00e1rcsik Attila, Ver\u00e9b Gy\u00f6rgy<\/p>\n","protected":false},"excerpt":{"rendered":"<p>8. a Igazgat\u00f3: Ig\u00f3 B\u00e9la Oszt\u00e1lyf\u0151n\u00f6k: Ig\u00f3 B\u00e9l\u00e1n\u00e9 Bodn\u00e1r Mikl\u00f3s, Budai Attila, Esp\u00e1n M\u00e1ria, Gervai Borb\u00e1la, G\u00e9czi Etelka, Horv\u00e1th Zsuzsanna,<span class=\"exprt-dot\">&#8230;<\/span><\/p>\n","protected":false},"author":2,"featured_media":0,"parent":0,"menu_order":0,"comment_status":"closed","ping_status":"closed","template":"","meta":[],"_links":{"self":[{"href":"https:\/\/www.hegykozisuli.hu\/index.php?rest_route=\/wp\/v2\/pages\/998"}],"collection":[{"href":"https:\/\/www.hegykozisuli.hu\/index.php?rest_route=\/wp\/v2\/pages"}],"about":[{"href":"https:\/\/www.hegykozisuli.hu\/index.php?rest_route=\/wp\/v2\/types\/page"}],"author":[{"embeddable":true,"href":"https:\/\/www.hegykozisuli.hu\/index.php?rest_route=\/wp\/v2\/users\/2"}],"replies":[{"embeddable":true,"href":"https:\/\/www.hegykozisuli.hu\/index.php?rest_route=%2Fwp%2Fv2%2Fcomments&post=998"}],"version-history":[{"count":11,"href":"https:\/\/www.hegykozisuli.hu\/index.php?rest_route=\/wp\/v2\/pages\/998\/revisions"}],"predecessor-version":[{"id":1394,"href":"https:\/\/www.hegykozisuli.hu\/index.php?rest_route=\/wp\/v2\/pages\/998\/revisions\/1394"}],"wp:attachment":[{"href":"https:\/\/www.hegykozisuli.hu\/index.php?rest_route=%2Fwp%2Fv2%2Fmedia&parent=998"}],"curies":[{"name":"wp","href":"https:\/\/api.w.org\/{rel}","templated":true}]}}