{"id":9999,"date":"2017-11-21T12:06:18","date_gmt":"2017-11-21T12:06:18","guid":{"rendered":"http:\/\/www.hegykozisuli.hu\/?page_id=9999"},"modified":"2019-10-15T07:39:05","modified_gmt":"2019-10-15T07:39:05","slug":"kovacsvagas","status":"publish","type":"page","link":"https:\/\/www.hegykozisuli.hu\/?page_id=9999","title":{"rendered":"KOV\u00c1CSV\u00c1G\u00c1S E-NAPL\u00d3"},"content":{"rendered":"<p><a href=\"https:\/\/klik201244006.e-kreta.hu\/Adminisztracio\/Login\">E-napl\u00f3<\/a><\/p>\n<p>&nbsp;<\/p>\n","protected":false},"excerpt":{"rendered":"<p>E-napl\u00f3 &nbsp;<\/p>\n","protected":false},"author":2,"featured_media":0,"parent":0,"menu_order":0,"comment_status":"closed","ping_status":"closed","template":"","meta":[],"_links":{"self":[{"href":"https:\/\/www.hegykozisuli.hu\/index.php?rest_route=\/wp\/v2\/pages\/9999"}],"collection":[{"href":"https:\/\/www.hegykozisuli.hu\/index.php?rest_route=\/wp\/v2\/pages"}],"about":[{"href":"https:\/\/www.hegykozisuli.hu\/index.php?rest_route=\/wp\/v2\/types\/page"}],"author":[{"embeddable":true,"href":"https:\/\/www.hegykozisuli.hu\/index.php?rest_route=\/wp\/v2\/users\/2"}],"replies":[{"embeddable":true,"href":"https:\/\/www.hegykozisuli.hu\/index.php?rest_route=%2Fwp%2Fv2%2Fcomments&post=9999"}],"version-history":[{"count":3,"href":"https:\/\/www.hegykozisuli.hu\/index.php?rest_route=\/wp\/v2\/pages\/9999\/revisions"}],"predecessor-version":[{"id":11654,"href":"https:\/\/www.hegykozisuli.hu\/index.php?rest_route=\/wp\/v2\/pages\/9999\/revisions\/11654"}],"wp:attachment":[{"href":"https:\/\/www.hegykozisuli.hu\/index.php?rest_route=%2Fwp%2Fv2%2Fmedia&parent=9999"}],"curies":[{"name":"wp","href":"https:\/\/api.w.org\/{rel}","templated":true}]}}